{"id":7168,"date":"2024-02-15T19:11:54","date_gmt":"2024-02-15T19:11:54","guid":{"rendered":"https:\/\/www.babyloniababycarriers.eu\/product\/tricot-slen-organic-tropical-petrol-one-size\/"},"modified":"2025-08-07T19:05:46","modified_gmt":"2025-08-07T17:05:46","slug":"tricot-slen-organic-tropical-petrol-one-size","status":"publish","type":"product","link":"https:\/\/www.babyloniababycarriers.eu\/fr\/product\/tricot-slen-organic-tropical-petrol-one-size\/","title":{"rendered":"Tricot-Slen Organic &#8211; Tropical petrol &#8211; Taille unique"},"content":{"rendered":"<p>Notre premier harnais, 25 ans de service et toujours le meilleur harnais \u00e9lastique !<\/p>\n<p> M\u00e9thode de tricotage unique qui donne juste assez d&rsquo;\u00e9lasticit\u00e9 au harnais pour faciliter l&rsquo;enfilage, tout en offrant un excellent soutien et en emp\u00eachant les rebonds. <\/p>\n","protected":false},"excerpt":{"rendered":"<p>Notre premier harnais, 25 ans de service et toujours le meilleur harnais \u00e9lastique !<\/p>\n<p> M\u00e9thode de tricotage unique qui donne juste assez d&rsquo;\u00e9lasticit\u00e9 au harnais pour faciliter l&rsquo;enfilage, tout en offrant un excellent soutien et en emp\u00eachant les rebonds. <\/p>\n","protected":false},"featured_media":4368,"comment_status":"open","ping_status":"closed","template":"","meta":[],"product_brand":[],"product_cat":[114],"product_tag":[],"class_list":{"0":"post-7168","1":"product","2":"type-product","3":"status-publish","4":"has-post-thumbnail","6":"product_cat-soldes","8":"first","9":"outofstock","10":"sale","11":"taxable","12":"shipping-taxable","13":"purchasable","14":"product-type-simple"},"jetpack_sharing_enabled":true,"_links":{"self":[{"href":"https:\/\/www.babyloniababycarriers.eu\/fr\/wp-json\/wp\/v2\/product\/7168","targetHints":{"allow":["GET"]}}],"collection":[{"href":"https:\/\/www.babyloniababycarriers.eu\/fr\/wp-json\/wp\/v2\/product"}],"about":[{"href":"https:\/\/www.babyloniababycarriers.eu\/fr\/wp-json\/wp\/v2\/types\/product"}],"replies":[{"embeddable":true,"href":"https:\/\/www.babyloniababycarriers.eu\/fr\/wp-json\/wp\/v2\/comments?post=7168"}],"version-history":[{"count":1,"href":"https:\/\/www.babyloniababycarriers.eu\/fr\/wp-json\/wp\/v2\/product\/7168\/revisions"}],"predecessor-version":[{"id":9037,"href":"https:\/\/www.babyloniababycarriers.eu\/fr\/wp-json\/wp\/v2\/product\/7168\/revisions\/9037"}],"wp:featuredmedia":[{"embeddable":true,"href":"https:\/\/www.babyloniababycarriers.eu\/fr\/wp-json\/wp\/v2\/media\/4368"}],"wp:attachment":[{"href":"https:\/\/www.babyloniababycarriers.eu\/fr\/wp-json\/wp\/v2\/media?parent=7168"}],"wp:term":[{"taxonomy":"product_brand","embeddable":true,"href":"https:\/\/www.babyloniababycarriers.eu\/fr\/wp-json\/wp\/v2\/product_brand?post=7168"},{"taxonomy":"product_cat","embeddable":true,"href":"https:\/\/www.babyloniababycarriers.eu\/fr\/wp-json\/wp\/v2\/product_cat?post=7168"},{"taxonomy":"product_tag","embeddable":true,"href":"https:\/\/www.babyloniababycarriers.eu\/fr\/wp-json\/wp\/v2\/product_tag?post=7168"}],"curies":[{"name":"wp","href":"https:\/\/api.w.org\/{rel}","templated":true}]}}