{"id":7105,"date":"2024-02-15T19:11:56","date_gmt":"2024-02-15T19:11:56","guid":{"rendered":"https:\/\/www.babyloniababycarriers.eu\/product\/tricot-slen-bamboo-pecan-brown-one-size\/"},"modified":"2026-04-17T18:17:48","modified_gmt":"2026-04-17T16:17:48","slug":"tricot-slen-bamboo-pecan-brown-one-size","status":"publish","type":"product","link":"https:\/\/www.babyloniababycarriers.eu\/fr\/product\/tricot-slen-bamboo-pecan-brown-one-size\/","title":{"rendered":"Bambou tricot\u00e9 &#8211; Marron p\u00e9can &#8211; Taille unique"},"content":{"rendered":"<p>Le bambou conf\u00e8re au Tricot-Slen ses propri\u00e9t\u00e9s uniques : extra-doux, respirant, hypoallerg\u00e9nique, antibact\u00e9rien et dot\u00e9 d&rsquo;un filtre UV naturel, pour une \u00e9charpe pleine de bienfaits naturels.<\/p>\n","protected":false},"excerpt":{"rendered":"<p>Le bambou conf\u00e8re au Tricot-Slen ses propri\u00e9t\u00e9s uniques : extra-doux, respirant, hypoallerg\u00e9nique, antibact\u00e9rien et dot\u00e9 d&rsquo;un filtre UV naturel, pour une \u00e9charpe pleine de bienfaits naturels.<\/p>\n","protected":false},"featured_media":6628,"comment_status":"open","ping_status":"closed","template":"","meta":[],"product_brand":[],"product_cat":[96],"product_tag":[],"class_list":{"0":"post-7105","1":"product","2":"type-product","3":"status-publish","4":"has-post-thumbnail","6":"product_cat-echarpe-de-portage-extensible","8":"first","9":"instock","10":"taxable","11":"shipping-taxable","12":"purchasable","13":"product-type-simple"},"jetpack_sharing_enabled":true,"_links":{"self":[{"href":"https:\/\/www.babyloniababycarriers.eu\/fr\/wp-json\/wp\/v2\/product\/7105","targetHints":{"allow":["GET"]}}],"collection":[{"href":"https:\/\/www.babyloniababycarriers.eu\/fr\/wp-json\/wp\/v2\/product"}],"about":[{"href":"https:\/\/www.babyloniababycarriers.eu\/fr\/wp-json\/wp\/v2\/types\/product"}],"replies":[{"embeddable":true,"href":"https:\/\/www.babyloniababycarriers.eu\/fr\/wp-json\/wp\/v2\/comments?post=7105"}],"version-history":[{"count":1,"href":"https:\/\/www.babyloniababycarriers.eu\/fr\/wp-json\/wp\/v2\/product\/7105\/revisions"}],"predecessor-version":[{"id":8891,"href":"https:\/\/www.babyloniababycarriers.eu\/fr\/wp-json\/wp\/v2\/product\/7105\/revisions\/8891"}],"wp:featuredmedia":[{"embeddable":true,"href":"https:\/\/www.babyloniababycarriers.eu\/fr\/wp-json\/wp\/v2\/media\/6628"}],"wp:attachment":[{"href":"https:\/\/www.babyloniababycarriers.eu\/fr\/wp-json\/wp\/v2\/media?parent=7105"}],"wp:term":[{"taxonomy":"product_brand","embeddable":true,"href":"https:\/\/www.babyloniababycarriers.eu\/fr\/wp-json\/wp\/v2\/product_brand?post=7105"},{"taxonomy":"product_cat","embeddable":true,"href":"https:\/\/www.babyloniababycarriers.eu\/fr\/wp-json\/wp\/v2\/product_cat?post=7105"},{"taxonomy":"product_tag","embeddable":true,"href":"https:\/\/www.babyloniababycarriers.eu\/fr\/wp-json\/wp\/v2\/product_tag?post=7105"}],"curies":[{"name":"wp","href":"https:\/\/api.w.org\/{rel}","templated":true}]}}