{"id":7060,"date":"2024-02-15T19:11:58","date_gmt":"2024-02-15T19:11:58","guid":{"rendered":"https:\/\/www.babyloniababycarriers.eu\/product\/tricot-slen-cool-moon-mist-grey-one-size\/"},"modified":"2024-11-19T10:27:57","modified_gmt":"2024-11-19T09:27:57","slug":"tricot-slen-cool-moon-mist-grey-one-size","status":"publish","type":"product","link":"https:\/\/www.babyloniababycarriers.eu\/fr\/product\/tricot-slen-cool-moon-mist-grey-one-size\/","title":{"rendered":"Tricot-Slen Cool &#8211; Gris brume de lune &#8211; Taille unique"},"content":{"rendered":"<p>Stretch super l\u00e9ger, \u00e9vacuant l&rsquo;humidit\u00e9 et respirant, fabriqu\u00e9 \u00e0 partir de 100 % de fils Newlife\u2122, une fibre unique et certifi\u00e9e. Ne p\u00e8se presque rien, a la m\u00eame capacit\u00e9 de charge qu&rsquo;un tiss\u00e9, mais la souplesse d&rsquo;un extensible ! <\/p>\n","protected":false},"excerpt":{"rendered":"<p>Stretch super l\u00e9ger, \u00e9vacuant l&rsquo;humidit\u00e9 et respirant, fabriqu\u00e9 \u00e0 partir de 100 % de fils Newlife\u2122, une fibre unique et certifi\u00e9e. Ne p\u00e8se presque rien, a la m\u00eame capacit\u00e9 de charge qu&rsquo;un tiss\u00e9, mais la souplesse d&rsquo;un extensible ! <\/p>\n","protected":false},"featured_media":4503,"comment_status":"open","ping_status":"closed","template":"","meta":[],"product_brand":[],"product_cat":[96],"product_tag":[],"class_list":{"0":"post-7060","1":"product","2":"type-product","3":"status-publish","4":"has-post-thumbnail","6":"product_cat-echarpe-de-portage-extensible","8":"first","9":"instock","10":"taxable","11":"shipping-taxable","12":"purchasable","13":"product-type-simple"},"jetpack_sharing_enabled":true,"_links":{"self":[{"href":"https:\/\/www.babyloniababycarriers.eu\/fr\/wp-json\/wp\/v2\/product\/7060","targetHints":{"allow":["GET"]}}],"collection":[{"href":"https:\/\/www.babyloniababycarriers.eu\/fr\/wp-json\/wp\/v2\/product"}],"about":[{"href":"https:\/\/www.babyloniababycarriers.eu\/fr\/wp-json\/wp\/v2\/types\/product"}],"replies":[{"embeddable":true,"href":"https:\/\/www.babyloniababycarriers.eu\/fr\/wp-json\/wp\/v2\/comments?post=7060"}],"version-history":[{"count":1,"href":"https:\/\/www.babyloniababycarriers.eu\/fr\/wp-json\/wp\/v2\/product\/7060\/revisions"}],"predecessor-version":[{"id":8912,"href":"https:\/\/www.babyloniababycarriers.eu\/fr\/wp-json\/wp\/v2\/product\/7060\/revisions\/8912"}],"wp:featuredmedia":[{"embeddable":true,"href":"https:\/\/www.babyloniababycarriers.eu\/fr\/wp-json\/wp\/v2\/media\/4503"}],"wp:attachment":[{"href":"https:\/\/www.babyloniababycarriers.eu\/fr\/wp-json\/wp\/v2\/media?parent=7060"}],"wp:term":[{"taxonomy":"product_brand","embeddable":true,"href":"https:\/\/www.babyloniababycarriers.eu\/fr\/wp-json\/wp\/v2\/product_brand?post=7060"},{"taxonomy":"product_cat","embeddable":true,"href":"https:\/\/www.babyloniababycarriers.eu\/fr\/wp-json\/wp\/v2\/product_cat?post=7060"},{"taxonomy":"product_tag","embeddable":true,"href":"https:\/\/www.babyloniababycarriers.eu\/fr\/wp-json\/wp\/v2\/product_tag?post=7060"}],"curies":[{"name":"wp","href":"https:\/\/api.w.org\/{rel}","templated":true}]}}