{"id":6997,"date":"2024-09-25T16:02:16","date_gmt":"2024-09-25T14:02:16","guid":{"rendered":"https:\/\/www.babyloniababycarriers.eu\/product\/flexia-green-mint\/"},"modified":"2025-01-28T14:27:04","modified_gmt":"2025-01-28T13:27:04","slug":"flexia-green-mint","status":"publish","type":"product","link":"https:\/\/www.babyloniababycarriers.eu\/fr\/product\/flexia-green-mint\/","title":{"rendered":"Flexia Menthe verte"},"content":{"rendered":"<p>Voici le Flexia : un porte-b\u00e9b\u00e9 intemporel, d\u00e9sormais dot\u00e9 d&rsquo;un nouveau look ! Appr\u00e9ci\u00e9 depuis longtemps par les parents, le Flexia est r\u00e9put\u00e9 pour sa capacit\u00e9 d&rsquo;adaptation, vous offrant, \u00e0 vous et \u00e0 votre enfant, un ajustement parfait de la naissance \u00e0 l&rsquo;\u00e2ge de 4 ans. Les panneaux r\u00e9glables offrent \u00e0 votre b\u00e9b\u00e9 un si\u00e8ge confortable et ergonomique, garantissant un ajustement confortable \u00e0 toutes les \u00e9tapes de la croissance. D\u00e9sormais disponible dans un design moderne et d\u00e9contract\u00e9, le Flexia s&rsquo;adapte \u00e0 tous les styles et \u00e0 toutes les occasions.<\/p>\n<p>Convient de la naissance \u00e0 4 ans Fabriqu\u00e9 en coton biologique Disponible en 3 couleurs tendance Durable et \u00e9cologique Facile \u00e0 utiliser Flexia, o\u00f9 le style rencontre le confort pour le parent et l&rsquo;enfant.  <\/p>\n","protected":false},"excerpt":{"rendered":"<p>Voici le Flexia : un porte-b\u00e9b\u00e9 intemporel, d\u00e9sormais dot\u00e9 d&rsquo;un nouveau look ! Appr\u00e9ci\u00e9 depuis longtemps par les parents, le Flexia est r\u00e9put\u00e9 pour sa capacit\u00e9 d&rsquo;adaptation, vous offrant, \u00e0 vous et \u00e0 votre enfant, un ajustement parfait de la naissance \u00e0 l&rsquo;\u00e2ge de 4 ans. Les panneaux r\u00e9glables offrent \u00e0 votre b\u00e9b\u00e9 un si\u00e8ge [&hellip;]<\/p>\n","protected":false},"featured_media":6313,"comment_status":"open","ping_status":"closed","template":"","meta":[],"product_brand":[],"product_cat":[105],"product_tag":[],"class_list":{"0":"post-6997","1":"product","2":"type-product","3":"status-publish","4":"has-post-thumbnail","6":"product_cat-porte-bebes-ergonomiques","8":"first","9":"instock","10":"featured","11":"taxable","12":"shipping-taxable","13":"purchasable","14":"product-type-simple"},"jetpack_sharing_enabled":true,"_links":{"self":[{"href":"https:\/\/www.babyloniababycarriers.eu\/fr\/wp-json\/wp\/v2\/product\/6997","targetHints":{"allow":["GET"]}}],"collection":[{"href":"https:\/\/www.babyloniababycarriers.eu\/fr\/wp-json\/wp\/v2\/product"}],"about":[{"href":"https:\/\/www.babyloniababycarriers.eu\/fr\/wp-json\/wp\/v2\/types\/product"}],"replies":[{"embeddable":true,"href":"https:\/\/www.babyloniababycarriers.eu\/fr\/wp-json\/wp\/v2\/comments?post=6997"}],"version-history":[{"count":1,"href":"https:\/\/www.babyloniababycarriers.eu\/fr\/wp-json\/wp\/v2\/product\/6997\/revisions"}],"predecessor-version":[{"id":8738,"href":"https:\/\/www.babyloniababycarriers.eu\/fr\/wp-json\/wp\/v2\/product\/6997\/revisions\/8738"}],"wp:featuredmedia":[{"embeddable":true,"href":"https:\/\/www.babyloniababycarriers.eu\/fr\/wp-json\/wp\/v2\/media\/6313"}],"wp:attachment":[{"href":"https:\/\/www.babyloniababycarriers.eu\/fr\/wp-json\/wp\/v2\/media?parent=6997"}],"wp:term":[{"taxonomy":"product_brand","embeddable":true,"href":"https:\/\/www.babyloniababycarriers.eu\/fr\/wp-json\/wp\/v2\/product_brand?post=6997"},{"taxonomy":"product_cat","embeddable":true,"href":"https:\/\/www.babyloniababycarriers.eu\/fr\/wp-json\/wp\/v2\/product_cat?post=6997"},{"taxonomy":"product_tag","embeddable":true,"href":"https:\/\/www.babyloniababycarriers.eu\/fr\/wp-json\/wp\/v2\/product_tag?post=6997"}],"curies":[{"name":"wp","href":"https:\/\/api.w.org\/{rel}","templated":true}]}}