{"id":6952,"date":"2024-09-26T13:31:24","date_gmt":"2024-09-26T11:31:24","guid":{"rendered":"https:\/\/www.babyloniababycarriers.eu\/product\/tricot-slen-cool-nougatine\/"},"modified":"2026-01-31T16:25:06","modified_gmt":"2026-01-31T15:25:06","slug":"tricot-slen-cool-nougatine","status":"publish","type":"product","link":"https:\/\/www.babyloniababycarriers.eu\/fr\/product\/tricot-slen-cool-nougatine\/","title":{"rendered":"Tricot-Slen Cool Nougatine"},"content":{"rendered":"<p><span class=\"OYPEnA font-feature-liga-off font-feature-clig-off font-feature-calt-off text-decoration-none text-strikethrough-none\">Sur le march\u00e9 depuis plus de 25 ans et toujours la meilleure \u00e9charpe \u00e9lastique gr\u00e2ce \u00e0 sa m\u00e9thode de tricotage unique ! L&rsquo;\u00e9charpe est facile \u00e0 mettre en place et offre un excellent soutien ergonomique. Gr\u00e2ce \u00e0 la technique de tricotage unique et \u00e0 la NON-utilisation d&rsquo;\u00e9lasthanne, les rebonds pendant le portage sont \u00e9vit\u00e9s.  <\/span><\/p>\n<p><span class=\"OYPEnA font-feature-liga-off font-feature-clig-off font-feature-calt-off text-decoration-none text-strikethrough-none\">La Nougatine est fabriqu\u00e9e en fibres newlife 100 % recycl\u00e9es. Outre sa couleur douce qui va avec tout, c&rsquo;est le v\u00eatement id\u00e9al pour l&rsquo;\u00e9t\u00e9, qui est \u00e9galement parfait pour aller dans l&rsquo;eau ! <\/span><\/p>\n<ul>\n<li><span class=\"OYPEnA font-feature-liga-off font-feature-clig-off font-feature-calt-off text-decoration-none text-strikethrough-none\">100% Fil recycl\u00e9<\/span><\/li>\n<li><span class=\"OYPEnA font-feature-liga-off font-feature-clig-off font-feature-calt-off text-decoration-none text-strikethrough-none\">\u00c9charpe extensible sans \u00e9lasthanne<\/span><\/li>\n<li><span class=\"OYPEnA font-feature-liga-off font-feature-clig-off font-feature-calt-off text-decoration-none text-strikethrough-none\">Parfait pour les nouveaux-n\u00e9s<\/span><\/li>\n<li><span class=\"OYPEnA font-feature-liga-off font-feature-clig-off font-feature-calt-off text-decoration-none text-strikethrough-none\">Durable et \u00e9cologique<\/span><\/li>\n<li><span class=\"OYPEnA font-feature-liga-off font-feature-clig-off font-feature-calt-off text-decoration-none text-strikethrough-none\">Technique de tricotage unique qui emp\u00eache les rebonds<\/span><\/li>\n<li><span class=\"OYPEnA font-feature-liga-off font-feature-clig-off font-feature-calt-off text-decoration-none text-strikethrough-none\">L\u00e9g\u00e8ret\u00e9 de la masse parfaite pour l&rsquo;\u00e9t\u00e9<\/span><\/li>\n<\/ul>\n","protected":false},"excerpt":{"rendered":"<p>Sur le march\u00e9 depuis plus de 25 ans et toujours la meilleure \u00e9charpe \u00e9lastique gr\u00e2ce \u00e0 sa m\u00e9thode de tricotage unique ! L&rsquo;\u00e9charpe est facile \u00e0 mettre en place et offre un excellent soutien ergonomique. Gr\u00e2ce \u00e0 la technique de tricotage unique et \u00e0 la NON-utilisation d&rsquo;\u00e9lasthanne, les rebonds pendant le portage sont \u00e9vit\u00e9s. La [&hellip;]<\/p>\n","protected":false},"featured_media":6475,"comment_status":"open","ping_status":"closed","template":"","meta":[],"product_brand":[],"product_cat":[96],"product_tag":[],"class_list":{"0":"post-6952","1":"product","2":"type-product","3":"status-publish","4":"has-post-thumbnail","6":"product_cat-echarpe-de-portage-extensible","8":"first","9":"instock","10":"featured","11":"taxable","12":"shipping-taxable","13":"purchasable","14":"product-type-simple"},"jetpack_sharing_enabled":true,"_links":{"self":[{"href":"https:\/\/www.babyloniababycarriers.eu\/fr\/wp-json\/wp\/v2\/product\/6952","targetHints":{"allow":["GET"]}}],"collection":[{"href":"https:\/\/www.babyloniababycarriers.eu\/fr\/wp-json\/wp\/v2\/product"}],"about":[{"href":"https:\/\/www.babyloniababycarriers.eu\/fr\/wp-json\/wp\/v2\/types\/product"}],"replies":[{"embeddable":true,"href":"https:\/\/www.babyloniababycarriers.eu\/fr\/wp-json\/wp\/v2\/comments?post=6952"}],"version-history":[{"count":1,"href":"https:\/\/www.babyloniababycarriers.eu\/fr\/wp-json\/wp\/v2\/product\/6952\/revisions"}],"predecessor-version":[{"id":8779,"href":"https:\/\/www.babyloniababycarriers.eu\/fr\/wp-json\/wp\/v2\/product\/6952\/revisions\/8779"}],"wp:featuredmedia":[{"embeddable":true,"href":"https:\/\/www.babyloniababycarriers.eu\/fr\/wp-json\/wp\/v2\/media\/6475"}],"wp:attachment":[{"href":"https:\/\/www.babyloniababycarriers.eu\/fr\/wp-json\/wp\/v2\/media?parent=6952"}],"wp:term":[{"taxonomy":"product_brand","embeddable":true,"href":"https:\/\/www.babyloniababycarriers.eu\/fr\/wp-json\/wp\/v2\/product_brand?post=6952"},{"taxonomy":"product_cat","embeddable":true,"href":"https:\/\/www.babyloniababycarriers.eu\/fr\/wp-json\/wp\/v2\/product_cat?post=6952"},{"taxonomy":"product_tag","embeddable":true,"href":"https:\/\/www.babyloniababycarriers.eu\/fr\/wp-json\/wp\/v2\/product_tag?post=6952"}],"curies":[{"name":"wp","href":"https:\/\/api.w.org\/{rel}","templated":true}]}}