{"id":11238,"date":"2025-11-28T10:57:38","date_gmt":"2025-11-28T09:57:38","guid":{"rendered":"https:\/\/www.babyloniababycarriers.eu\/?post_type=product&#038;p=11238"},"modified":"2025-11-28T11:01:20","modified_gmt":"2025-11-28T10:01:20","slug":"bola-pure-elegance-or-rose-kopie-kopie","status":"publish","type":"product","link":"https:\/\/www.babyloniababycarriers.eu\/fr\/product\/bola-pure-elegance-or-rose-kopie-kopie\/","title":{"rendered":"Bola &#8211; Pure Elegance &#8211; Or Rose (kopie) (kopie)"},"content":{"rendered":"<p>A partir de 20 semaines de grossesse, votre b\u00e9b\u00e9 reconna\u00eetra votre voix, les battements de votre c\u0153ur et bien d&rsquo;autres sons, y compris des sons apaisants comme le bola de grossesse Babylonia. Le bola de grossesse est un bijou contenant un petit xylophone. Portez le Bola contre votre ventre \u00e0 l&rsquo;aide d&rsquo;une longue cha\u00eene. \u00c0 chaque mouvement, le Bola \u00e9mettra un son apaisant, un doux tintement que votre b\u00e9b\u00e9 conna\u00eetra, avant et apr\u00e8s la naissance. Apr\u00e8s la naissance, cousez le Bola dans la peluche de votre b\u00e9b\u00e9 pour lui rappeler les doux sons qu&rsquo;il a entendus dans votre ventre. Associez ce magnifique bijou \u00e0 un collier Bola en or rose, en or ou en argent, et vous attirerez tous les regards, m\u00eame celui de votre b\u00e9b\u00e9 !     <\/p>\n","protected":false},"excerpt":{"rendered":"<p>A partir de 20 semaines de grossesse, votre b\u00e9b\u00e9 reconna\u00eetra votre voix, les battements de votre c\u0153ur et bien d&rsquo;autres sons, y compris des sons apaisants comme le bola de grossesse Babylonia. Le bola de grossesse est un bijou contenant un petit xylophone. Portez le Bola contre votre ventre \u00e0 l&rsquo;aide d&rsquo;une longue cha\u00eene. \u00c0 [&hellip;]<\/p>\n","protected":false},"featured_media":11248,"comment_status":"open","ping_status":"closed","template":"","meta":[],"product_brand":[],"product_cat":[87],"product_tag":[],"class_list":{"0":"post-11238","1":"product","2":"type-product","3":"status-publish","4":"has-post-thumbnail","6":"product_cat-baby-bola-fr","8":"first","9":"instock","10":"featured","11":"taxable","12":"shipping-taxable","13":"purchasable","14":"product-type-simple"},"jetpack_sharing_enabled":true,"_links":{"self":[{"href":"https:\/\/www.babyloniababycarriers.eu\/fr\/wp-json\/wp\/v2\/product\/11238","targetHints":{"allow":["GET"]}}],"collection":[{"href":"https:\/\/www.babyloniababycarriers.eu\/fr\/wp-json\/wp\/v2\/product"}],"about":[{"href":"https:\/\/www.babyloniababycarriers.eu\/fr\/wp-json\/wp\/v2\/types\/product"}],"replies":[{"embeddable":true,"href":"https:\/\/www.babyloniababycarriers.eu\/fr\/wp-json\/wp\/v2\/comments?post=11238"}],"version-history":[{"count":1,"href":"https:\/\/www.babyloniababycarriers.eu\/fr\/wp-json\/wp\/v2\/product\/11238\/revisions"}],"predecessor-version":[{"id":11257,"href":"https:\/\/www.babyloniababycarriers.eu\/fr\/wp-json\/wp\/v2\/product\/11238\/revisions\/11257"}],"wp:featuredmedia":[{"embeddable":true,"href":"https:\/\/www.babyloniababycarriers.eu\/fr\/wp-json\/wp\/v2\/media\/11248"}],"wp:attachment":[{"href":"https:\/\/www.babyloniababycarriers.eu\/fr\/wp-json\/wp\/v2\/media?parent=11238"}],"wp:term":[{"taxonomy":"product_brand","embeddable":true,"href":"https:\/\/www.babyloniababycarriers.eu\/fr\/wp-json\/wp\/v2\/product_brand?post=11238"},{"taxonomy":"product_cat","embeddable":true,"href":"https:\/\/www.babyloniababycarriers.eu\/fr\/wp-json\/wp\/v2\/product_cat?post=11238"},{"taxonomy":"product_tag","embeddable":true,"href":"https:\/\/www.babyloniababycarriers.eu\/fr\/wp-json\/wp\/v2\/product_tag?post=11238"}],"curies":[{"name":"wp","href":"https:\/\/api.w.org\/{rel}","templated":true}]}}