{"id":11134,"date":"2025-10-31T13:57:26","date_gmt":"2025-10-31T12:57:26","guid":{"rendered":"https:\/\/www.babyloniababycarriers.eu\/?post_type=product&#038;p=11134"},"modified":"2025-10-31T14:05:24","modified_gmt":"2025-10-31T13:05:24","slug":"bambou-tricote-abricot-crush-kopie","status":"publish","type":"product","link":"https:\/\/www.babyloniababycarriers.eu\/fr\/product\/bambou-tricote-abricot-crush-kopie\/","title":{"rendered":"Bambou tricot\u00e9 &#8211; Abricot Crush (kopie)"},"content":{"rendered":"<p class=\"cvGsUA direction-ltr align-start para-style-body\"><span class=\"OYPEnA font-feature-liga-off font-feature-clig-off font-feature-calt-off text-decoration-none text-strikethrough-none\">Sur le march\u00e9 depuis plus de 25 ans et toujours la meilleure \u00e9charpe \u00e9lastique gr\u00e2ce \u00e0 sa m\u00e9thode de tricotage unique ! L&rsquo;\u00e9charpe est facile \u00e0 mettre en place et offre un excellent soutien ergonomique. Gr\u00e2ce \u00e0 la technique de tricotage unique et \u00e0 la NON-utilisation d&rsquo;\u00e9lasthanne, les rebonds pendant le portage sont \u00e9vit\u00e9s.  <\/span><\/p>\n<p class=\"cvGsUA direction-ltr align-start para-style-body\"><span class=\"OYPEnA font-feature-liga-off font-feature-clig-off font-feature-calt-off text-decoration-none text-strikethrough-none\">L&rsquo;Apricot Crush est fabriqu\u00e9 en bambou respirant d&rsquo;une douceur fantastique. De plus, cette couleur est une teinte pastel douce id\u00e9ale qui compl\u00e9tera n&rsquo;importe quelle tenue. <\/span><\/p>\n<ul>\n<li><span class=\"OYPEnA font-feature-liga-off font-feature-clig-off font-feature-calt-off text-decoration-none text-strikethrough-none\">100% viscose de bambou<\/span><\/li>\n<li><span class=\"OYPEnA font-feature-liga-off font-feature-clig-off font-feature-calt-off text-decoration-none text-strikethrough-none\">\u00c9charpe extensible sans \u00e9lasthanne<\/span><\/li>\n<li><span class=\"OYPEnA font-feature-liga-off font-feature-clig-off font-feature-calt-off text-decoration-none text-strikethrough-none\">Parfait pour les nouveaux-n\u00e9s<\/span><\/li>\n<li><span class=\"OYPEnA font-feature-liga-off font-feature-clig-off font-feature-calt-off text-decoration-none text-strikethrough-none\">Durable et \u00e9cologique<\/span><\/li>\n<li><span class=\"OYPEnA font-feature-liga-off font-feature-clig-off font-feature-calt-off text-decoration-none text-strikethrough-none\">Technique de tricotage unique qui emp\u00eache les rebonds<\/span><\/li>\n<li><span class=\"OYPEnA font-feature-liga-off font-feature-clig-off font-feature-calt-off text-decoration-none text-strikethrough-none\">L\u00e9ger et soyeux<\/span><\/li>\n<\/ul>\n","protected":false},"excerpt":{"rendered":"<p>Sur le march\u00e9 depuis plus de 25 ans et toujours la meilleure \u00e9charpe \u00e9lastique gr\u00e2ce \u00e0 sa m\u00e9thode de tricotage unique ! L&rsquo;\u00e9charpe est facile \u00e0 mettre en place et offre un excellent soutien ergonomique. Gr\u00e2ce \u00e0 la technique de tricotage unique et \u00e0 la NON-utilisation d&rsquo;\u00e9lasthanne, les rebonds pendant le portage sont \u00e9vit\u00e9s. L&rsquo;Apricot [&hellip;]<\/p>\n","protected":false},"featured_media":11144,"comment_status":"open","ping_status":"closed","template":"","meta":[],"product_brand":[],"product_cat":[96],"product_tag":[],"class_list":{"0":"post-11134","1":"product","2":"type-product","3":"status-publish","4":"has-post-thumbnail","6":"product_cat-echarpe-de-portage-extensible","8":"first","9":"instock","10":"taxable","11":"shipping-taxable","12":"purchasable","13":"product-type-simple"},"jetpack_sharing_enabled":true,"_links":{"self":[{"href":"https:\/\/www.babyloniababycarriers.eu\/fr\/wp-json\/wp\/v2\/product\/11134","targetHints":{"allow":["GET"]}}],"collection":[{"href":"https:\/\/www.babyloniababycarriers.eu\/fr\/wp-json\/wp\/v2\/product"}],"about":[{"href":"https:\/\/www.babyloniababycarriers.eu\/fr\/wp-json\/wp\/v2\/types\/product"}],"replies":[{"embeddable":true,"href":"https:\/\/www.babyloniababycarriers.eu\/fr\/wp-json\/wp\/v2\/comments?post=11134"}],"version-history":[{"count":1,"href":"https:\/\/www.babyloniababycarriers.eu\/fr\/wp-json\/wp\/v2\/product\/11134\/revisions"}],"predecessor-version":[{"id":11154,"href":"https:\/\/www.babyloniababycarriers.eu\/fr\/wp-json\/wp\/v2\/product\/11134\/revisions\/11154"}],"wp:featuredmedia":[{"embeddable":true,"href":"https:\/\/www.babyloniababycarriers.eu\/fr\/wp-json\/wp\/v2\/media\/11144"}],"wp:attachment":[{"href":"https:\/\/www.babyloniababycarriers.eu\/fr\/wp-json\/wp\/v2\/media?parent=11134"}],"wp:term":[{"taxonomy":"product_brand","embeddable":true,"href":"https:\/\/www.babyloniababycarriers.eu\/fr\/wp-json\/wp\/v2\/product_brand?post=11134"},{"taxonomy":"product_cat","embeddable":true,"href":"https:\/\/www.babyloniababycarriers.eu\/fr\/wp-json\/wp\/v2\/product_cat?post=11134"},{"taxonomy":"product_tag","embeddable":true,"href":"https:\/\/www.babyloniababycarriers.eu\/fr\/wp-json\/wp\/v2\/product_tag?post=11134"}],"curies":[{"name":"wp","href":"https:\/\/api.w.org\/{rel}","templated":true}]}}