{"id":11103,"date":"2025-10-31T13:28:13","date_gmt":"2025-10-31T12:28:13","guid":{"rendered":"https:\/\/www.babyloniababycarriers.eu\/?post_type=product&#038;p=11103"},"modified":"2025-10-31T13:51:50","modified_gmt":"2025-10-31T12:51:50","slug":"brise-de-coton-biologique-tricot-slen-kopie","status":"publish","type":"product","link":"https:\/\/www.babyloniababycarriers.eu\/fr\/product\/brise-de-coton-biologique-tricot-slen-kopie\/","title":{"rendered":"Brise de coton biologique Tricot-Slen (kopie)"},"content":{"rendered":"<p class=\"cvGsUA direction-ltr align-start para-style-body\"><span class=\"OYPEnA font-feature-liga-off font-feature-clig-off font-feature-calt-off text-decoration-none text-strikethrough-none\">Sur le march\u00e9 depuis plus de 25 ans et toujours la meilleure \u00e9charpe \u00e9lastique gr\u00e2ce \u00e0 sa m\u00e9thode de tricotage unique ! L&rsquo;\u00e9charpe est facile \u00e0 mettre en place et offre un excellent soutien ergonomique. Gr\u00e2ce \u00e0 la technique de tricotage unique et \u00e0 la NON-utilisation d&rsquo;\u00e9lasthanne, les rebonds pendant le portage sont \u00e9vit\u00e9s.  <\/span><\/p>\n<p class=\"cvGsUA direction-ltr align-start para-style-body\"><span class=\"OYPEnA font-feature-liga-off font-feature-clig-off font-feature-calt-off text-decoration-none text-strikethrough-none\">Le Cotton Breeze est fabriqu\u00e9 en coton biologique fantastiquement doux et ne contient AUCUNE teinture. En plus d&rsquo;une couleur magnifique, c&rsquo;est donc un choix tr\u00e8s \u00e9cologique ! <\/span><\/p>\n<p>&nbsp;<\/p>\n<ul>\n<li><span class=\"OYPEnA font-feature-liga-off font-feature-clig-off font-feature-calt-off text-decoration-none text-strikethrough-none\">100% coton biologique<\/span><\/li>\n<li><span class=\"OYPEnA font-feature-liga-off font-feature-clig-off font-feature-calt-off text-decoration-none text-strikethrough-none\">\u00c9charpe extensible sans \u00e9lasthanne<\/span><\/li>\n<li><span class=\"OYPEnA font-feature-liga-off font-feature-clig-off font-feature-calt-off text-decoration-none text-strikethrough-none\">Parfait pour les nouveaux-n\u00e9s<\/span><\/li>\n<li><span class=\"OYPEnA font-feature-liga-off font-feature-clig-off font-feature-calt-off text-decoration-none text-strikethrough-none\">Durable et \u00e9cologique<\/span><\/li>\n<li><span class=\"OYPEnA font-feature-liga-off font-feature-clig-off font-feature-calt-off text-decoration-none text-strikethrough-none\">Technique de tricotage unique qui emp\u00eache les rebonds<\/span><\/li>\n<li><strong><span class=\"OYPEnA font-feature-liga-off font-feature-clig-off font-feature-calt-off text-decoration-none text-strikethrough-none\">Pas de colorants !<\/span><\/strong><\/li>\n<\/ul>\n","protected":false},"excerpt":{"rendered":"<p>Sur le march\u00e9 depuis plus de 25 ans et toujours la meilleure \u00e9charpe \u00e9lastique gr\u00e2ce \u00e0 sa m\u00e9thode de tricotage unique ! L&rsquo;\u00e9charpe est facile \u00e0 mettre en place et offre un excellent soutien ergonomique. Gr\u00e2ce \u00e0 la technique de tricotage unique et \u00e0 la NON-utilisation d&rsquo;\u00e9lasthanne, les rebonds pendant le portage sont \u00e9vit\u00e9s. Le [&hellip;]<\/p>\n","protected":false},"featured_media":11113,"comment_status":"open","ping_status":"closed","template":"","meta":[],"product_brand":[],"product_cat":[96],"product_tag":[],"class_list":{"0":"post-11103","1":"product","2":"type-product","3":"status-publish","4":"has-post-thumbnail","6":"product_cat-echarpe-de-portage-extensible","8":"first","9":"instock","10":"taxable","11":"shipping-taxable","12":"purchasable","13":"product-type-simple"},"jetpack_sharing_enabled":true,"_links":{"self":[{"href":"https:\/\/www.babyloniababycarriers.eu\/fr\/wp-json\/wp\/v2\/product\/11103","targetHints":{"allow":["GET"]}}],"collection":[{"href":"https:\/\/www.babyloniababycarriers.eu\/fr\/wp-json\/wp\/v2\/product"}],"about":[{"href":"https:\/\/www.babyloniababycarriers.eu\/fr\/wp-json\/wp\/v2\/types\/product"}],"replies":[{"embeddable":true,"href":"https:\/\/www.babyloniababycarriers.eu\/fr\/wp-json\/wp\/v2\/comments?post=11103"}],"version-history":[{"count":1,"href":"https:\/\/www.babyloniababycarriers.eu\/fr\/wp-json\/wp\/v2\/product\/11103\/revisions"}],"predecessor-version":[{"id":11123,"href":"https:\/\/www.babyloniababycarriers.eu\/fr\/wp-json\/wp\/v2\/product\/11103\/revisions\/11123"}],"wp:featuredmedia":[{"embeddable":true,"href":"https:\/\/www.babyloniababycarriers.eu\/fr\/wp-json\/wp\/v2\/media\/11113"}],"wp:attachment":[{"href":"https:\/\/www.babyloniababycarriers.eu\/fr\/wp-json\/wp\/v2\/media?parent=11103"}],"wp:term":[{"taxonomy":"product_brand","embeddable":true,"href":"https:\/\/www.babyloniababycarriers.eu\/fr\/wp-json\/wp\/v2\/product_brand?post=11103"},{"taxonomy":"product_cat","embeddable":true,"href":"https:\/\/www.babyloniababycarriers.eu\/fr\/wp-json\/wp\/v2\/product_cat?post=11103"},{"taxonomy":"product_tag","embeddable":true,"href":"https:\/\/www.babyloniababycarriers.eu\/fr\/wp-json\/wp\/v2\/product_tag?post=11103"}],"curies":[{"name":"wp","href":"https:\/\/api.w.org\/{rel}","templated":true}]}}