{"id":8481,"date":"2023-11-14T08:24:29","date_gmt":"2023-11-14T07:24:29","guid":{"rendered":"https:\/\/www.babyloniababycarriers.eu\/conditions-generales-dutilisation\/"},"modified":"2025-01-14T15:10:19","modified_gmt":"2025-01-14T14:10:19","slug":"conditions-generales-dutilisation","status":"publish","type":"page","link":"https:\/\/www.babyloniababycarriers.eu\/fr\/conditions-generales-dutilisation\/","title":{"rendered":"Conditions g\u00e9n\u00e9rales d&rsquo;utilisation"},"content":{"rendered":"\t\t<div data-elementor-type=\"wp-page\" data-elementor-id=\"8481\" class=\"elementor elementor-8481 elementor-77\" data-elementor-post-type=\"page\">\n\t\t\t\t<div class=\"elementor-element elementor-element-3b1840a0 e-flex e-con-boxed e-con e-parent\" data-id=\"3b1840a0\" data-element_type=\"container\" data-e-type=\"container\">\n\t\t\t\t\t<div class=\"e-con-inner\">\n\t\t\t\t<div class=\"elementor-element elementor-element-24b270da elementor-widget elementor-widget-heading\" data-id=\"24b270da\" data-element_type=\"widget\" data-e-type=\"widget\" data-widget_type=\"heading.default\">\n\t\t\t\t<div class=\"elementor-widget-container\">\n\t\t\t\t\t<h1 class=\"elementor-heading-title elementor-size-default\">Conditions g\u00e9n\u00e9rales d'utilisation<\/h1>\t\t\t\t<\/div>\n\t\t\t\t<\/div>\n\t\t\t\t<div class=\"elementor-element elementor-element-5d0af1ac elementor-widget elementor-widget-text-editor\" data-id=\"5d0af1ac\" data-element_type=\"widget\" data-e-type=\"widget\" data-widget_type=\"text-editor.default\">\n\t\t\t\t<div class=\"elementor-widget-container\">\n\t\t\t\t\t\t\t\t\t<h2>Article 1 : Ventes en ligne<\/h2>\n<p>Chamo BV exploite le site web pour la vente de ses produits \u00e0 des clients du monde entier. Les pr\u00e9sentes conditions g\u00e9n\u00e9rales r\u00e9gissent la vente des produits via le site web. L&rsquo;entreprise, ci-apr\u00e8s d\u00e9nomm\u00e9e \u00ab\u00a0nous\u00a0\u00bb, est \u00e9tablie \u00e0 Geraardsbergen et porte le num\u00e9ro d&rsquo;entreprise BE0875.816.760. Elle est joignable par t\u00e9l\u00e9phone au +32 54 240 330 et par e-mail \u00e0 bureau@chamo.be. L&rsquo;acheteur est toute personne qui ach\u00e8te ou commande des biens ou des services par l&rsquo;interm\u00e9diaire du site web www.babylonia.eu et est ci-apr\u00e8s d\u00e9nomm\u00e9 \u00a0\u00bb l&rsquo;acheteur \u00a0\u00bb ou \u00a0\u00bb vous \u00ab\u00a0. En achetant ou en commandant des biens et des services par l&rsquo;interm\u00e9diaire du site web, vous acceptez irr\u00e9vocablement les pr\u00e9sentes conditions g\u00e9n\u00e9rales telles qu&rsquo;elles existent au moment de la commande et l&rsquo;application de toutes les autres conditions g\u00e9n\u00e9rales est exclue.     <\/p>\n<h2>Article 2 : Prix<\/h2>\n<p>Les prix de nos biens et services sont indiqu\u00e9s sur le site Web en euros et incluent la TVA et d&rsquo;autres frais suppl\u00e9mentaires obligatoires. Les frais de livraison sont indiqu\u00e9s s\u00e9par\u00e9ment en fonction des choix effectu\u00e9s \u00e0 cet \u00e9gard. Les prix sont payables en euros quel que soit le lieu de livraison ou le lieu de r\u00e9sidence de l&rsquo;Acheteur. La Soci\u00e9t\u00e9 ne peut \u00eatre tenue pour responsable si des droits de douane ou autres taxes locales sont exig\u00e9s pour la livraison de biens et services en dehors de l&rsquo;Union europ\u00e9enne. Ces droits ou taxes sont \u00e0 votre charge, celle de l&rsquo;Acheteur, et vous \u00eates \u00e9galement tenu, le cas \u00e9ch\u00e9ant, de faire des d\u00e9clarations aupr\u00e8s des autorit\u00e9s comp\u00e9tentes du pays de livraison. La Soci\u00e9t\u00e9 se r\u00e9serve le droit d&rsquo;ajuster ses prix \u00e0 tout moment, sans pr\u00e9avis. Les biens et services sont factur\u00e9s sur la base du prix en vigueur au moment de l&rsquo;enregistrement de la commande, sous r\u00e9serve de disponibilit\u00e9 et sous r\u00e9serve d&rsquo;erreurs administratives. Les marchandises restent la propri\u00e9t\u00e9 de la Soci\u00e9t\u00e9 jusqu&rsquo;au paiement int\u00e9gral du prix. Malgr\u00e9 cette r\u00e9serve de propri\u00e9t\u00e9, le risque de perte ou de dommage est transf\u00e9r\u00e9 \u00e0 l&rsquo;Acheteur d\u00e8s la livraison des marchandises. Les \u00e9ventuelles promotions sont valables jusqu&rsquo;\u00e0 la date indiqu\u00e9e ou, en tout \u00e9tat de cause, pendant un mois maximum apr\u00e8s l&rsquo;annonce. Elles ne sont pas cumulables. Les bons de r\u00e9duction ne peuvent \u00eatre \u00e9chang\u00e9s contre de l&rsquo;argent et ne sont ni totalement ni partiellement remboursables.           <\/p>\n<h2>Article 3 : Formation du contrat d&rsquo;achat-vente<\/h2>\n<p>La vente-achat est conclue apr\u00e8s que vous avez s\u00e9lectionn\u00e9 les biens et services sur le site web, que vous avez confirm\u00e9 l&rsquo;achat apr\u00e8s avoir v\u00e9rifi\u00e9 les biens et services command\u00e9s et le prix, que la commande a \u00e9t\u00e9 re\u00e7ue par nous et que nous vous avons confirm\u00e9 la commande. La soci\u00e9t\u00e9 se r\u00e9serve le droit d&rsquo;annuler toute commande d&rsquo;un client avec lequel il existerait un litige relatif au paiement d&rsquo;une autre commande. La Soci\u00e9t\u00e9 se r\u00e9serve \u00e9galement le droit de demander des informations compl\u00e9mentaires pour la s\u00e9curit\u00e9 du client et, \u00e0 d\u00e9faut, de refuser d&rsquo;ex\u00e9cuter la commande.  <\/p>\n<h2>Article 4 : Disponibilit\u00e9<\/h2>\n<p>Nos offres sont valables jusqu&rsquo;\u00e0 \u00e9puisement du stock ou sous r\u00e9serve de disponibilit\u00e9 chez le fournisseur ou le fabricant. En cas d&rsquo;indisponibilit\u00e9 apr\u00e8s passation de votre commande, nous vous en informerons dans les meilleurs d\u00e9lais sans \u00eatre tenus de verser une quelconque indemnit\u00e9. Nous excluons toute responsabilit\u00e9 \u00e0 cet \u00e9gard.  <\/p>\n<h2>Article 5 : Livraison<\/h2>\n<p>Apr\u00e8s acceptation de votre commande et de votre paiement, les biens ou services seront livr\u00e9s \u00e0 l&rsquo;adresse de livraison que vous avez indiqu\u00e9e au cours du processus de commande. Sauf stipulation contraire, la livraison sera effectu\u00e9e dans les 30 jours suivant la commande. \u00c0 l&rsquo;expiration de ce d\u00e9lai, vous avez le droit de demander l&rsquo;annulation et le remboursement de votre achat. Par ailleurs, la soci\u00e9t\u00e9 n&rsquo;assume aucune responsabilit\u00e9 en cas de retard de livraison, ni dans le cas o\u00f9 la livraison ne peut avoir lieu en raison d&rsquo;informations erron\u00e9es ou incompl\u00e8tes fournies par l&rsquo;acheteur lors de la commande.   <\/p>\n<h2>Article 6 : Droit de r\u00e9tractation<\/h2>\n<p>Si l&rsquo;acheteur est un consommateur qui ach\u00e8te des biens ou des services \u00e0 distance, il a le droit de notifier au vendeur qu&rsquo;il renonce \u00e0 l&rsquo;achat, sans payer de p\u00e9nalit\u00e9 et sans donner de raison, dans un d\u00e9lai de 14 jours calendaires \u00e0 compter du lendemain de la livraison des biens ou de la conclusion du contrat de service. Les remboursements seront effectu\u00e9s dans un d\u00e9lai de 30 jours \u00e0 compter de la r\u00e9ception de votre demande de r\u00e9tractation. Les remboursements seront effectu\u00e9s par virement sur votre compte bancaire ou par cr\u00e9dit sur votre carte de cr\u00e9dit. Le consommateur n&rsquo;a pas le droit de se r\u00e9tracter dans les cas pr\u00e9vus par la loi et, entre autres, lorsque les biens ont \u00e9t\u00e9 fabriqu\u00e9s selon les sp\u00e9cifications du consommateur ou lorsque l&rsquo;ex\u00e9cution du contrat de service a commenc\u00e9 avant la fin du d\u00e9lai de r\u00e9tractation.   <\/p>\n<h2>Article 7 : Paiement<\/h2>\n<p>L&rsquo;Acheteur peut payer sa commande par carte de d\u00e9bit ou de cr\u00e9dit, par Paypal ou iDeal ou par virement sur notre compte bancaire, comme indiqu\u00e9 sur le Site. Le prix doit \u00eatre pay\u00e9 en totalit\u00e9 avant la livraison. En cas de retard de paiement, un int\u00e9r\u00eat de retard de 6 % par an sera d\u00fb, de plein droit et sans mise en demeure pr\u00e9alable, ainsi qu&rsquo;une indemnit\u00e9 forfaitaire pour les frais administratifs du Vendeur d&rsquo;un montant de 10 % du montant d\u00fb avec un minimum de 100 euros.  <\/p>\n<h2>Article 8 : Ch\u00e8ques-cadeaux<\/h2>\n<p>Les ch\u00e8ques-cadeaux \u00e9lectroniques et papier de la soci\u00e9t\u00e9 peuvent \u00eatre utilis\u00e9s sur le site web www.babylonia.eu. Ils sont valables un an \u00e0 compter de la date d&rsquo;\u00e9mission et peuvent \u00eatre renouvel\u00e9s pour une autre ann\u00e9e moyennant des frais administratifs. Pour utiliser les ch\u00e8ques, s\u00e9lectionnez l&rsquo;option \u00ab\u00a0Autres options de paiement\u00a0\u00bb sur la page \u00ab\u00a0Paiement\u00a0\u00bb, puis \u00ab\u00a0Ch\u00e8que-cadeau\u00a0\u00bb. Saisissez votre code dans la case pr\u00e9vue \u00e0 cet effet. Si le montant de votre commande est sup\u00e9rieur au montant de votre ch\u00e8que-cadeau, vous devrez payer la diff\u00e9rence. Si le montant de votre commande est inf\u00e9rieur au montant de votre ch\u00e8que-cadeau, vous conserverez ce solde sous forme d&rsquo;avoir. Vous pouvez suivre l&rsquo;\u00e9volution de votre avoir dans la rubrique \u00ab\u00a0mon compte\u00a0\u00bb.      <\/p>\n<h2>Article 9 : Propri\u00e9t\u00e9 intellectuelle<\/h2>\n<p>Tous les textes, commentaires, magazines, illustrations et images pr\u00e9sent\u00e9s sur le site www.babylonia.eu sont prot\u00e9g\u00e9s par le droit d&rsquo;auteur et les droits voisins, ainsi que par tout droit de propri\u00e9t\u00e9 intellectuelle dans le monde entier. Toute reproduction partielle ou totale du site ou du catalogue de la soci\u00e9t\u00e9 est strictement interdite. <\/p>\n<h2>Article 10 : Responsabilit\u00e9<\/h2>\n<p>L&rsquo;Entreprise s&rsquo;engage \u00e0 fournir des biens et services conformes \u00e0 la l\u00e9gislation applicable dans l&rsquo;Union europ\u00e9enne et en Belgique. La responsabilit\u00e9 de l&rsquo;Entreprise ne saurait \u00eatre engag\u00e9e en cas de non-respect de la l\u00e9gislation d&rsquo;un pays tiers \u00e0 l&rsquo;Union europ\u00e9enne o\u00f9 les produits doivent \u00eatre livr\u00e9s. Les produits vendus aux consommateurs sont couverts par la garantie l\u00e9gale de deux ans. Toute non-conformit\u00e9 concernant la vente au consommateur doit \u00eatre signal\u00e9e dans les deux mois suivant sa constatation. Toute r\u00e9clamation concernant les dommages visibles des marchandises livr\u00e9es ainsi que les dommages caus\u00e9s pendant le transport et la livraison doit \u00eatre formul\u00e9e par \u00e9crit sur les documents d&rsquo;accompagnement au moment de la livraison ou signal\u00e9e par e-mail dans les 24 heures suivant la livraison. Il en va de m\u00eame pour les livraisons non conformes ou incompl\u00e8tes. Pour toute information ou question, notre service client\u00e8le est toujours disponible par t\u00e9l\u00e9phone au +32 54 240 330 et par e-mail \u00e0 info@chamo.be.      <\/p>\n<h2>Article 11 : Traitement des donn\u00e9es \u00e0 caract\u00e8re personnel<\/h2>\n<p>Lorsque vous passez commande dans le cadre de votre achat en ligne, sur www.babylonia.eu, vous acceptez que l&rsquo;Entreprise utilise vos donn\u00e9es personnelles conform\u00e9ment \u00e0 la loi applicable du 8 d\u00e9cembre 1992 relative \u00e0 la protection de la vie priv\u00e9e \u00e0 l&rsquo;\u00e9gard des traitements de donn\u00e9es \u00e0 caract\u00e8re personnel. La soci\u00e9t\u00e9 utilise vos donn\u00e9es personnelles pour l&rsquo;ex\u00e9cution du contrat et pour vous tenir inform\u00e9 de nos biens et services, y compris par le biais du marketing direct. Vous avez le droit de consulter vos donn\u00e9es \u00e0 tout moment et de les faire modifier si elles sont incorrectes.  <\/p>\n<h2>Article 12 : Autonomie des dispositions<\/h2>\n<p>La nullit\u00e9, l&rsquo;invalidit\u00e9 ou l&rsquo;inapplicabilit\u00e9, en tout ou en partie, d&rsquo;une disposition des pr\u00e9sentes conditions g\u00e9n\u00e9rales, ou d&rsquo;un terme ou d&rsquo;une partie de celles-ci, n&rsquo;affecte pas la nullit\u00e9, l&rsquo;invalidit\u00e9 ou l&rsquo;inapplicabilit\u00e9 des autres dispositions, termes et parties de celles-ci, ni la validit\u00e9 et l&rsquo;applicabilit\u00e9 des conditions g\u00e9n\u00e9rales dans leur ensemble.<\/p>\n<h2>Article 13 : Droit applicable et juridictions comp\u00e9tentes<\/h2>\n<p>Les pr\u00e9sentes conditions g\u00e9n\u00e9rales de contrat sont soumises au droit belge. En cas de litige, seuls les tribunaux de Bruxelles sont comp\u00e9tents, sans pr\u00e9judice du droit du consommateur de saisir les tribunaux de sa juridiction. <\/p>\n\t\t\t\t\t\t\t\t<\/div>\n\t\t\t\t<\/div>\n\t\t\t\t\t<\/div>\n\t\t\t\t<\/div>\n\t\t\t\t<\/div>\n\t\t","protected":false},"excerpt":{"rendered":"<p>Conditions g\u00e9n\u00e9rales d&rsquo;utilisation Article 1 : Ventes en ligne Chamo BV exploite le site web pour la vente de ses produits \u00e0 des clients du monde entier. Les pr\u00e9sentes conditions g\u00e9n\u00e9rales r\u00e9gissent la vente des produits via le site web. L&rsquo;entreprise, ci-apr\u00e8s d\u00e9nomm\u00e9e \u00ab\u00a0nous\u00a0\u00bb, est \u00e9tablie \u00e0 Geraardsbergen et porte le num\u00e9ro d&rsquo;entreprise BE0875.816.760. Elle [&hellip;]<\/p>\n","protected":false},"author":1,"featured_media":0,"parent":0,"menu_order":0,"comment_status":"closed","ping_status":"closed","template":"elementor_header_footer","meta":{"footnotes":""},"class_list":["post-8481","page","type-page","status-publish","hentry"],"jetpack_sharing_enabled":true,"_links":{"self":[{"href":"https:\/\/www.babyloniababycarriers.eu\/fr\/wp-json\/wp\/v2\/pages\/8481","targetHints":{"allow":["GET"]}}],"collection":[{"href":"https:\/\/www.babyloniababycarriers.eu\/fr\/wp-json\/wp\/v2\/pages"}],"about":[{"href":"https:\/\/www.babyloniababycarriers.eu\/fr\/wp-json\/wp\/v2\/types\/page"}],"author":[{"embeddable":true,"href":"https:\/\/www.babyloniababycarriers.eu\/fr\/wp-json\/wp\/v2\/users\/1"}],"replies":[{"embeddable":true,"href":"https:\/\/www.babyloniababycarriers.eu\/fr\/wp-json\/wp\/v2\/comments?post=8481"}],"version-history":[{"count":2,"href":"https:\/\/www.babyloniababycarriers.eu\/fr\/wp-json\/wp\/v2\/pages\/8481\/revisions"}],"predecessor-version":[{"id":9226,"href":"https:\/\/www.babyloniababycarriers.eu\/fr\/wp-json\/wp\/v2\/pages\/8481\/revisions\/9226"}],"wp:attachment":[{"href":"https:\/\/www.babyloniababycarriers.eu\/fr\/wp-json\/wp\/v2\/media?parent=8481"}],"curies":[{"name":"wp","href":"https:\/\/api.w.org\/{rel}","templated":true}]}}