{"id":8447,"date":"2023-11-14T08:24:27","date_gmt":"2023-11-14T07:24:27","guid":{"rendered":"https:\/\/www.babyloniababycarriers.eu\/a-propos-de\/"},"modified":"2025-06-18T16:58:57","modified_gmt":"2025-06-18T14:58:57","slug":"a-propos-de","status":"publish","type":"page","link":"https:\/\/www.babyloniababycarriers.eu\/fr\/a-propos-de\/","title":{"rendered":"A propos de"},"content":{"rendered":"\t\t<div data-elementor-type=\"wp-page\" data-elementor-id=\"8447\" class=\"elementor elementor-8447 elementor-66\" data-elementor-post-type=\"page\">\n\t\t\t\t<div class=\"elementor-element elementor-element-77dabe9c e-con-full e-flex e-con e-parent\" data-id=\"77dabe9c\" data-element_type=\"container\" data-e-type=\"container\" data-settings=\"{&quot;background_background&quot;:&quot;classic&quot;}\">\n\t\t<div class=\"elementor-element elementor-element-2e434384 e-con-full e-flex e-con e-child\" data-id=\"2e434384\" data-element_type=\"container\" data-e-type=\"container\">\n\t\t\t\t<div class=\"elementor-element elementor-element-6d1eb22b elementor-widget elementor-widget-heading\" data-id=\"6d1eb22b\" data-element_type=\"widget\" data-e-type=\"widget\" data-widget_type=\"heading.default\">\n\t\t\t\t<div class=\"elementor-widget-container\">\n\t\t\t\t\t<h2 class=\"elementor-heading-title elementor-size-default\">Les parents soutiennent<br>pour ch\u00e9rir<br>les moments pr\u00e9cieux<br>avec leurs enfants.<\/h2>\t\t\t\t<\/div>\n\t\t\t\t<\/div>\n\t\t<div class=\"elementor-element elementor-element-43d78de0 e-con-full e-flex e-con e-child\" data-id=\"43d78de0\" data-element_type=\"container\" data-e-type=\"container\">\n\t\t\t\t<div class=\"elementor-element elementor-element-32bf303 elementor-widget__width-initial elementor-widget elementor-widget-text-editor\" data-id=\"32bf303\" data-element_type=\"widget\" data-e-type=\"widget\" data-widget_type=\"text-editor.default\">\n\t\t\t\t<div class=\"elementor-widget-container\">\n\t\t\t\t\t\t\t\t\t<p><strong>D\u00e9couvrez la libert\u00e9 et la flexibilit\u00e9 de la parentalit\u00e9 avec Babylonia.<\/strong><\/p><p>Ensemble, nous cr\u00e9ons des moments d&rsquo;amour, de chaleur et de s\u00e9curit\u00e9 parce que nous pensons que le voyage de la parentalit\u00e9 est plus pr\u00e9cieux lorsqu&rsquo;il est partag\u00e9 en pr\u00e9sence de l&rsquo;\u00eatre qui vous est le plus cher.<\/p>\t\t\t\t\t\t\t\t<\/div>\n\t\t\t\t<\/div>\n\t\t\t\t<\/div>\n\t\t\t\t<\/div>\n\t\t\t\t<\/div>\n\t\t<div class=\"elementor-element elementor-element-6de3087e e-con-full e-flex e-con e-parent\" data-id=\"6de3087e\" data-element_type=\"container\" data-e-type=\"container\">\n\t\t<div class=\"elementor-element elementor-element-75b6925d e-con-full e-flex e-con e-child\" data-id=\"75b6925d\" data-element_type=\"container\" data-e-type=\"container\">\n\t\t\t\t<div class=\"elementor-element elementor-element-64a979ca elementor-widget elementor-widget-heading\" data-id=\"64a979ca\" data-element_type=\"widget\" data-e-type=\"widget\" data-widget_type=\"heading.default\">\n\t\t\t\t<div class=\"elementor-widget-container\">\n\t\t\t\t\t<h2 class=\"elementor-heading-title elementor-size-default\">en mission<\/h2>\t\t\t\t<\/div>\n\t\t\t\t<\/div>\n\t\t\t\t<div class=\"elementor-element elementor-element-15fabc6d elementor-widget__width-initial elementor-widget elementor-widget-text-editor\" data-id=\"15fabc6d\" data-element_type=\"widget\" data-e-type=\"widget\" data-widget_type=\"text-editor.default\">\n\t\t\t\t<div class=\"elementor-widget-container\">\n\t\t\t\t\t\t\t\t\t<p>Bienvenue chez Babylonia Baby Carriers, o\u00f9 nous croyons au pouvoir de la proximit\u00e9 et au lien irrempla\u00e7able entre parents et enfants. Notre mission est d&rsquo;aider les parents \u00e0 ch\u00e9rir les moments pr\u00e9cieux avec leurs petits, c&rsquo;est pourquoi nous avons con\u00e7u notre collection d&rsquo;\u00e9charpes de portage avec amour et d\u00e9vouement. <\/p><p>Chez Babylonia, nous comprenons que porter votre b\u00e9b\u00e9 n&rsquo;est pas seulement un choix pratique, mais qu&rsquo;il renforce \u00e9galement le lien affectif. Nos \u00e9charpes de portage sont fabriqu\u00e9es avec des mat\u00e9riaux de haute qualit\u00e9 pour que le parent et l&rsquo;enfant soient \u00e0 l&rsquo;aise pendant le portage. Que vous recherchiez une solution de portage \u00e9l\u00e9gante et polyvalente ou un produit ergonomique, Babylonia Baby Carriers propose une option adapt\u00e9e \u00e0 chaque besoin.  <\/p><p>D\u00e9couvrez la libert\u00e9 et la flexibilit\u00e9 de la parentalit\u00e9 avec Babylonia.<\/p><p>Ensemble, nous cr\u00e9ons des moments d&rsquo;amour, de chaleur et de s\u00e9curit\u00e9 parce que nous pensons que le voyage de la parentalit\u00e9 est plus pr\u00e9cieux lorsqu&rsquo;il est partag\u00e9 en pr\u00e9sence de l&rsquo;\u00eatre qui vous est le plus cher.<\/p><p> <\/p>\t\t\t\t\t\t\t\t<\/div>\n\t\t\t\t<\/div>\n\t\t\t\t<\/div>\n\t\t<div class=\"elementor-element elementor-element-5fbf7a0d e-con-full e-flex e-con e-child\" data-id=\"5fbf7a0d\" data-element_type=\"container\" data-e-type=\"container\">\n\t\t\t\t<div class=\"elementor-element elementor-element-62be537b elementor-widget elementor-widget-hotspot\" data-id=\"62be537b\" data-element_type=\"widget\" data-e-type=\"widget\" data-settings=\"{&quot;hotspot&quot;:[{&quot;_id&quot;:&quot;6556729&quot;,&quot;hotspot_tooltip_content&quot;:&quot;&lt;p&gt;Bague torsad\\u00e9e en or 750&lt;\\\/p&gt;\\n&lt;p&gt;&lt;span style=\\&quot;text-decoration: underline;\\&quot;&gt;Ajouter au panier&lt;\\\/span&gt;&lt;\\\/p&gt;\\n&quot;,&quot;hotspot_offset_x&quot;:{&quot;unit&quot;:&quot;%&quot;,&quot;size&quot;:76,&quot;sizes&quot;:[]},&quot;hotspot_offset_y&quot;:{&quot;unit&quot;:&quot;%&quot;,&quot;size&quot;:52,&quot;sizes&quot;:[]},&quot;hotspot_offset_x_mobile&quot;:{&quot;unit&quot;:&quot;px&quot;,&quot;size&quot;:53,&quot;sizes&quot;:[]},&quot;index&quot;:0,&quot;__dynamic__&quot;:null,&quot;hotspot_label&quot;:&quot;&quot;,&quot;hotspot_link&quot;:{&quot;url&quot;:&quot;&quot;,&quot;is_external&quot;:&quot;&quot;,&quot;nofollow&quot;:&quot;&quot;,&quot;custom_attributes&quot;:&quot;&quot;},&quot;hotspot_icon&quot;:{&quot;value&quot;:&quot;&quot;,&quot;library&quot;:&quot;&quot;},&quot;hotspot_custom_size&quot;:&quot;no&quot;,&quot;hotspot_horizontal&quot;:&quot;left&quot;,&quot;hotspot_vertical&quot;:&quot;top&quot;,&quot;hotspot_tooltip_position&quot;:&quot;no&quot;,&quot;hotspot_position&quot;:null,&quot;hotspot_position_tablet&quot;:null,&quot;hotspot_position_mobile&quot;:null,&quot;hotspot_icon_position&quot;:null,&quot;hotspot_icon_spacing&quot;:null,&quot;hotspot_width&quot;:null,&quot;hotspot_height&quot;:null,&quot;hotspot_offset_x_tablet&quot;:{&quot;unit&quot;:&quot;px&quot;,&quot;size&quot;:&quot;&quot;,&quot;sizes&quot;:[]},&quot;hotspot_offset_y_tablet&quot;:{&quot;unit&quot;:&quot;px&quot;,&quot;size&quot;:&quot;&quot;,&quot;sizes&quot;:[]},&quot;hotspot_offset_y_mobile&quot;:{&quot;unit&quot;:&quot;px&quot;,&quot;size&quot;:&quot;&quot;,&quot;sizes&quot;:[]},&quot;hotspot_tooltip_width&quot;:null,&quot;hotspot_tooltip_width_tablet&quot;:null,&quot;hotspot_tooltip_width_mobile&quot;:null,&quot;hotspot_tooltip_text_wrap&quot;:null}],&quot;tooltip_position&quot;:&quot;top&quot;,&quot;tooltip_trigger&quot;:&quot;click&quot;,&quot;tooltip_animation&quot;:&quot;e-hotspot--fade-in-out&quot;}\" data-widget_type=\"hotspot.default\">\n\t\t\t\t<div class=\"elementor-widget-container\">\n\t\t\t\t\t<img fetchpriority=\"high\" decoding=\"async\" width=\"395\" height=\"600\" src=\"https:\/\/www.babyloniababycarriers.eu\/wp-content\/uploads\/2023\/11\/babylonia_bola_goud_mum_baby_zwangerschapsketting_en_armband_set_bola-set_1_set3_2-e1700573451396.jpg\" class=\"attachment-large size-large wp-image-2963\" alt=\"\" srcset=\"https:\/\/www.babyloniababycarriers.eu\/wp-content\/uploads\/2023\/11\/babylonia_bola_goud_mum_baby_zwangerschapsketting_en_armband_set_bola-set_1_set3_2-e1700573451396.jpg 395w, https:\/\/www.babyloniababycarriers.eu\/wp-content\/uploads\/2023\/11\/babylonia_bola_goud_mum_baby_zwangerschapsketting_en_armband_set_bola-set_1_set3_2-e1700573451396-198x300.jpg 198w\" sizes=\"(max-width: 395px) 100vw, 395px\" \/>\n\t\t\t\t\t\t<div class=\"e-hotspot elementor-repeater-item-6556729  e-hotspot--position-left e-hotspot--position-top   e-hotspot--circle\">\n\n\t\t\t\t\t\t\t\t<div class=\"e-hotspot__button e-hotspot--expand\">\n\t\t\t\t\t\t\t\t\t\t\t<div class=\"e-hotspot__outer-circle\"><\/div>\n\t\t\t\t\t\t<div class=\"e-hotspot__inner-circle\"><\/div>\n\t\t\t\t\t\t\t\t\t<\/div>\n\n\t\t\t\t\t\t\t\t\t\t\t\t\t\t\t\t\t\t<div class=\"e-hotspot__tooltip  e-hotspot--tooltip-position e-hotspot--fade-in-out \" >\n\t\t\t\t\t\t<p>Bague torsad\u00e9e en or 750<\/p>\n<p><span style=\"text-decoration: underline;\">Ajouter au panier<\/span><\/p>\n\t\t\t\t\t<\/div>\n\t\t\t\t\t\t\t\t\t\n\t\t\t<\/div>\n\n\t\n\t\t\t\t\t\t<\/div>\n\t\t\t\t<\/div>\n\t\t\t\t<\/div>\n\t\t\t\t<\/div>\n\t\t<div class=\"elementor-element elementor-element-6f3782b5 e-con-full e-flex e-con e-parent\" data-id=\"6f3782b5\" data-element_type=\"container\" data-e-type=\"container\">\n\t\t\t\t<div class=\"elementor-element elementor-element-546f2204 elementor-widget elementor-widget-heading\" data-id=\"546f2204\" data-element_type=\"widget\" data-e-type=\"widget\" data-widget_type=\"heading.default\">\n\t\t\t\t<div class=\"elementor-widget-container\">\n\t\t\t\t\t<h2 class=\"elementor-heading-title elementor-size-default\">BIEN PLUS QUE le confort naturel et l'\u00e9l\u00e9gance....<\/h2>\t\t\t\t<\/div>\n\t\t\t\t<\/div>\n\t\t<div class=\"elementor-element elementor-element-40d9d9e e-con-full e-flex e-con e-child\" data-id=\"40d9d9e\" data-element_type=\"container\" data-e-type=\"container\">\n\t\t<div class=\"elementor-element elementor-element-aa513c2 e-con-full e-flex e-con e-child\" data-id=\"aa513c2\" data-element_type=\"container\" data-e-type=\"container\">\n\t\t\t\t<div class=\"elementor-element elementor-element-7eaf6f5f elementor-widget elementor-widget-icon-box\" data-id=\"7eaf6f5f\" data-element_type=\"widget\" data-e-type=\"widget\" data-widget_type=\"icon-box.default\">\n\t\t\t\t<div class=\"elementor-widget-container\">\n\t\t\t\t\t\t\t<div class=\"elementor-icon-box-wrapper\">\n\n\t\t\t\n\t\t\t\t\t\t<div class=\"elementor-icon-box-content\">\n\n\t\t\t\t\t\t\t\t\t<h3 class=\"elementor-icon-box-title\">\n\t\t\t\t\t\t<span  >\n\t\t\t\t\t\t\tLivraison gratuite\t\t\t\t\t\t<\/span>\n\t\t\t\t\t<\/h3>\n\t\t\t\t\n\t\t\t\t\t\t\t\t\t<p class=\"elementor-icon-box-description\">\n\t\t\t\t\t\tLivraison gratuite \u00e0 partir de 40,00 \u20ac au Benelux et en France, en dessous de 40,0 \u20ac - 5,00 \u20ac de frais de port.\t\t\t\t\t<\/p>\n\t\t\t\t\n\t\t\t<\/div>\n\t\t\t\n\t\t<\/div>\n\t\t\t\t\t\t<\/div>\n\t\t\t\t<\/div>\n\t\t\t\t<\/div>\n\t\t<div class=\"elementor-element elementor-element-6d841785 e-con-full e-flex e-con e-child\" data-id=\"6d841785\" data-element_type=\"container\" data-e-type=\"container\">\n\t\t\t\t<div class=\"elementor-element elementor-element-21fb97e3 elementor-widget elementor-widget-icon-box\" data-id=\"21fb97e3\" data-element_type=\"widget\" data-e-type=\"widget\" data-widget_type=\"icon-box.default\">\n\t\t\t\t<div class=\"elementor-widget-container\">\n\t\t\t\t\t\t\t<div class=\"elementor-icon-box-wrapper\">\n\n\t\t\t\n\t\t\t\t\t\t<div class=\"elementor-icon-box-content\">\n\n\t\t\t\t\t\t\t\t\t<h3 class=\"elementor-icon-box-title\">\n\t\t\t\t\t\t<span  >\n\t\t\t\t\t\t\tAnn\u00e9es d'exp\u00e9rience\t\t\t\t\t\t<\/span>\n\t\t\t\t\t<\/h3>\n\t\t\t\t\n\t\t\t\t\t\t\t\t\t<p class=\"elementor-icon-box-description\">\n\t\t\t\t\t\tPlus de 20 ans d'exp\u00e9rience dans le port et la cr\u00e9ation d'un confort naturel dans le style\t\t\t\t\t<\/p>\n\t\t\t\t\n\t\t\t<\/div>\n\t\t\t\n\t\t<\/div>\n\t\t\t\t\t\t<\/div>\n\t\t\t\t<\/div>\n\t\t\t\t<\/div>\n\t\t<div class=\"elementor-element elementor-element-28655c9a e-con-full e-flex e-con e-child\" data-id=\"28655c9a\" data-element_type=\"container\" data-e-type=\"container\">\n\t\t\t\t<div class=\"elementor-element elementor-element-69bd0053 elementor-widget elementor-widget-icon-box\" data-id=\"69bd0053\" data-element_type=\"widget\" data-e-type=\"widget\" data-widget_type=\"icon-box.default\">\n\t\t\t\t<div class=\"elementor-widget-container\">\n\t\t\t\t\t\t\t<div class=\"elementor-icon-box-wrapper\">\n\n\t\t\t\n\t\t\t\t\t\t<div class=\"elementor-icon-box-content\">\n\n\t\t\t\t\t\t\t\t\t<h3 class=\"elementor-icon-box-title\">\n\t\t\t\t\t\t<span  >\n\t\t\t\t\t\t\tInternational\t\t\t\t\t\t<\/span>\n\t\t\t\t\t<\/h3>\n\t\t\t\t\n\t\t\t\t\t\t\t\t\t<p class=\"elementor-icon-box-description\">\n\t\t\t\t\t\tNos produits sont vendus dans plus de 15 pays\t\t\t\t\t<\/p>\n\t\t\t\t\n\t\t\t<\/div>\n\t\t\t\n\t\t<\/div>\n\t\t\t\t\t\t<\/div>\n\t\t\t\t<\/div>\n\t\t\t\t<\/div>\n\t\t<div class=\"elementor-element elementor-element-3ba58f38 e-con-full e-flex e-con e-child\" data-id=\"3ba58f38\" data-element_type=\"container\" data-e-type=\"container\">\n\t\t\t\t<div class=\"elementor-element elementor-element-191387b6 elementor-widget elementor-widget-icon-box\" data-id=\"191387b6\" data-element_type=\"widget\" data-e-type=\"widget\" data-widget_type=\"icon-box.default\">\n\t\t\t\t<div class=\"elementor-widget-container\">\n\t\t\t\t\t\t\t<div class=\"elementor-icon-box-wrapper\">\n\n\t\t\t\n\t\t\t\t\t\t<div class=\"elementor-icon-box-content\">\n\n\t\t\t\t\t\t\t\t\t<h3 class=\"elementor-icon-box-title\">\n\t\t\t\t\t\t<span  >\n\t\t\t\t\t\t\tTest\u00e9 et approuv\u00e9\t\t\t\t\t\t<\/span>\n\t\t\t\t\t<\/h3>\n\t\t\t\t\n\t\t\t\t\t\t\t\t\t<p class=\"elementor-icon-box-description\">\n\t\t\t\t\t\tTous nos produits sont test\u00e9s et approuv\u00e9s par des parents et\/ou des consultants.  \t\t\t\t\t<\/p>\n\t\t\t\t\n\t\t\t<\/div>\n\t\t\t\n\t\t<\/div>\n\t\t\t\t\t\t<\/div>\n\t\t\t\t<\/div>\n\t\t\t\t<\/div>\n\t\t\t\t<\/div>\n\t\t\t\t<\/div>\n\t\t\t\t<\/div>\n\t\t","protected":false},"excerpt":{"rendered":"<p>Les parents soutiennentpour ch\u00e9rirles moments pr\u00e9cieuxavec leurs enfants. D\u00e9couvrez la libert\u00e9 et la flexibilit\u00e9 de la parentalit\u00e9 avec Babylonia. Ensemble, nous cr\u00e9ons des moments d&rsquo;amour, de chaleur et de s\u00e9curit\u00e9 parce que nous pensons que le voyage de la parentalit\u00e9 est plus pr\u00e9cieux lorsqu&rsquo;il est partag\u00e9 en pr\u00e9sence de l&rsquo;\u00eatre qui vous est le plus [&hellip;]<\/p>\n","protected":false},"author":1,"featured_media":0,"parent":0,"menu_order":0,"comment_status":"closed","ping_status":"closed","template":"elementor_header_footer","meta":{"footnotes":""},"class_list":["post-8447","page","type-page","status-publish","hentry"],"jetpack_sharing_enabled":true,"_links":{"self":[{"href":"https:\/\/www.babyloniababycarriers.eu\/fr\/wp-json\/wp\/v2\/pages\/8447","targetHints":{"allow":["GET"]}}],"collection":[{"href":"https:\/\/www.babyloniababycarriers.eu\/fr\/wp-json\/wp\/v2\/pages"}],"about":[{"href":"https:\/\/www.babyloniababycarriers.eu\/fr\/wp-json\/wp\/v2\/types\/page"}],"author":[{"embeddable":true,"href":"https:\/\/www.babyloniababycarriers.eu\/fr\/wp-json\/wp\/v2\/users\/1"}],"replies":[{"embeddable":true,"href":"https:\/\/www.babyloniababycarriers.eu\/fr\/wp-json\/wp\/v2\/comments?post=8447"}],"version-history":[{"count":3,"href":"https:\/\/www.babyloniababycarriers.eu\/fr\/wp-json\/wp\/v2\/pages\/8447\/revisions"}],"predecessor-version":[{"id":10987,"href":"https:\/\/www.babyloniababycarriers.eu\/fr\/wp-json\/wp\/v2\/pages\/8447\/revisions\/10987"}],"wp:attachment":[{"href":"https:\/\/www.babyloniababycarriers.eu\/fr\/wp-json\/wp\/v2\/media?parent=8447"}],"curies":[{"name":"wp","href":"https:\/\/api.w.org\/{rel}","templated":true}]}}