{"id":10054,"date":"2025-01-08T12:43:18","date_gmt":"2025-01-08T11:43:18","guid":{"rendered":"https:\/\/www.babyloniababycarriers.eu\/10054-2\/"},"modified":"2025-02-06T16:18:16","modified_gmt":"2025-02-06T15:18:16","slug":"10054-2","status":"publish","type":"page","link":"https:\/\/www.babyloniababycarriers.eu\/fr\/10054-2\/","title":{"rendered":""},"content":{"rendered":"\t\t<div data-elementor-type=\"wp-page\" data-elementor-id=\"10054\" class=\"elementor elementor-10054 elementor-9517\" data-elementor-post-type=\"page\">\n\t\t\t\t<div class=\"elementor-element elementor-element-2c8e32a e-flex e-con-boxed e-con e-parent\" data-id=\"2c8e32a\" data-element_type=\"container\" data-e-type=\"container\">\n\t\t\t\t\t<div class=\"e-con-inner\">\n\t\t<div class=\"elementor-element elementor-element-daace15 e-con-full e-flex e-con e-child\" data-id=\"daace15\" data-element_type=\"container\" data-e-type=\"container\">\n\t\t\t\t<\/div>\n\t\t\t\t<div class=\"elementor-element elementor-element-e9178e8 elementor-widget elementor-widget-heading\" data-id=\"e9178e8\" data-element_type=\"widget\" data-e-type=\"widget\" data-widget_type=\"heading.default\">\n\t\t\t\t<div class=\"elementor-widget-container\">\n\t\t\t\t\t<h2 class=\"elementor-heading-title elementor-size-default\">Manuels<\/h2>\t\t\t\t<\/div>\n\t\t\t\t<\/div>\n\t\t\t\t\t<\/div>\n\t\t\t\t<\/div>\n\t\t<div class=\"elementor-element elementor-element-3f8b2f9 e-flex e-con-boxed e-con e-parent\" data-id=\"3f8b2f9\" data-element_type=\"container\" data-e-type=\"container\">\n\t\t\t\t\t<div class=\"e-con-inner\">\n\t\t\t\t<div class=\"elementor-element elementor-element-bb6663b elementor-widget elementor-widget-text-editor\" data-id=\"bb6663b\" data-element_type=\"widget\" data-e-type=\"widget\" data-widget_type=\"text-editor.default\">\n\t\t\t\t<div class=\"elementor-widget-container\">\n\t\t\t\t\t\t\t\t\t<h2>D\u00e9couvrez les instructions \u00e9tape par \u00e9tape pour tous nos syst\u00e8mes de portage. Que vous utilisiez un nouveau porte-b\u00e9b\u00e9 Babylonia ou que vous souhaitiez simplement rafra\u00eechir vos connaissances, nos manuels vous apportent toute l&rsquo;aide dont vous avez besoin. Portez avec facilit\u00e9 et en toute confiance !  <\/h2><\/p>\n\t\t\t\t\t\t\t\t<\/div>\n\t\t\t\t<\/div>\n\t\t\t\t\t<\/div>\n\t\t\t\t<\/div>\n\t\t<div class=\"elementor-element elementor-element-4b5ba08 e-grid e-con-boxed e-con e-parent\" data-id=\"4b5ba08\" data-element_type=\"container\" data-e-type=\"container\">\n\t\t\t\t\t<div class=\"e-con-inner\">\n\t\t\t\t<div class=\"elementor-element elementor-element-147c6d2 elementor-widget elementor-widget-image\" data-id=\"147c6d2\" data-element_type=\"widget\" data-e-type=\"widget\" data-widget_type=\"image.default\">\n\t\t\t\t<div class=\"elementor-widget-container\">\n\t\t\t\t\t\t\t\t\t\t\t\t\t\t\t\t<a href=\"https:\/\/www.babyloniababycarriers.eu\/wp-content\/uploads\/2025\/01\/FLEXIA_MANUAL_2023.pdf\" target=\"_blank\">\n\t\t\t\t\t\t\t<img fetchpriority=\"high\" decoding=\"async\" width=\"1050\" height=\"600\" src=\"https:\/\/www.babyloniababycarriers.eu\/wp-content\/uploads\/2025\/01\/FLEXIA-MANUAL.jpg\" class=\"attachment-large size-large wp-image-9523\" alt=\"\" srcset=\"https:\/\/www.babyloniababycarriers.eu\/wp-content\/uploads\/2025\/01\/FLEXIA-MANUAL.jpg 1050w, https:\/\/www.babyloniababycarriers.eu\/wp-content\/uploads\/2025\/01\/FLEXIA-MANUAL-768x439.jpg 768w, https:\/\/www.babyloniababycarriers.eu\/wp-content\/uploads\/2025\/01\/FLEXIA-MANUAL-1000x571.jpg 1000w\" sizes=\"(max-width: 1050px) 100vw, 1050px\" \/>\t\t\t\t\t\t\t\t<\/a>\n\t\t\t\t\t\t\t\t\t\t\t\t\t\t\t<\/div>\n\t\t\t\t<\/div>\n\t\t\t\t<div class=\"elementor-element elementor-element-c3acc25 elementor-widget elementor-widget-image\" data-id=\"c3acc25\" data-element_type=\"widget\" data-e-type=\"widget\" data-widget_type=\"image.default\">\n\t\t\t\t<div class=\"elementor-widget-container\">\n\t\t\t\t\t\t\t\t\t\t\t\t\t\t\t\t<a href=\"https:\/\/www.babyloniababycarriers.eu\/wp-content\/uploads\/2025\/01\/TRICOT-CLICK_MANUAL_2024.pdf\" target=\"_blank\">\n\t\t\t\t\t\t\t<img decoding=\"async\" width=\"1050\" height=\"600\" src=\"https:\/\/www.babyloniababycarriers.eu\/wp-content\/uploads\/2025\/01\/Tricot-Click-MANUAL.jpg\" class=\"attachment-large size-large wp-image-9546\" alt=\"\" srcset=\"https:\/\/www.babyloniababycarriers.eu\/wp-content\/uploads\/2025\/01\/Tricot-Click-MANUAL.jpg 1050w, https:\/\/www.babyloniababycarriers.eu\/wp-content\/uploads\/2025\/01\/Tricot-Click-MANUAL-768x439.jpg 768w, https:\/\/www.babyloniababycarriers.eu\/wp-content\/uploads\/2025\/01\/Tricot-Click-MANUAL-1000x571.jpg 1000w\" sizes=\"(max-width: 1050px) 100vw, 1050px\" \/>\t\t\t\t\t\t\t\t<\/a>\n\t\t\t\t\t\t\t\t\t\t\t\t\t\t\t<\/div>\n\t\t\t\t<\/div>\n\t\t\t\t<div class=\"elementor-element elementor-element-907496a elementor-widget elementor-widget-image\" data-id=\"907496a\" data-element_type=\"widget\" data-e-type=\"widget\" data-widget_type=\"image.default\">\n\t\t\t\t<div class=\"elementor-widget-container\">\n\t\t\t\t\t\t\t\t\t\t\t\t\t\t\t\t<a href=\"https:\/\/www.babyloniababycarriers.eu\/wp-content\/uploads\/2025\/01\/TRICOT-EASY_MANUAL_2025.pdf\" target=\"_blank\">\n\t\t\t\t\t\t\t<img decoding=\"async\" width=\"1050\" height=\"600\" src=\"https:\/\/www.babyloniababycarriers.eu\/wp-content\/uploads\/2025\/01\/Tricot-Click-MANUAL-2.jpg\" class=\"attachment-large size-large wp-image-9559\" alt=\"\" srcset=\"https:\/\/www.babyloniababycarriers.eu\/wp-content\/uploads\/2025\/01\/Tricot-Click-MANUAL-2.jpg 1050w, https:\/\/www.babyloniababycarriers.eu\/wp-content\/uploads\/2025\/01\/Tricot-Click-MANUAL-2-768x439.jpg 768w, https:\/\/www.babyloniababycarriers.eu\/wp-content\/uploads\/2025\/01\/Tricot-Click-MANUAL-2-1000x571.jpg 1000w\" sizes=\"(max-width: 1050px) 100vw, 1050px\" \/>\t\t\t\t\t\t\t\t<\/a>\n\t\t\t\t\t\t\t\t\t\t\t\t\t\t\t<\/div>\n\t\t\t\t<\/div>\n\t\t\t\t<div class=\"elementor-element elementor-element-5778929 elementor-widget elementor-widget-image\" data-id=\"5778929\" data-element_type=\"widget\" data-e-type=\"widget\" data-widget_type=\"image.default\">\n\t\t\t\t<div class=\"elementor-widget-container\">\n\t\t\t\t\t\t\t\t\t\t\t\t\t\t\t\t<a href=\"https:\/\/www.babyloniababycarriers.eu\/wp-content\/uploads\/2025\/01\/TRICOT-SLEN_MANUAL-2024.pdf\" target=\"_blank\">\n\t\t\t\t\t\t\t<img loading=\"lazy\" decoding=\"async\" width=\"1050\" height=\"600\" src=\"https:\/\/www.babyloniababycarriers.eu\/wp-content\/uploads\/2025\/01\/Tricot-Click-MANUAL-3.jpg\" class=\"attachment-large size-large wp-image-9569\" alt=\"\" srcset=\"https:\/\/www.babyloniababycarriers.eu\/wp-content\/uploads\/2025\/01\/Tricot-Click-MANUAL-3.jpg 1050w, https:\/\/www.babyloniababycarriers.eu\/wp-content\/uploads\/2025\/01\/Tricot-Click-MANUAL-3-768x439.jpg 768w, https:\/\/www.babyloniababycarriers.eu\/wp-content\/uploads\/2025\/01\/Tricot-Click-MANUAL-3-1000x571.jpg 1000w\" sizes=\"(max-width: 1050px) 100vw, 1050px\" \/>\t\t\t\t\t\t\t\t<\/a>\n\t\t\t\t\t\t\t\t\t\t\t\t\t\t\t<\/div>\n\t\t\t\t<\/div>\n\t\t\t\t<div class=\"elementor-element elementor-element-fc4c556 elementor-widget elementor-widget-image\" data-id=\"fc4c556\" data-element_type=\"widget\" data-e-type=\"widget\" data-widget_type=\"image.default\">\n\t\t\t\t<div class=\"elementor-widget-container\">\n\t\t\t\t\t\t\t\t\t\t\t\t\t\t\t\t<a href=\"https:\/\/www.babyloniababycarriers.eu\/wp-content\/uploads\/2025\/01\/BB-SLEN_MANUAL_2025-DIGITAL.pdf\" target=\"_blank\">\n\t\t\t\t\t\t\t<img loading=\"lazy\" decoding=\"async\" width=\"1050\" height=\"600\" src=\"https:\/\/www.babyloniababycarriers.eu\/wp-content\/uploads\/2025\/01\/Tricot-Click-MANUAL-4.jpg\" class=\"attachment-large size-large wp-image-9579\" alt=\"\" srcset=\"https:\/\/www.babyloniababycarriers.eu\/wp-content\/uploads\/2025\/01\/Tricot-Click-MANUAL-4.jpg 1050w, https:\/\/www.babyloniababycarriers.eu\/wp-content\/uploads\/2025\/01\/Tricot-Click-MANUAL-4-768x439.jpg 768w, https:\/\/www.babyloniababycarriers.eu\/wp-content\/uploads\/2025\/01\/Tricot-Click-MANUAL-4-1000x571.jpg 1000w\" sizes=\"(max-width: 1050px) 100vw, 1050px\" \/>\t\t\t\t\t\t\t\t<\/a>\n\t\t\t\t\t\t\t\t\t\t\t\t\t\t\t<\/div>\n\t\t\t\t<\/div>\n\t\t\t\t<div class=\"elementor-element elementor-element-5bca7ca elementor-widget elementor-widget-image\" data-id=\"5bca7ca\" data-element_type=\"widget\" data-e-type=\"widget\" data-widget_type=\"image.default\">\n\t\t\t\t<div class=\"elementor-widget-container\">\n\t\t\t\t\t\t\t\t\t\t\t\t\t\t\t\t<a href=\"https:\/\/www.babyloniababycarriers.eu\/wp-content\/uploads\/2025\/01\/BB-SLING_MANUAL_Chamo-2024.pdf\" target=\"_blank\">\n\t\t\t\t\t\t\t<img loading=\"lazy\" decoding=\"async\" width=\"1050\" height=\"600\" src=\"https:\/\/www.babyloniababycarriers.eu\/wp-content\/uploads\/2025\/01\/Tricot-Click-MANUAL-6.jpg\" class=\"attachment-large size-large wp-image-9600\" alt=\"\" srcset=\"https:\/\/www.babyloniababycarriers.eu\/wp-content\/uploads\/2025\/01\/Tricot-Click-MANUAL-6.jpg 1050w, https:\/\/www.babyloniababycarriers.eu\/wp-content\/uploads\/2025\/01\/Tricot-Click-MANUAL-6-768x439.jpg 768w, https:\/\/www.babyloniababycarriers.eu\/wp-content\/uploads\/2025\/01\/Tricot-Click-MANUAL-6-1000x571.jpg 1000w\" sizes=\"(max-width: 1050px) 100vw, 1050px\" \/>\t\t\t\t\t\t\t\t<\/a>\n\t\t\t\t\t\t\t\t\t\t\t\t\t\t\t<\/div>\n\t\t\t\t<\/div>\n\t\t\t\t<div class=\"elementor-element elementor-element-c9768f7 elementor-widget elementor-widget-image\" data-id=\"c9768f7\" data-element_type=\"widget\" data-e-type=\"widget\" data-widget_type=\"image.default\">\n\t\t\t\t<div class=\"elementor-widget-container\">\n\t\t\t\t\t\t\t\t\t\t\t\t\t\t\t\t<a href=\"https:\/\/www.babyloniababycarriers.eu\/wp-content\/uploads\/2025\/01\/Manual-BB-TAI-2024.pdf\" target=\"_blank\">\n\t\t\t\t\t\t\t<img loading=\"lazy\" decoding=\"async\" width=\"1050\" height=\"600\" src=\"https:\/\/www.babyloniababycarriers.eu\/wp-content\/uploads\/2025\/01\/MANUAL.jpg\" class=\"attachment-large size-large wp-image-9610\" alt=\"\" srcset=\"https:\/\/www.babyloniababycarriers.eu\/wp-content\/uploads\/2025\/01\/MANUAL.jpg 1050w, https:\/\/www.babyloniababycarriers.eu\/wp-content\/uploads\/2025\/01\/MANUAL-768x439.jpg 768w, https:\/\/www.babyloniababycarriers.eu\/wp-content\/uploads\/2025\/01\/MANUAL-1000x571.jpg 1000w\" sizes=\"(max-width: 1050px) 100vw, 1050px\" \/>\t\t\t\t\t\t\t\t<\/a>\n\t\t\t\t\t\t\t\t\t\t\t\t\t\t\t<\/div>\n\t\t\t\t<\/div>\n\t\t\t\t\t<\/div>\n\t\t\t\t<\/div>\n\t\t\t\t<\/div>\n\t\t","protected":false},"excerpt":{"rendered":"<p>Manuels D\u00e9couvrez les instructions \u00e9tape par \u00e9tape pour tous nos syst\u00e8mes de portage. Que vous utilisiez un nouveau porte-b\u00e9b\u00e9 Babylonia ou que vous souhaitiez simplement rafra\u00eechir vos connaissances, nos manuels vous apportent toute l&rsquo;aide dont vous avez besoin. Portez avec facilit\u00e9 et en toute confiance !<\/p>\n","protected":false},"author":6,"featured_media":0,"parent":0,"menu_order":0,"comment_status":"closed","ping_status":"closed","template":"","meta":{"footnotes":""},"class_list":["post-10054","page","type-page","status-publish","hentry"],"jetpack_sharing_enabled":true,"_links":{"self":[{"href":"https:\/\/www.babyloniababycarriers.eu\/fr\/wp-json\/wp\/v2\/pages\/10054","targetHints":{"allow":["GET"]}}],"collection":[{"href":"https:\/\/www.babyloniababycarriers.eu\/fr\/wp-json\/wp\/v2\/pages"}],"about":[{"href":"https:\/\/www.babyloniababycarriers.eu\/fr\/wp-json\/wp\/v2\/types\/page"}],"author":[{"embeddable":true,"href":"https:\/\/www.babyloniababycarriers.eu\/fr\/wp-json\/wp\/v2\/users\/6"}],"replies":[{"embeddable":true,"href":"https:\/\/www.babyloniababycarriers.eu\/fr\/wp-json\/wp\/v2\/comments?post=10054"}],"version-history":[{"count":2,"href":"https:\/\/www.babyloniababycarriers.eu\/fr\/wp-json\/wp\/v2\/pages\/10054\/revisions"}],"predecessor-version":[{"id":10197,"href":"https:\/\/www.babyloniababycarriers.eu\/fr\/wp-json\/wp\/v2\/pages\/10054\/revisions\/10197"}],"wp:attachment":[{"href":"https:\/\/www.babyloniababycarriers.eu\/fr\/wp-json\/wp\/v2\/media?parent=10054"}],"curies":[{"name":"wp","href":"https:\/\/api.w.org\/{rel}","templated":true}]}}