{"id":8595,"date":"2024-02-12T20:15:00","date_gmt":"2024-02-12T20:15:00","guid":{"rendered":"https:\/\/www.babyloniababycarriers.eu\/product\/bola-conjunto-de-collar-y-pulsera-bola-colgante-mama-bebe-de-cuentas-de-piedra-con-bano-de-oro-talla-unica\/"},"modified":"2025-02-07T13:29:17","modified_gmt":"2025-02-07T12:29:17","slug":"bola-conjunto-de-collar-y-pulsera-bola-colgante-mama-bebe-de-cuentas-de-piedra-con-bano-de-oro-talla-unica","status":"publish","type":"product","link":"https:\/\/www.babyloniababycarriers.eu\/es\/product\/bola-conjunto-de-collar-y-pulsera-bola-colgante-mama-bebe-de-cuentas-de-piedra-con-bano-de-oro-talla-unica\/","title":{"rendered":"Bola &#8211; Conjunto de collar y pulsera Bola &#8211; Colgante mam\u00e1\/beb\u00e9 de cuentas de piedra con ba\u00f1o de oro &#8211; Talla \u00fanica"},"content":{"rendered":"<p>A partir de las 20 semanas de embarazo, tu beb\u00e9 reconocer\u00e1 tu voz, los latidos de tu coraz\u00f3n y otros sonidos. Tambi\u00e9n el suave sonido de la campana de embarazo de Babilonia: una joya hecha a mano en M\u00e9xico con un xil\u00f3fono. Lleva la Bola baja sobre tu vientre de embarazada, en un collar largo. Con cada movimiento, la Bola emite un sonido relajante. Un suave tintineo que suena familiar para tu beb\u00e9, antes y despu\u00e9s del parto. Nuestros conjuntos son ideales como regalos de maternidad. Gracias a la pulsera, regala a mam\u00e1 un recuerdo maravilloso y duradero de este periodo m\u00e1gico, incluso despu\u00e9s del embarazo.    <\/p>\n","protected":false},"excerpt":{"rendered":"<p>Un collar Bola y una pulsera a juego, presentados en un estuche de regalo de joyer\u00eda negro. La pulsera te permite llevar un accesorio duradero que te recuerde este periodo m\u00e1gico incluso despu\u00e9s del embarazo. <\/p>\n","protected":false},"featured_media":2199,"comment_status":"open","ping_status":"closed","template":"","meta":[],"product_brand":[],"product_cat":[93],"product_tag":[],"class_list":{"0":"post-8595","1":"product","2":"type-product","3":"status-publish","4":"has-post-thumbnail","6":"product_cat-baby-bola-es","8":"first","9":"instock","10":"taxable","11":"shipping-taxable","12":"purchasable","13":"product-type-simple"},"jetpack_sharing_enabled":true,"_links":{"self":[{"href":"https:\/\/www.babyloniababycarriers.eu\/es\/wp-json\/wp\/v2\/product\/8595","targetHints":{"allow":["GET"]}}],"collection":[{"href":"https:\/\/www.babyloniababycarriers.eu\/es\/wp-json\/wp\/v2\/product"}],"about":[{"href":"https:\/\/www.babyloniababycarriers.eu\/es\/wp-json\/wp\/v2\/types\/product"}],"replies":[{"embeddable":true,"href":"https:\/\/www.babyloniababycarriers.eu\/es\/wp-json\/wp\/v2\/comments?post=8595"}],"version-history":[{"count":0,"href":"https:\/\/www.babyloniababycarriers.eu\/es\/wp-json\/wp\/v2\/product\/8595\/revisions"}],"wp:featuredmedia":[{"embeddable":true,"href":"https:\/\/www.babyloniababycarriers.eu\/es\/wp-json\/wp\/v2\/media\/2199"}],"wp:attachment":[{"href":"https:\/\/www.babyloniababycarriers.eu\/es\/wp-json\/wp\/v2\/media?parent=8595"}],"wp:term":[{"taxonomy":"product_brand","embeddable":true,"href":"https:\/\/www.babyloniababycarriers.eu\/es\/wp-json\/wp\/v2\/product_brand?post=8595"},{"taxonomy":"product_cat","embeddable":true,"href":"https:\/\/www.babyloniababycarriers.eu\/es\/wp-json\/wp\/v2\/product_cat?post=8595"},{"taxonomy":"product_tag","embeddable":true,"href":"https:\/\/www.babyloniababycarriers.eu\/es\/wp-json\/wp\/v2\/product_tag?post=8595"}],"curies":[{"name":"wp","href":"https:\/\/api.w.org\/{rel}","templated":true}]}}