{"id":7791,"date":"2024-02-12T20:15:08","date_gmt":"2024-02-12T20:15:08","guid":{"rendered":"https:\/\/www.babyloniababycarriers.eu\/product\/bola-oro-con-encanto-de-mariposa-talla-unica\/"},"modified":"2025-02-07T13:28:58","modified_gmt":"2025-02-07T12:28:58","slug":"bola-oro-con-encanto-de-mariposa-talla-unica","status":"publish","type":"product","link":"https:\/\/www.babyloniababycarriers.eu\/es\/product\/bola-oro-con-encanto-de-mariposa-talla-unica\/","title":{"rendered":"Bola &#8211; Oro con Encanto de Mariposa &#8211; Talla \u00fanica"},"content":{"rendered":"<p>A partir de las 20 semanas de embarazo, tu beb\u00e9 reconocer\u00e1 tu voz, los latidos de tu coraz\u00f3n y muchos otros sonidos, incluidos los relajantes, como la bola de embarazo de Babilonia. La bola del embarazo es una joya mexicana hecha a mano que contiene un peque\u00f1o xil\u00f3fono. Lleva la Bola contra tu vientre con una larga cadena. Con cada movimiento, la Bola emitir\u00e1 un sonido relajante, un suave tintineo que tu beb\u00e9 conocer\u00e1, tanto antes como despu\u00e9s del parto. Despu\u00e9s del nacimiento, cose la Bola al peluche de tu beb\u00e9 para recordarle los dulces sonidos que o\u00eda en tu vientre. Combina esta hermosa joya con un collar Bola de oro rosa, oro o plata, y ser\u00e1s el centro de todas las miradas, \u00a1incluso para tu beb\u00e9! Nuestras Bolas est\u00e1n chapadas en oro, oro rosa o plata. Los modelos de colores est\u00e1n recubiertos de resina coloreada. Todas est\u00e1n libres de n\u00edquel y plomo y, por tanto, no son perjudiciales para la madre ni para el beb\u00e9. Se venden con un eslab\u00f3n de algod\u00f3n negro 100%, de 120 cm de longitud.         <\/p>\n","protected":false},"excerpt":{"rendered":"<p>Lleva la Bola contra tu vientre con una larga cadena. Con cada movimiento, la Bola emitir\u00e1 un sonido relajante, un suave tintineo que tu beb\u00e9 conoce. <\/p>\n","protected":false},"featured_media":1285,"comment_status":"open","ping_status":"closed","template":"","meta":[],"product_brand":[],"product_cat":[93],"product_tag":[],"class_list":{"0":"post-7791","1":"product","2":"type-product","3":"status-publish","4":"has-post-thumbnail","6":"product_cat-baby-bola-es","8":"first","9":"outofstock","10":"taxable","11":"shipping-taxable","12":"purchasable","13":"product-type-simple"},"jetpack_sharing_enabled":true,"_links":{"self":[{"href":"https:\/\/www.babyloniababycarriers.eu\/es\/wp-json\/wp\/v2\/product\/7791","targetHints":{"allow":["GET"]}}],"collection":[{"href":"https:\/\/www.babyloniababycarriers.eu\/es\/wp-json\/wp\/v2\/product"}],"about":[{"href":"https:\/\/www.babyloniababycarriers.eu\/es\/wp-json\/wp\/v2\/types\/product"}],"replies":[{"embeddable":true,"href":"https:\/\/www.babyloniababycarriers.eu\/es\/wp-json\/wp\/v2\/comments?post=7791"}],"version-history":[{"count":0,"href":"https:\/\/www.babyloniababycarriers.eu\/es\/wp-json\/wp\/v2\/product\/7791\/revisions"}],"wp:featuredmedia":[{"embeddable":true,"href":"https:\/\/www.babyloniababycarriers.eu\/es\/wp-json\/wp\/v2\/media\/1285"}],"wp:attachment":[{"href":"https:\/\/www.babyloniababycarriers.eu\/es\/wp-json\/wp\/v2\/media?parent=7791"}],"wp:term":[{"taxonomy":"product_brand","embeddable":true,"href":"https:\/\/www.babyloniababycarriers.eu\/es\/wp-json\/wp\/v2\/product_brand?post=7791"},{"taxonomy":"product_cat","embeddable":true,"href":"https:\/\/www.babyloniababycarriers.eu\/es\/wp-json\/wp\/v2\/product_cat?post=7791"},{"taxonomy":"product_tag","embeddable":true,"href":"https:\/\/www.babyloniababycarriers.eu\/es\/wp-json\/wp\/v2\/product_tag?post=7791"}],"curies":[{"name":"wp","href":"https:\/\/api.w.org\/{rel}","templated":true}]}}