{"id":7659,"date":"2024-02-15T19:00:40","date_gmt":"2024-02-15T19:00:40","guid":{"rendered":"https:\/\/www.babyloniababycarriers.eu\/product\/tricot-click-almond-melange-talla-unica\/"},"modified":"2025-02-07T13:28:50","modified_gmt":"2025-02-07T12:28:50","slug":"tricot-click-almond-melange-talla-unica","status":"publish","type":"product","link":"https:\/\/www.babyloniababycarriers.eu\/es\/product\/tricot-click-almond-melange-talla-unica\/","title":{"rendered":"Tricot-Click &#8211; Almond Melange &#8211; Talla \u00fanica"},"content":{"rendered":"<p>Tricot-Click es la combinaci\u00f3n perfecta de la comodidad de un fular el\u00e1stico y la facilidad de uso de una mochila porta beb\u00e9 ergon\u00f3mica. Mochila portabeb\u00e9s ergon\u00f3mica adaptable desde el nacimiento hasta los 15 kg. Material de fular extensible, flexible y suave, para un asiento que se adapta perfectamente a la morfolog\u00eda del beb\u00e9. 2 posiciones: boca abajo y boca arriba. Distribuci\u00f3n \u00f3ptima del peso para mayor comodidad. F\u00e1cil de poner y ajustar. Anchura y altura regulables para evolucionar con el beb\u00e9.      <\/p>\n","protected":false},"excerpt":{"rendered":"<p>Tricot-Click es la combinaci\u00f3n perfecta de la comodidad de un fular el\u00e1stico y la facilidad de uso de una mochila porta beb\u00e9 ergon\u00f3mica. Mochila portabeb\u00e9s ergon\u00f3mica adaptable desde el nacimiento hasta los 15 kg. Material de fular extensible, flexible y suave, para un asiento que se adapta perfectamente a la morfolog\u00eda del beb\u00e9. 2 posiciones: boca abajo y boca arriba. Distribuci\u00f3n \u00f3ptima del peso para mayor comodidad. F\u00e1cil de poner y ajustar. Anchura y altura regulables para evolucionar con el beb\u00e9.      <\/p>\n","protected":false},"featured_media":1103,"comment_status":"open","ping_status":"closed","template":"","meta":[],"product_brand":[],"product_cat":[111],"product_tag":[],"class_list":{"0":"post-7659","1":"product","2":"type-product","3":"status-publish","4":"has-post-thumbnail","6":"product_cat-mochilas-porta-bebe-ergonomicas","8":"first","9":"instock","10":"taxable","11":"shipping-taxable","12":"purchasable","13":"product-type-simple"},"jetpack_sharing_enabled":true,"_links":{"self":[{"href":"https:\/\/www.babyloniababycarriers.eu\/es\/wp-json\/wp\/v2\/product\/7659","targetHints":{"allow":["GET"]}}],"collection":[{"href":"https:\/\/www.babyloniababycarriers.eu\/es\/wp-json\/wp\/v2\/product"}],"about":[{"href":"https:\/\/www.babyloniababycarriers.eu\/es\/wp-json\/wp\/v2\/types\/product"}],"replies":[{"embeddable":true,"href":"https:\/\/www.babyloniababycarriers.eu\/es\/wp-json\/wp\/v2\/comments?post=7659"}],"version-history":[{"count":0,"href":"https:\/\/www.babyloniababycarriers.eu\/es\/wp-json\/wp\/v2\/product\/7659\/revisions"}],"wp:featuredmedia":[{"embeddable":true,"href":"https:\/\/www.babyloniababycarriers.eu\/es\/wp-json\/wp\/v2\/media\/1103"}],"wp:attachment":[{"href":"https:\/\/www.babyloniababycarriers.eu\/es\/wp-json\/wp\/v2\/media?parent=7659"}],"wp:term":[{"taxonomy":"product_brand","embeddable":true,"href":"https:\/\/www.babyloniababycarriers.eu\/es\/wp-json\/wp\/v2\/product_brand?post=7659"},{"taxonomy":"product_cat","embeddable":true,"href":"https:\/\/www.babyloniababycarriers.eu\/es\/wp-json\/wp\/v2\/product_cat?post=7659"},{"taxonomy":"product_tag","embeddable":true,"href":"https:\/\/www.babyloniababycarriers.eu\/es\/wp-json\/wp\/v2\/product_tag?post=7659"}],"curies":[{"name":"wp","href":"https:\/\/api.w.org\/{rel}","templated":true}]}}