{"id":7600,"date":"2024-02-15T19:11:41","date_gmt":"2024-02-15T19:11:41","guid":{"rendered":"https:\/\/www.babyloniababycarriers.eu\/product\/fular-portabebes-campanula-azul-acolchado\/"},"modified":"2025-02-07T13:28:46","modified_gmt":"2025-02-07T12:28:46","slug":"fular-portabebes-campanula-azul-acolchado","status":"publish","type":"product","link":"https:\/\/www.babyloniababycarriers.eu\/es\/product\/fular-portabebes-campanula-azul-acolchado\/","title":{"rendered":"Fular portabeb\u00e9s &#8211; Campanula azul &#8211; acolchado"},"content":{"rendered":"<p>Arn\u00e9s tejido sin nudos con anillas. Ideal para llevar a la cadera o boca abajo desde el nacimiento hasta los 15 kg. La mejor opci\u00f3n para la lactancia materna en todas las situaciones. Muy f\u00e1cil y r\u00e1pido de poner.<\/p>\n","protected":false},"excerpt":{"rendered":"<p>Arn\u00e9s tejido sin nudos con anillas. Ideal para llevar a la cadera o boca abajo desde el nacimiento hasta los 15 kg. La mejor opci\u00f3n para la lactancia materna en todas las situaciones. Muy f\u00e1cil y r\u00e1pido de poner.<\/p>\n","protected":false},"featured_media":1131,"comment_status":"open","ping_status":"closed","template":"","meta":[],"product_brand":[],"product_cat":[138,129],"product_tag":[],"class_list":{"0":"post-7600","1":"product","2":"type-product","3":"status-publish","4":"has-post-thumbnail","6":"product_cat-eslinga-de-anillas","7":"product_cat-eslingas-tejidas-es","9":"first","10":"instock","11":"taxable","12":"shipping-taxable","13":"purchasable","14":"product-type-simple"},"jetpack_sharing_enabled":true,"_links":{"self":[{"href":"https:\/\/www.babyloniababycarriers.eu\/es\/wp-json\/wp\/v2\/product\/7600","targetHints":{"allow":["GET"]}}],"collection":[{"href":"https:\/\/www.babyloniababycarriers.eu\/es\/wp-json\/wp\/v2\/product"}],"about":[{"href":"https:\/\/www.babyloniababycarriers.eu\/es\/wp-json\/wp\/v2\/types\/product"}],"replies":[{"embeddable":true,"href":"https:\/\/www.babyloniababycarriers.eu\/es\/wp-json\/wp\/v2\/comments?post=7600"}],"version-history":[{"count":0,"href":"https:\/\/www.babyloniababycarriers.eu\/es\/wp-json\/wp\/v2\/product\/7600\/revisions"}],"wp:featuredmedia":[{"embeddable":true,"href":"https:\/\/www.babyloniababycarriers.eu\/es\/wp-json\/wp\/v2\/media\/1131"}],"wp:attachment":[{"href":"https:\/\/www.babyloniababycarriers.eu\/es\/wp-json\/wp\/v2\/media?parent=7600"}],"wp:term":[{"taxonomy":"product_brand","embeddable":true,"href":"https:\/\/www.babyloniababycarriers.eu\/es\/wp-json\/wp\/v2\/product_brand?post=7600"},{"taxonomy":"product_cat","embeddable":true,"href":"https:\/\/www.babyloniababycarriers.eu\/es\/wp-json\/wp\/v2\/product_cat?post=7600"},{"taxonomy":"product_tag","embeddable":true,"href":"https:\/\/www.babyloniababycarriers.eu\/es\/wp-json\/wp\/v2\/product_tag?post=7600"}],"curies":[{"name":"wp","href":"https:\/\/api.w.org\/{rel}","templated":true}]}}