{"id":7591,"date":"2024-02-15T19:11:40","date_gmt":"2024-02-15T19:11:40","guid":{"rendered":"https:\/\/www.babyloniababycarriers.eu\/product\/cabestrillo-bb-berry-dusk-acolchado\/"},"modified":"2025-02-07T13:28:46","modified_gmt":"2025-02-07T12:28:46","slug":"cabestrillo-bb-berry-dusk-acolchado","status":"publish","type":"product","link":"https:\/\/www.babyloniababycarriers.eu\/es\/product\/cabestrillo-bb-berry-dusk-acolchado\/","title":{"rendered":"Cabestrillo BB &#8211; Berry dusk &#8211; acolchado"},"content":{"rendered":"<p>Fular tejido sin nudos con anillas. Ideal para llevar a la cadera o boca abajo desde el nacimiento hasta los 15 kg. La mejor opci\u00f3n para la lactancia en todas las situaciones. Muy f\u00e1cil y r\u00e1pido de poner.   <\/p>\n","protected":false},"excerpt":{"rendered":"<p>Fular tejido sin nudos con anillas. Ideal para llevar a la cadera o boca abajo desde el nacimiento hasta los 15 kg. La mejor opci\u00f3n para la lactancia en todas las situaciones. Muy f\u00e1cil y r\u00e1pido de poner.   <\/p>\n","protected":false},"featured_media":1112,"comment_status":"open","ping_status":"closed","template":"","meta":[],"product_brand":[],"product_cat":[138,129],"product_tag":[],"class_list":{"0":"post-7591","1":"product","2":"type-product","3":"status-publish","4":"has-post-thumbnail","6":"product_cat-eslinga-de-anillas","7":"product_cat-eslingas-tejidas-es","9":"first","10":"outofstock","11":"taxable","12":"shipping-taxable","13":"purchasable","14":"product-type-simple"},"jetpack_sharing_enabled":true,"_links":{"self":[{"href":"https:\/\/www.babyloniababycarriers.eu\/es\/wp-json\/wp\/v2\/product\/7591","targetHints":{"allow":["GET"]}}],"collection":[{"href":"https:\/\/www.babyloniababycarriers.eu\/es\/wp-json\/wp\/v2\/product"}],"about":[{"href":"https:\/\/www.babyloniababycarriers.eu\/es\/wp-json\/wp\/v2\/types\/product"}],"replies":[{"embeddable":true,"href":"https:\/\/www.babyloniababycarriers.eu\/es\/wp-json\/wp\/v2\/comments?post=7591"}],"version-history":[{"count":0,"href":"https:\/\/www.babyloniababycarriers.eu\/es\/wp-json\/wp\/v2\/product\/7591\/revisions"}],"wp:featuredmedia":[{"embeddable":true,"href":"https:\/\/www.babyloniababycarriers.eu\/es\/wp-json\/wp\/v2\/media\/1112"}],"wp:attachment":[{"href":"https:\/\/www.babyloniababycarriers.eu\/es\/wp-json\/wp\/v2\/media?parent=7591"}],"wp:term":[{"taxonomy":"product_brand","embeddable":true,"href":"https:\/\/www.babyloniababycarriers.eu\/es\/wp-json\/wp\/v2\/product_brand?post=7591"},{"taxonomy":"product_cat","embeddable":true,"href":"https:\/\/www.babyloniababycarriers.eu\/es\/wp-json\/wp\/v2\/product_cat?post=7591"},{"taxonomy":"product_tag","embeddable":true,"href":"https:\/\/www.babyloniababycarriers.eu\/es\/wp-json\/wp\/v2\/product_tag?post=7591"}],"curies":[{"name":"wp","href":"https:\/\/api.w.org\/{rel}","templated":true}]}}