{"id":7542,"date":"2024-02-15T19:11:38","date_gmt":"2024-02-15T19:11:38","guid":{"rendered":"https:\/\/www.babyloniababycarriers.eu\/product\/hamaca-bebe-gris-turbulencia-talla-unica\/"},"modified":"2025-02-07T13:28:44","modified_gmt":"2025-02-07T12:28:44","slug":"hamaca-bebe-gris-turbulencia-talla-unica","status":"publish","type":"product","link":"https:\/\/www.babyloniababycarriers.eu\/es\/product\/hamaca-bebe-gris-turbulencia-talla-unica\/","title":{"rendered":"Hamaca Beb\u00e9 &#8211; Gris Turbulencia &#8211; Talla \u00fanica"},"content":{"rendered":"<p>La hamaca permite que el beb\u00e9 se balancee de forma natural y crea un lugar seguro para tu reci\u00e9n nacido. El beb\u00e9 se tumba en posici\u00f3n fetal natural y la hamaca sostiene la espalda por igual en todas partes, mientras tu beb\u00e9 conserva su libertad de movimientos. Los robustos lazos facilitan colgar la hamaca en el parque\/parque infantil. Especialmente indicada para beb\u00e9s de 0 a 4 meses. Superficie para tumbarse: 90 cm x 80 cm. <\/p>\n","protected":false},"excerpt":{"rendered":"<p>La hamaca permite que el beb\u00e9 se balancee de forma natural y crea un lugar seguro para tu reci\u00e9n nacido. El beb\u00e9 se tumba en posici\u00f3n fetal natural y la hamaca sostiene la espalda por igual en todas partes, mientras tu beb\u00e9 conserva su libertad de movimientos. Los robustos lazos facilitan colgar la hamaca en el parque\/parque infantil. Especialmente indicada para beb\u00e9s de 0 a 4 meses. Superficie para tumbarse: 90 cm x 80 cm. <\/p>\n","protected":false},"featured_media":2169,"comment_status":"open","ping_status":"closed","template":"","meta":[],"product_brand":[],"product_cat":[139],"product_tag":[],"class_list":{"0":"post-7542","1":"product","2":"type-product","3":"status-publish","4":"has-post-thumbnail","6":"product_cat-hamacas-para-bebes","8":"first","9":"instock","10":"taxable","11":"shipping-taxable","12":"purchasable","13":"product-type-simple"},"jetpack_sharing_enabled":true,"_links":{"self":[{"href":"https:\/\/www.babyloniababycarriers.eu\/es\/wp-json\/wp\/v2\/product\/7542","targetHints":{"allow":["GET"]}}],"collection":[{"href":"https:\/\/www.babyloniababycarriers.eu\/es\/wp-json\/wp\/v2\/product"}],"about":[{"href":"https:\/\/www.babyloniababycarriers.eu\/es\/wp-json\/wp\/v2\/types\/product"}],"replies":[{"embeddable":true,"href":"https:\/\/www.babyloniababycarriers.eu\/es\/wp-json\/wp\/v2\/comments?post=7542"}],"version-history":[{"count":0,"href":"https:\/\/www.babyloniababycarriers.eu\/es\/wp-json\/wp\/v2\/product\/7542\/revisions"}],"wp:featuredmedia":[{"embeddable":true,"href":"https:\/\/www.babyloniababycarriers.eu\/es\/wp-json\/wp\/v2\/media\/2169"}],"wp:attachment":[{"href":"https:\/\/www.babyloniababycarriers.eu\/es\/wp-json\/wp\/v2\/media?parent=7542"}],"wp:term":[{"taxonomy":"product_brand","embeddable":true,"href":"https:\/\/www.babyloniababycarriers.eu\/es\/wp-json\/wp\/v2\/product_brand?post=7542"},{"taxonomy":"product_cat","embeddable":true,"href":"https:\/\/www.babyloniababycarriers.eu\/es\/wp-json\/wp\/v2\/product_cat?post=7542"},{"taxonomy":"product_tag","embeddable":true,"href":"https:\/\/www.babyloniababycarriers.eu\/es\/wp-json\/wp\/v2\/product_tag?post=7542"}],"curies":[{"name":"wp","href":"https:\/\/api.w.org\/{rel}","templated":true}]}}