{"id":7345,"date":"2024-02-15T19:11:45","date_gmt":"2024-02-15T19:11:45","guid":{"rendered":"https:\/\/www.babyloniababycarriers.eu\/product\/bb-tai-black-beans-sizer\/"},"modified":"2025-02-07T13:28:31","modified_gmt":"2025-02-07T12:28:31","slug":"bb-tai-black-beans-sizer","status":"publish","type":"product","link":"https:\/\/www.babyloniababycarriers.eu\/es\/product\/bb-tai-black-beans-sizer\/","title":{"rendered":"BB-tai &#8211; Alubias negras &#8211; sizer"},"content":{"rendered":"<p>La sencillez de una mochila porta beb\u00e9 combinada con la capacidad de carga de una tela tejida. Puede utilizarse desde el nacimiento hasta los 20 kg sobre el vientre o la espalda. Permite llevar c\u00f3modamente a beb\u00e9s m\u00e1s grandes y mayores.  <\/p>\n","protected":false},"excerpt":{"rendered":"<p>La sencillez de una mochila porta beb\u00e9 combinada con la capacidad de carga de una tela tejida. Puede utilizarse desde el nacimiento hasta los 20 kg sobre el vientre o la espalda. Permite llevar c\u00f3modamente a beb\u00e9s m\u00e1s grandes y mayores.  <\/p>\n","protected":false},"featured_media":4104,"comment_status":"open","ping_status":"closed","template":"","meta":[],"product_brand":[],"product_cat":[129],"product_tag":[],"class_list":{"0":"post-7345","1":"product","2":"type-product","3":"status-publish","4":"has-post-thumbnail","6":"product_cat-eslingas-tejidas-es","8":"first","9":"instock","10":"taxable","11":"shipping-taxable","12":"purchasable","13":"product-type-simple"},"jetpack_sharing_enabled":true,"_links":{"self":[{"href":"https:\/\/www.babyloniababycarriers.eu\/es\/wp-json\/wp\/v2\/product\/7345","targetHints":{"allow":["GET"]}}],"collection":[{"href":"https:\/\/www.babyloniababycarriers.eu\/es\/wp-json\/wp\/v2\/product"}],"about":[{"href":"https:\/\/www.babyloniababycarriers.eu\/es\/wp-json\/wp\/v2\/types\/product"}],"replies":[{"embeddable":true,"href":"https:\/\/www.babyloniababycarriers.eu\/es\/wp-json\/wp\/v2\/comments?post=7345"}],"version-history":[{"count":1,"href":"https:\/\/www.babyloniababycarriers.eu\/es\/wp-json\/wp\/v2\/product\/7345\/revisions"}],"predecessor-version":[{"id":9125,"href":"https:\/\/www.babyloniababycarriers.eu\/es\/wp-json\/wp\/v2\/product\/7345\/revisions\/9125"}],"wp:featuredmedia":[{"embeddable":true,"href":"https:\/\/www.babyloniababycarriers.eu\/es\/wp-json\/wp\/v2\/media\/4104"}],"wp:attachment":[{"href":"https:\/\/www.babyloniababycarriers.eu\/es\/wp-json\/wp\/v2\/media?parent=7345"}],"wp:term":[{"taxonomy":"product_brand","embeddable":true,"href":"https:\/\/www.babyloniababycarriers.eu\/es\/wp-json\/wp\/v2\/product_brand?post=7345"},{"taxonomy":"product_cat","embeddable":true,"href":"https:\/\/www.babyloniababycarriers.eu\/es\/wp-json\/wp\/v2\/product_cat?post=7345"},{"taxonomy":"product_tag","embeddable":true,"href":"https:\/\/www.babyloniababycarriers.eu\/es\/wp-json\/wp\/v2\/product_tag?post=7345"}],"curies":[{"name":"wp","href":"https:\/\/api.w.org\/{rel}","templated":true}]}}