{"id":7174,"date":"2024-02-15T19:11:54","date_gmt":"2024-02-15T19:11:54","guid":{"rendered":"https:\/\/www.babyloniababycarriers.eu\/product\/tricot-slen-organic-tropical-petrol-one-size\/"},"modified":"2025-08-07T19:05:46","modified_gmt":"2025-08-07T17:05:46","slug":"tricot-slen-organic-tropical-petrol-one-size","status":"publish","type":"product","link":"https:\/\/www.babyloniababycarriers.eu\/es\/product\/tricot-slen-organic-tropical-petrol-one-size\/","title":{"rendered":"Tricot-Slen Organic &#8211; Tropical petrol &#8211; Talla \u00fanica"},"content":{"rendered":"<p>Nuestro primer fular, 25 a\u00f1os de servicio y \u00a1todav\u00eda el mejor fular el\u00e1stico!<\/p>\n<p> M\u00e9todo de punto \u00fanico que da al fular la elasticidad justa para que sea f\u00e1cil de poner y, adem\u00e1s, proporciona una sujeci\u00f3n excelente y evita los rebotes (saltos). <\/p>\n","protected":false},"excerpt":{"rendered":"<p>Nuestro primer fular, 25 a\u00f1os de servicio y \u00a1todav\u00eda el mejor fular el\u00e1stico!<\/p>\n<p> M\u00e9todo de punto \u00fanico que da al fular la elasticidad justa para que sea f\u00e1cil de poner y, adem\u00e1s, proporciona una sujeci\u00f3n excelente y evita los rebotes (saltos). <\/p>\n","protected":false},"featured_media":4374,"comment_status":"open","ping_status":"closed","template":"","meta":[],"product_brand":[],"product_cat":[120],"product_tag":[],"class_list":{"0":"post-7174","1":"product","2":"type-product","3":"status-publish","4":"has-post-thumbnail","6":"product_cat-rebajas","8":"first","9":"outofstock","10":"sale","11":"taxable","12":"shipping-taxable","13":"purchasable","14":"product-type-simple"},"jetpack_sharing_enabled":true,"_links":{"self":[{"href":"https:\/\/www.babyloniababycarriers.eu\/es\/wp-json\/wp\/v2\/product\/7174","targetHints":{"allow":["GET"]}}],"collection":[{"href":"https:\/\/www.babyloniababycarriers.eu\/es\/wp-json\/wp\/v2\/product"}],"about":[{"href":"https:\/\/www.babyloniababycarriers.eu\/es\/wp-json\/wp\/v2\/types\/product"}],"replies":[{"embeddable":true,"href":"https:\/\/www.babyloniababycarriers.eu\/es\/wp-json\/wp\/v2\/comments?post=7174"}],"version-history":[{"count":1,"href":"https:\/\/www.babyloniababycarriers.eu\/es\/wp-json\/wp\/v2\/product\/7174\/revisions"}],"predecessor-version":[{"id":9024,"href":"https:\/\/www.babyloniababycarriers.eu\/es\/wp-json\/wp\/v2\/product\/7174\/revisions\/9024"}],"wp:featuredmedia":[{"embeddable":true,"href":"https:\/\/www.babyloniababycarriers.eu\/es\/wp-json\/wp\/v2\/media\/4374"}],"wp:attachment":[{"href":"https:\/\/www.babyloniababycarriers.eu\/es\/wp-json\/wp\/v2\/media?parent=7174"}],"wp:term":[{"taxonomy":"product_brand","embeddable":true,"href":"https:\/\/www.babyloniababycarriers.eu\/es\/wp-json\/wp\/v2\/product_brand?post=7174"},{"taxonomy":"product_cat","embeddable":true,"href":"https:\/\/www.babyloniababycarriers.eu\/es\/wp-json\/wp\/v2\/product_cat?post=7174"},{"taxonomy":"product_tag","embeddable":true,"href":"https:\/\/www.babyloniababycarriers.eu\/es\/wp-json\/wp\/v2\/product_tag?post=7174"}],"curies":[{"name":"wp","href":"https:\/\/api.w.org\/{rel}","templated":true}]}}