{"id":7147,"date":"2024-02-15T19:11:55","date_gmt":"2024-02-15T19:11:55","guid":{"rendered":"https:\/\/www.babyloniababycarriers.eu\/product\/tricot-slen-bamboo-smokey-grey-one-size\/"},"modified":"2025-02-07T13:28:20","modified_gmt":"2025-02-07T12:28:20","slug":"tricot-slen-bamboo-smokey-grey-one-size","status":"publish","type":"product","link":"https:\/\/www.babyloniababycarriers.eu\/es\/product\/tricot-slen-bamboo-smokey-grey-one-size\/","title":{"rendered":"Tricot-slen bamboo &#8211; Gris ahumado &#8211; Talla \u00fanica"},"content":{"rendered":"<p>El bamb\u00fa confiere al Tricot-Slen sus propiedades \u00fanicas: extra suave, transpirable, hipoalerg\u00e9nico, antibacteriano y con un filtro UV natural, para un fular lleno de beneficios naturales<\/p>\n","protected":false},"excerpt":{"rendered":"<p>El bamb\u00fa confiere al Tricot-Slen sus propiedades \u00fanicas: extra suave, transpirable, hipoalerg\u00e9nico, antibacteriano y con un filtro UV natural, para un fular lleno de beneficios naturales<\/p>\n","protected":false},"featured_media":4437,"comment_status":"open","ping_status":"closed","template":"","meta":[],"product_brand":[],"product_cat":[102],"product_tag":[],"class_list":{"0":"post-7147","1":"product","2":"type-product","3":"status-publish","4":"has-post-thumbnail","6":"product_cat-fulares-elasticos","8":"first","9":"instock","10":"taxable","11":"shipping-taxable","12":"purchasable","13":"product-type-simple"},"jetpack_sharing_enabled":true,"_links":{"self":[{"href":"https:\/\/www.babyloniababycarriers.eu\/es\/wp-json\/wp\/v2\/product\/7147","targetHints":{"allow":["GET"]}}],"collection":[{"href":"https:\/\/www.babyloniababycarriers.eu\/es\/wp-json\/wp\/v2\/product"}],"about":[{"href":"https:\/\/www.babyloniababycarriers.eu\/es\/wp-json\/wp\/v2\/types\/product"}],"replies":[{"embeddable":true,"href":"https:\/\/www.babyloniababycarriers.eu\/es\/wp-json\/wp\/v2\/comments?post=7147"}],"version-history":[{"count":1,"href":"https:\/\/www.babyloniababycarriers.eu\/es\/wp-json\/wp\/v2\/product\/7147\/revisions"}],"predecessor-version":[{"id":8935,"href":"https:\/\/www.babyloniababycarriers.eu\/es\/wp-json\/wp\/v2\/product\/7147\/revisions\/8935"}],"wp:featuredmedia":[{"embeddable":true,"href":"https:\/\/www.babyloniababycarriers.eu\/es\/wp-json\/wp\/v2\/media\/4437"}],"wp:attachment":[{"href":"https:\/\/www.babyloniababycarriers.eu\/es\/wp-json\/wp\/v2\/media?parent=7147"}],"wp:term":[{"taxonomy":"product_brand","embeddable":true,"href":"https:\/\/www.babyloniababycarriers.eu\/es\/wp-json\/wp\/v2\/product_brand?post=7147"},{"taxonomy":"product_cat","embeddable":true,"href":"https:\/\/www.babyloniababycarriers.eu\/es\/wp-json\/wp\/v2\/product_cat?post=7147"},{"taxonomy":"product_tag","embeddable":true,"href":"https:\/\/www.babyloniababycarriers.eu\/es\/wp-json\/wp\/v2\/product_tag?post=7147"}],"curies":[{"name":"wp","href":"https:\/\/api.w.org\/{rel}","templated":true}]}}