{"id":7129,"date":"2024-02-15T19:11:55","date_gmt":"2024-02-15T19:11:55","guid":{"rendered":"https:\/\/www.babyloniababycarriers.eu\/product\/tricot-slen-organic-soft-pink-one-size\/"},"modified":"2025-02-07T13:28:19","modified_gmt":"2025-02-07T12:28:19","slug":"tricot-slen-organic-soft-pink-one-size","status":"publish","type":"product","link":"https:\/\/www.babyloniababycarriers.eu\/es\/product\/tricot-slen-organic-soft-pink-one-size\/","title":{"rendered":"Tricot-Slen Organic &#8211; Rosa suave &#8211; Talla \u00fanica"},"content":{"rendered":"<p>Nuestro primer fular, 25 a\u00f1os de servicio y \u00a1todav\u00eda el mejor fular el\u00e1stico! M\u00e9todo de punto \u00fanico que da al fular la elasticidad justa para que sea f\u00e1cil de poner y, adem\u00e1s, proporciona una sujeci\u00f3n excelente y evita los rebotes (saltos). <\/p>\n","protected":false},"excerpt":{"rendered":"<p>Nuestro primer fular, 25 a\u00f1os de servicio y \u00a1todav\u00eda el mejor fular el\u00e1stico!<\/p>\n<p> M\u00e9todo de punto \u00fanico que da al fular la elasticidad justa para que sea f\u00e1cil de poner y, adem\u00e1s, proporciona una sujeci\u00f3n excelente y evita los rebotes (saltos). <\/p>\n","protected":false},"featured_media":6499,"comment_status":"open","ping_status":"closed","template":"","meta":[],"product_brand":[],"product_cat":[102],"product_tag":[],"class_list":{"0":"post-7129","1":"product","2":"type-product","3":"status-publish","4":"has-post-thumbnail","6":"product_cat-fulares-elasticos","8":"first","9":"instock","10":"taxable","11":"shipping-taxable","12":"purchasable","13":"product-type-simple"},"jetpack_sharing_enabled":true,"_links":{"self":[{"href":"https:\/\/www.babyloniababycarriers.eu\/es\/wp-json\/wp\/v2\/product\/7129","targetHints":{"allow":["GET"]}}],"collection":[{"href":"https:\/\/www.babyloniababycarriers.eu\/es\/wp-json\/wp\/v2\/product"}],"about":[{"href":"https:\/\/www.babyloniababycarriers.eu\/es\/wp-json\/wp\/v2\/types\/product"}],"replies":[{"embeddable":true,"href":"https:\/\/www.babyloniababycarriers.eu\/es\/wp-json\/wp\/v2\/comments?post=7129"}],"version-history":[{"count":1,"href":"https:\/\/www.babyloniababycarriers.eu\/es\/wp-json\/wp\/v2\/product\/7129\/revisions"}],"predecessor-version":[{"id":8887,"href":"https:\/\/www.babyloniababycarriers.eu\/es\/wp-json\/wp\/v2\/product\/7129\/revisions\/8887"}],"wp:featuredmedia":[{"embeddable":true,"href":"https:\/\/www.babyloniababycarriers.eu\/es\/wp-json\/wp\/v2\/media\/6499"}],"wp:attachment":[{"href":"https:\/\/www.babyloniababycarriers.eu\/es\/wp-json\/wp\/v2\/media?parent=7129"}],"wp:term":[{"taxonomy":"product_brand","embeddable":true,"href":"https:\/\/www.babyloniababycarriers.eu\/es\/wp-json\/wp\/v2\/product_brand?post=7129"},{"taxonomy":"product_cat","embeddable":true,"href":"https:\/\/www.babyloniababycarriers.eu\/es\/wp-json\/wp\/v2\/product_cat?post=7129"},{"taxonomy":"product_tag","embeddable":true,"href":"https:\/\/www.babyloniababycarriers.eu\/es\/wp-json\/wp\/v2\/product_tag?post=7129"}],"curies":[{"name":"wp","href":"https:\/\/api.w.org\/{rel}","templated":true}]}}