{"id":7003,"date":"2024-09-25T16:02:16","date_gmt":"2024-09-25T14:02:16","guid":{"rendered":"https:\/\/www.babyloniababycarriers.eu\/product\/flexia-green-mint\/"},"modified":"2025-02-07T13:28:14","modified_gmt":"2025-02-07T12:28:14","slug":"flexia-green-mint","status":"publish","type":"product","link":"https:\/\/www.babyloniababycarriers.eu\/es\/product\/flexia-green-mint\/","title":{"rendered":"Flexia Menta Verde"},"content":{"rendered":"<p>Te presentamos la Flexia: una mochila porta beb\u00e9 atemporal, \u00a1ahora con un nuevo aspecto! Amada desde hace tiempo por los padres, la Flexia es famosa por su adaptabilidad, ofreci\u00e9ndote a ti y a tu peque\u00f1o el ajuste perfecto desde el nacimiento hasta los 4 a\u00f1os. Los paneles ajustables ofrecen a tu beb\u00e9 un asiento c\u00f3modo y ergon\u00f3mico, garantizando un ajuste confortable en todas las etapas de crecimiento. Ahora disponible en un dise\u00f1o relajado y moderno, la Flexia se adapta a todos los estilos y ocasiones.<\/p>\n<p>Adecuada desde el nacimiento hasta los 4 a\u00f1os Fabricada en algod\u00f3n org\u00e1nico Disponible en 3 modernos colores Sostenible y respetuosa con el medio ambiente F\u00e1cil de usar Flexia, donde el estilo se une a la comodidad para padres e hijos.  <\/p>\n","protected":false},"excerpt":{"rendered":"<p>Te presentamos la Flexia: una mochila porta beb\u00e9 atemporal, \u00a1ahora con un nuevo aspecto! Amada desde hace tiempo por los padres, la Flexia es famosa por su adaptabilidad, ofreci\u00e9ndote a ti y a tu peque\u00f1o el ajuste perfecto desde el nacimiento hasta los 4 a\u00f1os. Los paneles ajustables ofrecen a tu beb\u00e9 un asiento c\u00f3modo [&hellip;]<\/p>\n","protected":false},"featured_media":6319,"comment_status":"open","ping_status":"closed","template":"","meta":[],"product_brand":[],"product_cat":[111],"product_tag":[],"class_list":{"0":"post-7003","1":"product","2":"type-product","3":"status-publish","4":"has-post-thumbnail","6":"product_cat-mochilas-porta-bebe-ergonomicas","8":"first","9":"instock","10":"featured","11":"taxable","12":"shipping-taxable","13":"purchasable","14":"product-type-simple"},"jetpack_sharing_enabled":true,"_links":{"self":[{"href":"https:\/\/www.babyloniababycarriers.eu\/es\/wp-json\/wp\/v2\/product\/7003","targetHints":{"allow":["GET"]}}],"collection":[{"href":"https:\/\/www.babyloniababycarriers.eu\/es\/wp-json\/wp\/v2\/product"}],"about":[{"href":"https:\/\/www.babyloniababycarriers.eu\/es\/wp-json\/wp\/v2\/types\/product"}],"replies":[{"embeddable":true,"href":"https:\/\/www.babyloniababycarriers.eu\/es\/wp-json\/wp\/v2\/comments?post=7003"}],"version-history":[{"count":1,"href":"https:\/\/www.babyloniababycarriers.eu\/es\/wp-json\/wp\/v2\/product\/7003\/revisions"}],"predecessor-version":[{"id":8736,"href":"https:\/\/www.babyloniababycarriers.eu\/es\/wp-json\/wp\/v2\/product\/7003\/revisions\/8736"}],"wp:featuredmedia":[{"embeddable":true,"href":"https:\/\/www.babyloniababycarriers.eu\/es\/wp-json\/wp\/v2\/media\/6319"}],"wp:attachment":[{"href":"https:\/\/www.babyloniababycarriers.eu\/es\/wp-json\/wp\/v2\/media?parent=7003"}],"wp:term":[{"taxonomy":"product_brand","embeddable":true,"href":"https:\/\/www.babyloniababycarriers.eu\/es\/wp-json\/wp\/v2\/product_brand?post=7003"},{"taxonomy":"product_cat","embeddable":true,"href":"https:\/\/www.babyloniababycarriers.eu\/es\/wp-json\/wp\/v2\/product_cat?post=7003"},{"taxonomy":"product_tag","embeddable":true,"href":"https:\/\/www.babyloniababycarriers.eu\/es\/wp-json\/wp\/v2\/product_tag?post=7003"}],"curies":[{"name":"wp","href":"https:\/\/api.w.org\/{rel}","templated":true}]}}