{"id":6967,"date":"2024-09-26T11:29:47","date_gmt":"2024-09-26T09:29:47","guid":{"rendered":"https:\/\/www.babyloniababycarriers.eu\/product\/tricot-slen-bamboo-apricot-crush\/"},"modified":"2025-02-07T13:28:12","modified_gmt":"2025-02-07T12:28:12","slug":"tricot-slen-bamboo-apricot-crush","status":"publish","type":"product","link":"https:\/\/www.babyloniababycarriers.eu\/es\/product\/tricot-slen-bamboo-apricot-crush\/","title":{"rendered":"Tricot-slen Bamboo &#8211; Apricot Crush"},"content":{"rendered":"<p class=\"cvGsUA direction-ltr align-start para-style-body\"><span class=\"OYPEnA font-feature-liga-off font-feature-clig-off font-feature-calt-off text-decoration-none text-strikethrough-none\">\u00a1En el mercado desde hace m\u00e1s de 25 a\u00f1os y sigue siendo el mejor fular el\u00e1stico gracias a su exclusivo m\u00e9todo de tejido! El fular es f\u00e1cil de poner y adem\u00e1s ofrece un excelente soporte ergon\u00f3mico. Gracias a la exclusiva t\u00e9cnica de tricotado y al NO uso de elastano, se evitan los rebotes durante el transporte.  <\/span><\/p>\n<p class=\"cvGsUA direction-ltr align-start para-style-body\"><span class=\"OYPEnA font-feature-liga-off font-feature-clig-off font-feature-calt-off text-decoration-none text-strikethrough-none\">El Albaricoque Crush est\u00e1 hecho de bamb\u00fa transpirable fant\u00e1sticamente suave. Adem\u00e1s, este color es un tono pastel suave ideal que completar\u00e1 cualquier conjunto. <\/span><\/p>\n<ul>\n<li><span class=\"OYPEnA font-feature-liga-off font-feature-clig-off font-feature-calt-off text-decoration-none text-strikethrough-none\">100% Viscosa de bamb\u00fa<\/span><\/li>\n<li><span class=\"OYPEnA font-feature-liga-off font-feature-clig-off font-feature-calt-off text-decoration-none text-strikethrough-none\">Fular el\u00e1stico sin elastano<\/span><\/li>\n<li><span class=\"OYPEnA font-feature-liga-off font-feature-clig-off font-feature-calt-off text-decoration-none text-strikethrough-none\">Perfecto para reci\u00e9n nacidos<\/span><\/li>\n<li><span class=\"OYPEnA font-feature-liga-off font-feature-clig-off font-feature-calt-off text-decoration-none text-strikethrough-none\">Sostenible y ecol\u00f3gico<\/span><\/li>\n<li><span class=\"OYPEnA font-feature-liga-off font-feature-clig-off font-feature-calt-off text-decoration-none text-strikethrough-none\">T\u00e9cnica de punto \u00fanica que evita los rebotes<\/span><\/li>\n<li><span class=\"OYPEnA font-feature-liga-off font-feature-clig-off font-feature-calt-off text-decoration-none text-strikethrough-none\">Ligero y suave como la seda<\/span><\/li>\n<\/ul>\n","protected":false},"excerpt":{"rendered":"<p>\u00a1En el mercado desde hace m\u00e1s de 25 a\u00f1os y sigue siendo el mejor fular el\u00e1stico gracias a su exclusivo m\u00e9todo de tejido! El fular es f\u00e1cil de poner y adem\u00e1s ofrece un excelente soporte ergon\u00f3mico. Gracias a la exclusiva t\u00e9cnica de tricotado y al NO uso de elastano, se evitan los rebotes durante el [&hellip;]<\/p>\n","protected":false},"featured_media":6391,"comment_status":"open","ping_status":"closed","template":"","meta":[],"product_brand":[],"product_cat":[102],"product_tag":[],"class_list":{"0":"post-6967","1":"product","2":"type-product","3":"status-publish","4":"has-post-thumbnail","6":"product_cat-fulares-elasticos","8":"first","9":"instock","10":"taxable","11":"shipping-taxable","12":"purchasable","13":"product-type-simple"},"jetpack_sharing_enabled":true,"_links":{"self":[{"href":"https:\/\/www.babyloniababycarriers.eu\/es\/wp-json\/wp\/v2\/product\/6967","targetHints":{"allow":["GET"]}}],"collection":[{"href":"https:\/\/www.babyloniababycarriers.eu\/es\/wp-json\/wp\/v2\/product"}],"about":[{"href":"https:\/\/www.babyloniababycarriers.eu\/es\/wp-json\/wp\/v2\/types\/product"}],"replies":[{"embeddable":true,"href":"https:\/\/www.babyloniababycarriers.eu\/es\/wp-json\/wp\/v2\/comments?post=6967"}],"version-history":[{"count":1,"href":"https:\/\/www.babyloniababycarriers.eu\/es\/wp-json\/wp\/v2\/product\/6967\/revisions"}],"predecessor-version":[{"id":8768,"href":"https:\/\/www.babyloniababycarriers.eu\/es\/wp-json\/wp\/v2\/product\/6967\/revisions\/8768"}],"wp:featuredmedia":[{"embeddable":true,"href":"https:\/\/www.babyloniababycarriers.eu\/es\/wp-json\/wp\/v2\/media\/6391"}],"wp:attachment":[{"href":"https:\/\/www.babyloniababycarriers.eu\/es\/wp-json\/wp\/v2\/media?parent=6967"}],"wp:term":[{"taxonomy":"product_brand","embeddable":true,"href":"https:\/\/www.babyloniababycarriers.eu\/es\/wp-json\/wp\/v2\/product_brand?post=6967"},{"taxonomy":"product_cat","embeddable":true,"href":"https:\/\/www.babyloniababycarriers.eu\/es\/wp-json\/wp\/v2\/product_cat?post=6967"},{"taxonomy":"product_tag","embeddable":true,"href":"https:\/\/www.babyloniababycarriers.eu\/es\/wp-json\/wp\/v2\/product_tag?post=6967"}],"curies":[{"name":"wp","href":"https:\/\/api.w.org\/{rel}","templated":true}]}}