{"id":11244,"date":"2025-11-28T10:57:38","date_gmt":"2025-11-28T09:57:38","guid":{"rendered":"https:\/\/www.babyloniababycarriers.eu\/?post_type=product&#038;p=11244"},"modified":"2025-11-28T11:01:22","modified_gmt":"2025-11-28T10:01:22","slug":"bola-pura-elegancia-oro-rosa-kopie-kopie","status":"publish","type":"product","link":"https:\/\/www.babyloniababycarriers.eu\/es\/product\/bola-pura-elegancia-oro-rosa-kopie-kopie\/","title":{"rendered":"Bola &#8211; Pura Elegancia &#8211; Oro Rosa (kopie) (kopie)"},"content":{"rendered":"<p>A partir de las 20 semanas de embarazo, tu beb\u00e9 reconocer\u00e1 tu voz, los latidos de tu coraz\u00f3n y muchos otros sonidos, incluidos los relajantes, como la bola del embarazo de Babylonia. La bola del embarazo es una pieza de joyer\u00eda que contiene un peque\u00f1o xil\u00f3fono. Lleva la Bola contra tu vientre con una larga cadena. Con cada movimiento, la Bola emitir\u00e1 un sonido relajante, un suave tintineo que tu beb\u00e9 conocer\u00e1, tanto antes como despu\u00e9s del parto. Despu\u00e9s del nacimiento, cose la Bola al peluche de tu beb\u00e9 para recordarle los dulces sonidos que o\u00eda en tu vientre. Combina esta hermosa joya con un collar Bola de oro rosa, oro o plata, y ser\u00e1s el centro de todas las miradas, \u00a1incluso para tu beb\u00e9!     <\/p>\n","protected":false},"excerpt":{"rendered":"<p>A partir de las 20 semanas de embarazo, tu beb\u00e9 reconocer\u00e1 tu voz, los latidos de tu coraz\u00f3n y muchos otros sonidos, incluidos los relajantes, como la bola del embarazo de Babylonia. La bola del embarazo es una pieza de joyer\u00eda que contiene un peque\u00f1o xil\u00f3fono. Lleva la Bola contra tu vientre con una larga [&hellip;]<\/p>\n","protected":false},"featured_media":11254,"comment_status":"open","ping_status":"closed","template":"","meta":[],"product_brand":[],"product_cat":[93],"product_tag":[],"class_list":{"0":"post-11244","1":"product","2":"type-product","3":"status-publish","4":"has-post-thumbnail","6":"product_cat-baby-bola-es","8":"first","9":"instock","10":"featured","11":"taxable","12":"shipping-taxable","13":"purchasable","14":"product-type-simple"},"jetpack_sharing_enabled":true,"_links":{"self":[{"href":"https:\/\/www.babyloniababycarriers.eu\/es\/wp-json\/wp\/v2\/product\/11244","targetHints":{"allow":["GET"]}}],"collection":[{"href":"https:\/\/www.babyloniababycarriers.eu\/es\/wp-json\/wp\/v2\/product"}],"about":[{"href":"https:\/\/www.babyloniababycarriers.eu\/es\/wp-json\/wp\/v2\/types\/product"}],"replies":[{"embeddable":true,"href":"https:\/\/www.babyloniababycarriers.eu\/es\/wp-json\/wp\/v2\/comments?post=11244"}],"version-history":[{"count":1,"href":"https:\/\/www.babyloniababycarriers.eu\/es\/wp-json\/wp\/v2\/product\/11244\/revisions"}],"predecessor-version":[{"id":11263,"href":"https:\/\/www.babyloniababycarriers.eu\/es\/wp-json\/wp\/v2\/product\/11244\/revisions\/11263"}],"wp:featuredmedia":[{"embeddable":true,"href":"https:\/\/www.babyloniababycarriers.eu\/es\/wp-json\/wp\/v2\/media\/11254"}],"wp:attachment":[{"href":"https:\/\/www.babyloniababycarriers.eu\/es\/wp-json\/wp\/v2\/media?parent=11244"}],"wp:term":[{"taxonomy":"product_brand","embeddable":true,"href":"https:\/\/www.babyloniababycarriers.eu\/es\/wp-json\/wp\/v2\/product_brand?post=11244"},{"taxonomy":"product_cat","embeddable":true,"href":"https:\/\/www.babyloniababycarriers.eu\/es\/wp-json\/wp\/v2\/product_cat?post=11244"},{"taxonomy":"product_tag","embeddable":true,"href":"https:\/\/www.babyloniababycarriers.eu\/es\/wp-json\/wp\/v2\/product_tag?post=11244"}],"curies":[{"name":"wp","href":"https:\/\/api.w.org\/{rel}","templated":true}]}}