{"id":8458,"date":"2023-11-14T08:24:29","date_gmt":"2023-11-14T07:24:29","guid":{"rendered":"https:\/\/www.babyloniababycarriers.eu\/condiciones-generales\/"},"modified":"2025-01-14T14:37:26","modified_gmt":"2025-01-14T13:37:26","slug":"condiciones-generales","status":"publish","type":"page","link":"https:\/\/www.babyloniababycarriers.eu\/es\/condiciones-generales\/","title":{"rendered":"Condiciones generales"},"content":{"rendered":"\t\t<div data-elementor-type=\"wp-page\" data-elementor-id=\"8458\" class=\"elementor elementor-8458 elementor-77\" data-elementor-post-type=\"page\">\n\t\t\t\t<div class=\"elementor-element elementor-element-3b1840a0 e-flex e-con-boxed e-con e-parent\" data-id=\"3b1840a0\" data-element_type=\"container\" data-e-type=\"container\">\n\t\t\t\t\t<div class=\"e-con-inner\">\n\t\t\t\t<div class=\"elementor-element elementor-element-24b270da elementor-widget elementor-widget-heading\" data-id=\"24b270da\" data-element_type=\"widget\" data-e-type=\"widget\" data-widget_type=\"heading.default\">\n\t\t\t\t<div class=\"elementor-widget-container\">\n\t\t\t\t\t<h1 class=\"elementor-heading-title elementor-size-default\">Condiciones generales<\/h1>\t\t\t\t<\/div>\n\t\t\t\t<\/div>\n\t\t\t\t<div class=\"elementor-element elementor-element-5d0af1ac elementor-widget elementor-widget-text-editor\" data-id=\"5d0af1ac\" data-element_type=\"widget\" data-e-type=\"widget\" data-widget_type=\"text-editor.default\">\n\t\t\t\t<div class=\"elementor-widget-container\">\n\t\t\t\t\t\t\t\t\t<h2>Art\u00edculo 1: Ventas online<\/h2>\n<p>Chamo BV opera el Sitio Web para la venta de sus productos a clientes de todo el mundo. Los presentes t\u00e9rminos y condiciones rigen la venta de los productos a trav\u00e9s del Sitio Web. La Empresa, en lo sucesivo tambi\u00e9n denominada \u00abnosotros\u00bb, est\u00e1 establecida en Geraardsbergen y tiene el n\u00famero de empresa BE0875.816.760. Se puede contactar con ella por tel\u00e9fono en el +32 54 240 330 y por correo electr\u00f3nico en bureau@chamo.be. El comprador es cualquier persona que compre o encargue bienes o servicios a trav\u00e9s del Sitio Web www.babylonia.eu y en lo sucesivo se le denominar\u00e1 \u00abComprador\u00bb o \u00abt\u00fa\u00bb. Al comprar o pedir bienes y servicios a trav\u00e9s del Sitio Web, aceptas irrevocablemente estos T\u00e9rminos y Condiciones tal y como existen en el momento de realizar el pedido y queda excluida la aplicaci\u00f3n de cualquier otro t\u00e9rmino o condici\u00f3n.     <\/p>\n<h2>Art\u00edculo 2: Precio<\/h2>\n<p>Los precios de nuestros bienes y servicios se indican en el Sitio Web en euros e incluyen el IVA y otros cargos adicionales obligatorios. Los gastos de env\u00edo se indican por separado en funci\u00f3n de las opciones elegidas al respecto. Los precios se pagan en euros, independientemente del lugar de entrega o del lugar de residencia del Comprador. La Empresa no ser\u00e1 responsable si se cobran derechos de aduana u otras tasas o impuestos locales por la entrega de bienes y servicios fuera de la Uni\u00f3n Europea. Dichos derechos o impuestos correr\u00e1n por tu cuenta, el Comprador, y tambi\u00e9n estar\u00e1s obligado, si procede, a hacer declaraciones a las autoridades competentes del pa\u00eds de entrega. La Empresa se reserva el derecho de ajustar sus precios en cualquier momento, sin previo aviso. Los bienes y servicios se facturan sobre la base del precio en vigor en el momento del registro del pedido, en funci\u00f3n de la disponibilidad y a reserva de errores administrativos. Los bienes siguen siendo propiedad de la Empresa hasta el pago \u00edntegro del precio. A pesar de esta reserva de propiedad, el riesgo de p\u00e9rdida o da\u00f1o pasa al Comprador desde la entrega de la mercanc\u00eda. Las promociones son v\u00e1lidas hasta la fecha indicada o, en cualquier caso, durante un m\u00e1ximo de un mes despu\u00e9s del anuncio. No son acumulables. Los vales de descuento no pueden canjearse por su valor en efectivo y no son reembolsables ni total ni parcialmente.           <\/p>\n<h2>Art\u00edculo 3: Formaci\u00f3n del contrato de compraventa<\/h2>\n<p>La compraventa se concluye despu\u00e9s de que hayas seleccionado los bienes y servicios en el Sitio Web, hayas confirmado la compra tras comprobar los bienes y servicios solicitados y el precio, hayamos recibido el pedido y te hayamos confirmado el pedido. La Empresa se reserva el derecho a cancelar cualquier pedido de un cliente con el que exista una disputa en relaci\u00f3n con el pago de otro pedido. La Empresa tambi\u00e9n se reserva el derecho de solicitar informaci\u00f3n adicional para la seguridad del cliente y, en su defecto, negarse a ejecutar el pedido.  <\/p>\n<h2>Art\u00edculo 4: Disponibilidad<\/h2>\n<p>Nuestras ofertas son v\u00e1lidas hasta agotar existencias o seg\u00fan disponibilidad del proveedor o fabricante. En caso de indisponibilidad despu\u00e9s de realizar tu pedido, te informaremos lo antes posible sin estar obligados a pagar ninguna indemnizaci\u00f3n. Excluimos cualquier responsabilidad a este respecto.  <\/p>\n<h2>Art\u00edculo 5: Entrega<\/h2>\n<p>Tras la aceptaci\u00f3n de tu pedido y el pago, los bienes o servicios se entregar\u00e1n en la direcci\u00f3n de entrega que hayas introducido durante el proceso de pedido. A menos que se estipule lo contrario, la entrega se realizar\u00e1 en un plazo de 30 d\u00edas a partir de la realizaci\u00f3n del pedido. Transcurrido este plazo, tienes derecho a exigir la anulaci\u00f3n y el reembolso de tu compra. En caso contrario, la Empresa no asumir\u00e1 ninguna responsabilidad por el retraso en la entrega, ni en caso de que la entrega no pueda efectuarse debido a informaci\u00f3n err\u00f3nea o incompleta, facilitada por el comprador en el momento del pedido.   <\/p>\n<h2>Art\u00edculo 6: Derecho de desistimiento<\/h2>\n<p>Si el Comprador es un consumidor que adquiere bienes o servicios a distancia, tiene derecho a notificar al Vendedor que renuncia a la compra, sin pagar penalizaci\u00f3n alguna y sin indicar el motivo, en un plazo de 14 d\u00edas naturales a partir del d\u00eda siguiente a la entrega de los bienes o a la celebraci\u00f3n del contrato de servicio. Los reembolsos se efectuar\u00e1n en un plazo de 30 d\u00edas a partir de la recepci\u00f3n de tu solicitud de desistimiento. Los reembolsos se efectuar\u00e1n mediante transferencia a tu cuenta bancaria o mediante abono en tu tarjeta de cr\u00e9dito. El consumidor no tiene derecho a desistir de la compra en los casos previstos por la ley y, entre otros, cuando los bienes hayan sido fabricados conforme a las especificaciones del consumidor o cuando la ejecuci\u00f3n del contrato de servicios haya comenzado antes de que finalice el plazo de desistimiento.   <\/p>\n<h2>Art\u00edculo 7: Pago<\/h2>\n<p>El Comprador puede pagar su pedido mediante tarjeta de d\u00e9bito o cr\u00e9dito, mediante Paypal o iDeal o mediante transferencia bancaria a nuestra cuenta bancaria, tal y como se indica en el Sitio Web. El precio debe pagarse \u00edntegramente antes de la entrega. En caso de demora en el pago, se devengar\u00e1 un inter\u00e9s de demora por importe del 6% anual, ipso iure y sin previo aviso de impago, as\u00ed como una indemnizaci\u00f3n a tanto alzado por los gastos administrativos del Vendedor por importe del 10% del importe adeudado con un m\u00ednimo de 100 euros.  <\/p>\n<h2>Art\u00edculo 8: Cheques regalo<\/h2>\n<p>Los vales regalo electr\u00f3nicos y en papel de la Empresa pueden utilizarse en el Sitio Web www.babylonia.eu. Son v\u00e1lidos durante un a\u00f1o a partir de la fecha de emisi\u00f3n y pueden renovarse por otro a\u00f1o mediante una tasa administrativa. Para utilizar los vales, selecciona la opci\u00f3n \u00abOtras opciones de pago\u00bb en la p\u00e1gina \u00abPago\u00bb y, a continuaci\u00f3n, \u00abVale regalo\u00bb. Introduce tu c\u00f3digo en la casilla correspondiente. Si el importe de tu pedido supera el importe de tu vale regalo, tendr\u00e1s que pagar la diferencia. Si el importe de tu pedido es inferior al importe de tu cheque regalo, conservar\u00e1s este saldo en forma de cr\u00e9dito. Puedes seguir el progreso de tu cr\u00e9dito a trav\u00e9s de la secci\u00f3n \u00abmi cuenta\u00bb.      <\/p>\n<h2>Art\u00edculo 9: Propiedad intelectual<\/h2>\n<p>Todos los textos, comentarios, revistas, ilustraciones e im\u00e1genes que aparecen en el sitio web www.babylonia.eu est\u00e1n protegidos por derechos de autor y derechos conexos, as\u00ed como por todas las leyes de propiedad intelectual del mundo. Cualquier reproducci\u00f3n parcial o total del sitio web o del cat\u00e1logo de la Empresa est\u00e1 estrictamente prohibida. <\/p>\n<h2>Art\u00edculo 10: Responsabilidad<\/h2>\n<p>La Empresa se compromete a suministrar unos productos y servicios conformes con la legislaci\u00f3n aplicable de la Uni\u00f3n Europea y de B\u00e9lgica. La Empresa no podr\u00e1 ser considerada responsable en caso de incumplimiento de la legislaci\u00f3n de un pa\u00eds no perteneciente a la Uni\u00f3n Europea en el que deban entregarse los productos. Los productos vendidos a consumidores est\u00e1n cubiertos por la garant\u00eda legal de dos a\u00f1os. Cualquier falta de conformidad relativa a la venta al consumidor debe comunicarse en un plazo de dos meses a partir de su detecci\u00f3n. Cualquier reclamaci\u00f3n relativa a da\u00f1os visibles en los bienes entregados, as\u00ed como a da\u00f1os causados durante el transporte y la entrega, debe formularse por escrito en los documentos adjuntos en el momento de la entrega o comunicarse por correo electr\u00f3nico en un plazo de 24 horas desde la entrega. Lo mismo se aplica a las entregas no conformes o incompletas. Para cualquier informaci\u00f3n adicional o pregunta, nuestro Servicio de Atenci\u00f3n al Cliente est\u00e1 siempre disponible por tel\u00e9fono en el +32 54 240 330 y por correo electr\u00f3nico en info@chamo.be.      <\/p>\n<h2>Art\u00edculo 11: Tratamiento de datos personales<\/h2>\n<p>Cuando realizas un pedido como parte de tu compra online, en www.babylonia.eu, aceptas que la Empresa utilice tus datos personales de acuerdo con la ley aplicable del 8 de diciembre de 1992 sobre la protecci\u00f3n de la privacidad en relaci\u00f3n con el tratamiento de datos personales. La Empresa utiliza tus datos personales para la ejecuci\u00f3n del contrato y para mantenerte m\u00e1s informado sobre nuestros bienes y servicios, incluso mediante marketing directo. Tienes derecho a consultar tus datos en cualquier momento y a modificarlos si fueran incorrectos.  <\/p>\n<h2>Art\u00edculo 12: Autonom\u00eda de las disposiciones<\/h2>\n<p>La nulidad, invalidez o inaplicabilidad, total o parcial, de cualquier disposici\u00f3n de estas Condiciones Generales, o de cualquier t\u00e9rmino o parte de las mismas, no afectar\u00e1 a la nulidad, invalidez o inaplicabilidad de las restantes disposiciones, t\u00e9rminos y partes de las mismas, ni afectar\u00e1 a la validez y aplicabilidad de las Condiciones Generales en su conjunto.<\/p>\n<h2>Art\u00edculo 13: Ley aplicable y tribunales competentes<\/h2>\n<p>Las presentes Condiciones Generales de Contrato est\u00e1n sujetas a la legislaci\u00f3n belga. En caso de litigio, s\u00f3lo ser\u00e1n competentes los tribunales de Bruselas, sin perjuicio del derecho del consumidor a presentar una demanda ante los tribunales de su jurisdicci\u00f3n. <\/p>\n\t\t\t\t\t\t\t\t<\/div>\n\t\t\t\t<\/div>\n\t\t\t\t\t<\/div>\n\t\t\t\t<\/div>\n\t\t\t\t<\/div>\n\t\t","protected":false},"excerpt":{"rendered":"<p>Condiciones generales Art\u00edculo 1: Ventas online Chamo BV opera el Sitio Web para la venta de sus productos a clientes de todo el mundo. Los presentes t\u00e9rminos y condiciones rigen la venta de los productos a trav\u00e9s del Sitio Web. La Empresa, en lo sucesivo tambi\u00e9n denominada \u00abnosotros\u00bb, est\u00e1 establecida en Geraardsbergen y tiene el [&hellip;]<\/p>\n","protected":false},"author":1,"featured_media":0,"parent":0,"menu_order":0,"comment_status":"closed","ping_status":"closed","template":"elementor_header_footer","meta":{"footnotes":""},"class_list":["post-8458","page","type-page","status-publish","hentry"],"jetpack_sharing_enabled":true,"_links":{"self":[{"href":"https:\/\/www.babyloniababycarriers.eu\/es\/wp-json\/wp\/v2\/pages\/8458","targetHints":{"allow":["GET"]}}],"collection":[{"href":"https:\/\/www.babyloniababycarriers.eu\/es\/wp-json\/wp\/v2\/pages"}],"about":[{"href":"https:\/\/www.babyloniababycarriers.eu\/es\/wp-json\/wp\/v2\/types\/page"}],"author":[{"embeddable":true,"href":"https:\/\/www.babyloniababycarriers.eu\/es\/wp-json\/wp\/v2\/users\/1"}],"replies":[{"embeddable":true,"href":"https:\/\/www.babyloniababycarriers.eu\/es\/wp-json\/wp\/v2\/comments?post=8458"}],"version-history":[{"count":2,"href":"https:\/\/www.babyloniababycarriers.eu\/es\/wp-json\/wp\/v2\/pages\/8458\/revisions"}],"predecessor-version":[{"id":9235,"href":"https:\/\/www.babyloniababycarriers.eu\/es\/wp-json\/wp\/v2\/pages\/8458\/revisions\/9235"}],"wp:attachment":[{"href":"https:\/\/www.babyloniababycarriers.eu\/es\/wp-json\/wp\/v2\/media?parent=8458"}],"curies":[{"name":"wp","href":"https:\/\/api.w.org\/{rel}","templated":true}]}}