{"id":8264,"date":"2023-11-14T08:01:03","date_gmt":"2023-11-14T07:01:03","guid":{"rendered":"https:\/\/www.babyloniababycarriers.eu\/politica-de-privacidad\/"},"modified":"2025-01-14T14:37:29","modified_gmt":"2025-01-14T13:37:29","slug":"politica-de-privacidad","status":"publish","type":"page","link":"https:\/\/www.babyloniababycarriers.eu\/es\/politica-de-privacidad\/","title":{"rendered":"Pol\u00edtica de privacidad"},"content":{"rendered":"\t\t<div data-elementor-type=\"wp-page\" data-elementor-id=\"8264\" class=\"elementor elementor-8264 elementor-3\" data-elementor-post-type=\"page\">\n\t\t\t\t<div class=\"elementor-element elementor-element-690c4e3a e-flex e-con-boxed e-con e-parent\" data-id=\"690c4e3a\" data-element_type=\"container\" data-e-type=\"container\">\n\t\t\t\t\t<div class=\"e-con-inner\">\n\t\t\t\t<div class=\"elementor-element elementor-element-a5543ab elementor-widget elementor-widget-heading\" data-id=\"a5543ab\" data-element_type=\"widget\" data-e-type=\"widget\" data-widget_type=\"heading.default\">\n\t\t\t\t<div class=\"elementor-widget-container\">\n\t\t\t\t\t<h1 class=\"elementor-heading-title elementor-size-default\">Pol\u00edtica de privacidad<\/h1>\t\t\t\t<\/div>\n\t\t\t\t<\/div>\n\t\t\t\t<div class=\"elementor-element elementor-element-49af1110 elementor-widget elementor-widget-text-editor\" data-id=\"49af1110\" data-element_type=\"widget\" data-e-type=\"widget\" data-widget_type=\"text-editor.default\">\n\t\t\t\t<div class=\"elementor-widget-container\">\n\t\t\t\t\t\t\t\t\t<h2><strong>Qui\u00e9nes somos<\/strong><\/h2>\n<p>Nuestro sitio web, <a href=\"https:\/\/www.babyloniababycarriers.eu\/es\/\">https:\/\/www.babyloniababycarriers.eu<\/a> (en adelante, \u00abel sitio web\u00bb) utiliza cookies y otras tecnolog\u00edas relacionadas (para mayor comodidad, todas las tecnolog\u00edas se denominan \u00abcookies\u00bb). Las cookies tambi\u00e9n son colocadas por terceros que hemos contratado. En el siguiente documento te informamos sobre el uso de cookies en nuestro sitio web.  <\/p>\n<h2><strong>\u00bfQu\u00e9 son las cookies?<\/strong><\/h2>\n<p>Una cookie es un peque\u00f1o archivo simple que se env\u00eda junto con las p\u00e1ginas de este sitio web y que tu navegador almacena en el disco duro de tu ordenador u otro dispositivo. La informaci\u00f3n almacenada en ella puede ser devuelta a nuestros servidores o a los servidores de los terceros correspondientes durante una visita posterior. <\/p>\n<h2><strong>\u00bfQu\u00e9 son los guiones?<\/strong><\/h2>\n<p>Un script es un fragmento de c\u00f3digo de programa que se utiliza para que nuestro sitio web funcione correctamente y de forma interactiva. Este c\u00f3digo se ejecuta en nuestro servidor o en tu dispositivo. <\/p>\n<h2><strong>\u00bfQu\u00e9 es una baliza web?<\/strong><\/h2>\n<p>Una baliza web (o etiqueta de p\u00edxel) es un peque\u00f1o fragmento invisible de texto o imagen en un sitio web que se utiliza para controlar el tr\u00e1fico en un sitio web. Para ello, se almacenan varios datos sobre ti mediante balizas web. <\/p>\n<h2><strong>Cookies<\/strong><\/h2>\n<h6><strong>Cookies t\u00e9cnicas o funcionales<\/strong><\/h6>\n<p>Algunas cookies garantizan que ciertas partes del sitio web funcionen correctamente y que se conozcan tus preferencias de usuario. Al colocar cookies funcionales, te facilitamos la visita a nuestro sitio web. De este modo, no necesitas introducir repetidamente la misma informaci\u00f3n cuando visitas nuestro sitio web y, por ejemplo, los art\u00edculos permanecen en tu cesta de la compra hasta que hayas pagado. Podemos colocar estas cookies sin tu consentimiento.   <\/p>\n<h6><strong>Cookies estad\u00edsticas<\/strong><\/h6>\n<p>Utilizamos cookies estad\u00edsticas para optimizar la experiencia del sitio web para nuestros usuarios. Con estas cookies estad\u00edsticas obtenemos informaci\u00f3n sobre el uso de nuestro sitio web. Te pedimos permiso para colocar cookies estad\u00edsticas.  <\/p>\n<h6><strong>Cookies publicitarias<\/strong><\/h6>\n<p>En este sitio web utilizamos cookies publicitarias, que nos permiten personalizar los anuncios para ti, y nosotros (y terceros) obtenemos informaci\u00f3n sobre los resultados de las campa\u00f1as. Esto ocurre bas\u00e1ndonos en un perfil que creamos a partir de tus clics y de tu navegaci\u00f3n dentro y fuera de https:\/\/www.babyloniababycarriers.eu. Con estas cookies t\u00fa, como visitante del sitio web, est\u00e1s vinculado a un identificador \u00fanico, para que no veas el mismo anuncio m\u00e1s de una vez, por ejemplo. <\/p>\n<h6><strong>Cookies de marketing\/seguimiento<\/strong><\/h6>\n<p>Las cookies de marketing\/seguimiento son cookies o cualquier otra forma de almacenamiento local, utilizadas para crear perfiles de usuario para mostrar publicidad o para seguir al usuario en este sitio web o en varios sitios web con fines de marketing similares.<\/p>\n<p>Como estas cookies est\u00e1n marcadas como cookies de seguimiento, te pedimos permiso para colocarlas.<\/p>\n<h2><strong>Redes sociales<\/strong><\/h2>\n<p>En nuestro sitio web, hemos incluido contenido de Facebook, Twitter, LinkedIn, WhatsApp, Instagram, TikTok y Pinterest para promocionar p\u00e1ginas web (por ejemplo, \u00abme gusta\u00bb, \u00abpin\u00bb) o compartir (por ejemplo, \u00abtweet\u00bb) en redes sociales como Facebook, Twitter, LinkedIn, WhatsApp, Instagram, TikTok y Pinterest. Este contenido est\u00e1 incrustado con c\u00f3digo derivado de Facebook, Twitter, LinkedIn, WhatsApp, Instagram, TikTok y Pinterest y coloca cookies. Este contenido puede almacenar y procesar cierta informaci\u00f3n para publicidad personalizada.  <\/p>\n<p>Lee la declaraci\u00f3n de privacidad de estas redes sociales (que puede cambiar regularmente) para saber qu\u00e9 hacen con tus datos (personales) que procesan utilizando estas cookies. Los datos que se recuperan se anonimizan en la medida de lo posible. Facebook, Twitter, LinkedIn, WhatsApp, Instagram, TikTok y Pinterest est\u00e1n ubicadas en Estados Unidos.  <\/p>\n<h2><strong>Consentimiento<\/strong><\/h2>\n<p>Cuando visites nuestro sitio web por primera vez, te mostraremos una ventana emergente con una explicaci\u00f3n sobre las cookies. En cuanto hagas clic en \u00abGuardar preferencias\u00bb, nos das tu consentimiento para utilizar las categor\u00edas de cookies y plug-ins que hayas seleccionado en la ventana emergente, tal y como se describe en esta Pol\u00edtica de Cookies. Puedes desactivar el uso de cookies a trav\u00e9s de tu navegador, pero ten en cuenta que es posible que nuestro sitio web deje de funcionar correctamente.  <\/p>\n<h2><strong>Activar\/desactivar y eliminar cookies<\/strong><\/h2>\n<p>Puedes utilizar tu navegador de Internet para eliminar las cookies autom\u00e1tica o manualmente. Tambi\u00e9n puedes especificar que no se coloquen determinadas cookies. Otra opci\u00f3n es cambiar la configuraci\u00f3n de tu navegador de Internet para que recibas un mensaje cada vez que se coloque una cookie. Para obtener m\u00e1s informaci\u00f3n sobre estas opciones, consulta las instrucciones de la secci\u00f3n de Ayuda de tu navegador.   <\/p>\n<p>Ten en cuenta que nuestro sitio web puede no funcionar correctamente si todas las cookies est\u00e1n desactivadas. Si eliminas las cookies de tu navegador, se volver\u00e1n a colocar tras tu consentimiento cuando vuelvas a visitar nuestro sitio web. <\/p>\n<h2><strong>Tus derechos con respecto a los datos personales<\/strong><\/h2>\n<p>Tienes los siguientes derechos con respecto a tus datos personales:<\/p>\n<ul>\n<li>Tienes derecho a saber por qu\u00e9 se necesitan tus datos personales, qu\u00e9 ocurrir\u00e1 con ellos y durante cu\u00e1nto tiempo se conservar\u00e1n.<\/li>\n<li>Derecho de acceso: Tienes derecho a acceder a tus datos personales que conozcamos.<\/li>\n<li>Derecho de rectificaci\u00f3n: tienes derecho a completar, rectificar, hacer borrar o bloquear tus datos personales siempre que lo desees.<\/li>\n<li>Si nos das tu consentimiento para procesar tus datos, tienes derecho a revocar ese consentimiento y a que se eliminen tus datos personales.<\/li>\n<li>Derecho a transferir tus datos: tienes derecho a solicitar todos tus datos personales al responsable del tratamiento y transferirlos en su totalidad a otro responsable del tratamiento.<\/li>\n<li>Derecho de oposici\u00f3n: puedes oponerte al tratamiento de tus datos. La cumplimos, salvo que existan motivos justificados para el tratamiento. <\/li>\n<\/ul>\n<p>Para ejercer estos derechos, ponte en contacto con nosotros. Consulta los datos de contacto al final de esta Pol\u00edtica de Cookies. Si tienes alguna queja sobre c\u00f3mo tratamos tus datos, nos gustar\u00eda que nos lo comunicaras, pero tambi\u00e9n tienes derecho a presentar una queja ante la autoridad supervisora (la Autoridad de Protecci\u00f3n de Datos).  <\/p>\n<h2><strong>Datos de contacto<\/strong><\/h2>\n<p>Para preguntas y\/o comentarios sobre nuestra Pol\u00edtica de Cookies y esta declaraci\u00f3n, ponte en contacto con nosotros utilizando los siguientes datos de contacto:<\/p>\n<p><br><br><br><br><br>B<strong>abylonia Portabeb\u00e9s<\/strong> Brambroek 23B 9500 Geraardsbergen B\u00e9lgica P\u00e1gina web: https:\/\/www.babyloniababycarriers.eu\/ Correo electr\u00f3nico: bureau@chamo.be<\/p>\t\t\t\t\t\t\t\t<\/div>\n\t\t\t\t<\/div>\n\t\t\t\t\t<\/div>\n\t\t\t\t<\/div>\n\t\t\t\t<\/div>\n\t\t","protected":false},"excerpt":{"rendered":"<p>Pol\u00edtica de privacidad Qui\u00e9nes somos Nuestro sitio web, https:\/\/www.babyloniababycarriers.eu (en adelante, \u00abel sitio web\u00bb) utiliza cookies y otras tecnolog\u00edas relacionadas (para mayor comodidad, todas las tecnolog\u00edas se denominan \u00abcookies\u00bb). Las cookies tambi\u00e9n son colocadas por terceros que hemos contratado. En el siguiente documento te informamos sobre el uso de cookies en nuestro sitio web. \u00bfQu\u00e9 [&hellip;]<\/p>\n","protected":false},"author":1,"featured_media":0,"parent":0,"menu_order":0,"comment_status":"closed","ping_status":"closed","template":"","meta":{"footnotes":""},"class_list":["post-8264","page","type-page","status-publish","hentry"],"jetpack_sharing_enabled":true,"_links":{"self":[{"href":"https:\/\/www.babyloniababycarriers.eu\/es\/wp-json\/wp\/v2\/pages\/8264","targetHints":{"allow":["GET"]}}],"collection":[{"href":"https:\/\/www.babyloniababycarriers.eu\/es\/wp-json\/wp\/v2\/pages"}],"about":[{"href":"https:\/\/www.babyloniababycarriers.eu\/es\/wp-json\/wp\/v2\/types\/page"}],"author":[{"embeddable":true,"href":"https:\/\/www.babyloniababycarriers.eu\/es\/wp-json\/wp\/v2\/users\/1"}],"replies":[{"embeddable":true,"href":"https:\/\/www.babyloniababycarriers.eu\/es\/wp-json\/wp\/v2\/comments?post=8264"}],"version-history":[{"count":2,"href":"https:\/\/www.babyloniababycarriers.eu\/es\/wp-json\/wp\/v2\/pages\/8264\/revisions"}],"predecessor-version":[{"id":9259,"href":"https:\/\/www.babyloniababycarriers.eu\/es\/wp-json\/wp\/v2\/pages\/8264\/revisions\/9259"}],"wp:attachment":[{"href":"https:\/\/www.babyloniababycarriers.eu\/es\/wp-json\/wp\/v2\/media?parent=8264"}],"curies":[{"name":"wp","href":"https:\/\/api.w.org\/{rel}","templated":true}]}}