{"id":8606,"date":"2024-02-12T20:15:00","date_gmt":"2024-02-12T20:15:00","guid":{"rendered":"https:\/\/www.babyloniababycarriers.eu\/product\/bola-set-aus-bola-halskette-und-armband-vergoldeter-mama-baby-anhaenger-aus-steinperlen-einheitsgroesse\/"},"modified":"2024-02-12T20:15:00","modified_gmt":"2024-02-12T19:15:00","slug":"bola-set-aus-bola-halskette-und-armband-vergoldeter-mama-baby-anhaenger-aus-steinperlen-einheitsgroesse","status":"publish","type":"product","link":"https:\/\/www.babyloniababycarriers.eu\/de\/product\/bola-set-aus-bola-halskette-und-armband-vergoldeter-mama-baby-anhaenger-aus-steinperlen-einheitsgroesse\/","title":{"rendered":"Bola &#8211; Set aus Bola-Halskette und -Armband &#8211; Vergoldeter Mama-\/Baby-Anh\u00e4nger aus Steinperlen &#8211; Einheitsgr\u00f6\u00dfe"},"content":{"rendered":"<p>Ab der 20. Schwangerschaftswoche wird Ihr Baby Ihre Stimme, Ihren Herzschlag und andere Ger\u00e4usche erkennen. Auch den sanften Klang der Schwangerschaftsglocke von Babylonia: ein handgefertigter Schmuck aus Mexiko mit einem Xylophon. Tragen Sie die Bola tief auf Ihrem schwangeren Bauch, an einer langen Halskette. Bei jeder Bewegung gibt die Bola einen beruhigenden Ton von sich. Ein sanftes Klimpern, das f\u00fcr Ihr Baby vertraut klingt &#8211; vor und nach der Geburt. Unsere Sets sind ideal als Mutterschaftsgeschenke. Dank des Armbands schenken Sie Ihrer Mutter auch nach der Schwangerschaft eine bleibende wunderbare Erinnerung an diese magische Zeit.    <\/p>\n","protected":false},"excerpt":{"rendered":"<p>Eine Bola-Halskette und ein passendes Armband, verpackt in einer schwarzen Schmuck-Geschenkbox. Mit dem Armband k\u00f6nnen Sie ein dauerhaftes Accessoire tragen, das Sie auch nach der Schwangerschaft an diese magische Zeit erinnert. <\/p>\n","protected":false},"featured_media":2199,"comment_status":"open","ping_status":"closed","template":"","meta":[],"product_brand":[],"product_cat":[88],"product_tag":[],"class_list":{"0":"post-8606","1":"product","2":"type-product","3":"status-publish","4":"has-post-thumbnail","6":"product_cat-baby-bola-de","8":"first","9":"instock","10":"taxable","11":"shipping-taxable","12":"purchasable","13":"product-type-simple"},"jetpack_sharing_enabled":true,"_links":{"self":[{"href":"https:\/\/www.babyloniababycarriers.eu\/de\/wp-json\/wp\/v2\/product\/8606","targetHints":{"allow":["GET"]}}],"collection":[{"href":"https:\/\/www.babyloniababycarriers.eu\/de\/wp-json\/wp\/v2\/product"}],"about":[{"href":"https:\/\/www.babyloniababycarriers.eu\/de\/wp-json\/wp\/v2\/types\/product"}],"replies":[{"embeddable":true,"href":"https:\/\/www.babyloniababycarriers.eu\/de\/wp-json\/wp\/v2\/comments?post=8606"}],"version-history":[{"count":0,"href":"https:\/\/www.babyloniababycarriers.eu\/de\/wp-json\/wp\/v2\/product\/8606\/revisions"}],"wp:featuredmedia":[{"embeddable":true,"href":"https:\/\/www.babyloniababycarriers.eu\/de\/wp-json\/wp\/v2\/media\/2199"}],"wp:attachment":[{"href":"https:\/\/www.babyloniababycarriers.eu\/de\/wp-json\/wp\/v2\/media?parent=8606"}],"wp:term":[{"taxonomy":"product_brand","embeddable":true,"href":"https:\/\/www.babyloniababycarriers.eu\/de\/wp-json\/wp\/v2\/product_brand?post=8606"},{"taxonomy":"product_cat","embeddable":true,"href":"https:\/\/www.babyloniababycarriers.eu\/de\/wp-json\/wp\/v2\/product_cat?post=8606"},{"taxonomy":"product_tag","embeddable":true,"href":"https:\/\/www.babyloniababycarriers.eu\/de\/wp-json\/wp\/v2\/product_tag?post=8606"}],"curies":[{"name":"wp","href":"https:\/\/api.w.org\/{rel}","templated":true}]}}