{"id":7996,"date":"2024-02-12T20:15:05","date_gmt":"2024-02-12T20:15:05","guid":{"rendered":"https:\/\/www.babyloniababycarriers.eu\/product\/bola-halfterrassel-einheitsgroesse\/"},"modified":"2024-02-12T20:15:05","modified_gmt":"2024-02-12T19:15:05","slug":"bola-halfterrassel-einheitsgroesse","status":"publish","type":"product","link":"https:\/\/www.babyloniababycarriers.eu\/de\/product\/bola-halfterrassel-einheitsgroesse\/","title":{"rendered":"Bola &#8211; Halfterrassel &#8211; Einheitsgr\u00f6\u00dfe"},"content":{"rendered":"<p>Ab der 20. Schwangerschaftswoche wird Ihr Baby Ihre Stimme, Ihren Herzschlag und viele andere Ger\u00e4usche erkennen, darunter auch beruhigende wie die Babylonia Schwangerschaftsbola. Die Schwangerschaftsbola ist ein handgefertigtes mexikanisches Schmuckst\u00fcck, das ein kleines Xylophon enth\u00e4lt. Tragen Sie die Bola mit einer langen Kette an Ihrem Bauch. Bei jeder Bewegung gibt die Bola einen beruhigenden Ton von sich, ein sanftes Klimpern, das Ihr Baby sowohl vor als auch nach der Geburt kennen wird. Nach der Geburt k\u00f6nnen Sie die Bola in das Stofftier Ihres Babys einn\u00e4hen, um es an die s\u00fc\u00dfen Ger\u00e4usche zu erinnern, die es in Ihrem Bauch geh\u00f6rt hat. Kombinieren Sie dieses sch\u00f6ne Schmuckst\u00fcck mit einer Bola-Halskette aus Ros\u00e9gold, Gold oder Silber und Sie werden ein echter Blickfang sein, auch f\u00fcr Ihr Baby! Unsere Bolas sind vergoldet, ros\u00e9vergoldet oder versilbert. Die farbigen Modelle sind mit einem farbigen Harz \u00fcberzogen. Sie sind alle nickel- und bleifrei und daher nicht sch\u00e4dlich f\u00fcr Mutter oder Baby. Sie werden mit einem Glied aus 100% schwarzer Baumwolle, L\u00e4nge 120 cm, verkauft.         <\/p>\n","protected":false},"excerpt":{"rendered":"<p>Tragen Sie die Bola mit einer langen Kette an Ihrem Bauch. Bei jeder Bewegung gibt die Bola einen beruhigenden Ton von sich, ein sanftes Klimpern, das Ihr Baby kennt. <\/p>\n","protected":false},"featured_media":4828,"comment_status":"open","ping_status":"closed","template":"","meta":[],"product_brand":[],"product_cat":[88],"product_tag":[],"class_list":{"0":"post-7996","1":"product","2":"type-product","3":"status-publish","4":"has-post-thumbnail","6":"product_cat-baby-bola-de","8":"first","9":"outofstock","10":"taxable","11":"shipping-taxable","12":"purchasable","13":"product-type-simple"},"jetpack_sharing_enabled":true,"_links":{"self":[{"href":"https:\/\/www.babyloniababycarriers.eu\/de\/wp-json\/wp\/v2\/product\/7996","targetHints":{"allow":["GET"]}}],"collection":[{"href":"https:\/\/www.babyloniababycarriers.eu\/de\/wp-json\/wp\/v2\/product"}],"about":[{"href":"https:\/\/www.babyloniababycarriers.eu\/de\/wp-json\/wp\/v2\/types\/product"}],"replies":[{"embeddable":true,"href":"https:\/\/www.babyloniababycarriers.eu\/de\/wp-json\/wp\/v2\/comments?post=7996"}],"version-history":[{"count":0,"href":"https:\/\/www.babyloniababycarriers.eu\/de\/wp-json\/wp\/v2\/product\/7996\/revisions"}],"wp:featuredmedia":[{"embeddable":true,"href":"https:\/\/www.babyloniababycarriers.eu\/de\/wp-json\/wp\/v2\/media\/4828"}],"wp:attachment":[{"href":"https:\/\/www.babyloniababycarriers.eu\/de\/wp-json\/wp\/v2\/media?parent=7996"}],"wp:term":[{"taxonomy":"product_brand","embeddable":true,"href":"https:\/\/www.babyloniababycarriers.eu\/de\/wp-json\/wp\/v2\/product_brand?post=7996"},{"taxonomy":"product_cat","embeddable":true,"href":"https:\/\/www.babyloniababycarriers.eu\/de\/wp-json\/wp\/v2\/product_cat?post=7996"},{"taxonomy":"product_tag","embeddable":true,"href":"https:\/\/www.babyloniababycarriers.eu\/de\/wp-json\/wp\/v2\/product_tag?post=7996"}],"curies":[{"name":"wp","href":"https:\/\/api.w.org\/{rel}","templated":true}]}}