{"id":7660,"date":"2024-02-15T19:00:40","date_gmt":"2024-02-15T19:00:40","guid":{"rendered":"https:\/\/www.babyloniababycarriers.eu\/product\/tricot-click-mandel-melange-einheitsgroesse\/"},"modified":"2024-02-15T19:00:40","modified_gmt":"2024-02-15T18:00:40","slug":"tricot-click-mandel-melange-einheitsgroesse","status":"publish","type":"product","link":"https:\/\/www.babyloniababycarriers.eu\/de\/product\/tricot-click-mandel-melange-einheitsgroesse\/","title":{"rendered":"Tricot-Click &#8211; Mandel Melange &#8211; Einheitsgr\u00f6\u00dfe"},"content":{"rendered":"<p>Tricot-Click ist die perfekte Kombination aus dem Komfort eines dehnbaren Tragetuchs und der Benutzerfreundlichkeit einer ergonomischen Babytrage. Ergonomische Babytrage, anpassbar von der Geburt bis 15 kg. Dehnbares, geschmeidiges und weiches Tragetuchmaterial, f\u00fcr einen Sitz, der sich perfekt an die Morphologie des Babys anpasst. 2 Positionen: Bauch und R\u00fccken. Optimale Gewichtsverteilung f\u00fcr mehr Komfort. Einfaches Anlegen und Anpassen. Verstellbare Breite und H\u00f6he, um sich mit dem Baby mitzuentwickeln.      <\/p>\n","protected":false},"excerpt":{"rendered":"<p>Tricot-Click ist die perfekte Kombination aus dem Komfort eines dehnbaren Tragetuchs und der Benutzerfreundlichkeit einer ergonomischen Babytrage. Ergonomische Babytrage, anpassbar von der Geburt bis 15 kg. Dehnbares, geschmeidiges und weiches Tragetuchmaterial, f\u00fcr einen Sitz, der sich perfekt an die Morphologie des Babys anpasst. 2 Positionen: Bauch und R\u00fccken. Optimale Gewichtsverteilung f\u00fcr mehr Komfort. Einfaches Anlegen und Anpassen. Verstellbare Breite und H\u00f6he, um sich mit dem Baby mitzuentwickeln.      <\/p>\n","protected":false},"featured_media":1103,"comment_status":"open","ping_status":"closed","template":"","meta":[],"product_brand":[],"product_cat":[106],"product_tag":[],"class_list":{"0":"post-7660","1":"product","2":"type-product","3":"status-publish","4":"has-post-thumbnail","6":"product_cat-ergonomische-babyschalen","8":"first","9":"instock","10":"taxable","11":"shipping-taxable","12":"purchasable","13":"product-type-simple"},"jetpack_sharing_enabled":true,"_links":{"self":[{"href":"https:\/\/www.babyloniababycarriers.eu\/de\/wp-json\/wp\/v2\/product\/7660","targetHints":{"allow":["GET"]}}],"collection":[{"href":"https:\/\/www.babyloniababycarriers.eu\/de\/wp-json\/wp\/v2\/product"}],"about":[{"href":"https:\/\/www.babyloniababycarriers.eu\/de\/wp-json\/wp\/v2\/types\/product"}],"replies":[{"embeddable":true,"href":"https:\/\/www.babyloniababycarriers.eu\/de\/wp-json\/wp\/v2\/comments?post=7660"}],"version-history":[{"count":0,"href":"https:\/\/www.babyloniababycarriers.eu\/de\/wp-json\/wp\/v2\/product\/7660\/revisions"}],"wp:featuredmedia":[{"embeddable":true,"href":"https:\/\/www.babyloniababycarriers.eu\/de\/wp-json\/wp\/v2\/media\/1103"}],"wp:attachment":[{"href":"https:\/\/www.babyloniababycarriers.eu\/de\/wp-json\/wp\/v2\/media?parent=7660"}],"wp:term":[{"taxonomy":"product_brand","embeddable":true,"href":"https:\/\/www.babyloniababycarriers.eu\/de\/wp-json\/wp\/v2\/product_brand?post=7660"},{"taxonomy":"product_cat","embeddable":true,"href":"https:\/\/www.babyloniababycarriers.eu\/de\/wp-json\/wp\/v2\/product_cat?post=7660"},{"taxonomy":"product_tag","embeddable":true,"href":"https:\/\/www.babyloniababycarriers.eu\/de\/wp-json\/wp\/v2\/product_tag?post=7660"}],"curies":[{"name":"wp","href":"https:\/\/api.w.org\/{rel}","templated":true}]}}