{"id":7576,"date":"2024-02-15T19:11:40","date_gmt":"2024-02-15T19:11:40","guid":{"rendered":"https:\/\/www.babyloniababycarriers.eu\/product\/bb-sling-weicher-dschungel-gerafft\/"},"modified":"2025-01-28T14:26:05","modified_gmt":"2025-01-28T13:26:05","slug":"bb-sling-weicher-dschungel-gerafft","status":"publish","type":"product","link":"https:\/\/www.babyloniababycarriers.eu\/de\/product\/bb-sling-weicher-dschungel-gerafft\/","title":{"rendered":"BB sling &#8211; Weicher Dschungel &#8211; gerafft"},"content":{"rendered":"<p>Knotenloses gewebtes Tragetuch mit Ringen. Ideal f\u00fcr das Tragen auf der H\u00fcfte oder auf dem Bauch von Geburt an bis zu 15 kg. Die beste Option f\u00fcr das Stillen in allen Situationen. Sehr einfach und schnell anzulegen.   <\/p>\n","protected":false},"excerpt":{"rendered":"<p>Knotenloses gewebtes Tragetuch mit Ringen. Ideal f\u00fcr das Tragen auf der H\u00fcfte oder auf dem Bauch von Geburt an bis zu 15 kg. Die beste Option f\u00fcr das Stillen in allen Situationen. Sehr einfach und schnell anzulegen.   <\/p>\n","protected":false},"featured_media":3792,"comment_status":"open","ping_status":"closed","template":"","meta":[],"product_brand":[],"product_cat":[124,133],"product_tag":[],"class_list":{"0":"post-7576","1":"product","2":"type-product","3":"status-publish","4":"has-post-thumbnail","6":"product_cat-gewebte-schlingen","7":"product_cat-tragetuch-mit-ring","9":"first","10":"outofstock","11":"taxable","12":"shipping-taxable","13":"purchasable","14":"product-type-simple"},"jetpack_sharing_enabled":true,"_links":{"self":[{"href":"https:\/\/www.babyloniababycarriers.eu\/de\/wp-json\/wp\/v2\/product\/7576","targetHints":{"allow":["GET"]}}],"collection":[{"href":"https:\/\/www.babyloniababycarriers.eu\/de\/wp-json\/wp\/v2\/product"}],"about":[{"href":"https:\/\/www.babyloniababycarriers.eu\/de\/wp-json\/wp\/v2\/types\/product"}],"replies":[{"embeddable":true,"href":"https:\/\/www.babyloniababycarriers.eu\/de\/wp-json\/wp\/v2\/comments?post=7576"}],"version-history":[{"count":1,"href":"https:\/\/www.babyloniababycarriers.eu\/de\/wp-json\/wp\/v2\/product\/7576\/revisions"}],"predecessor-version":[{"id":9783,"href":"https:\/\/www.babyloniababycarriers.eu\/de\/wp-json\/wp\/v2\/product\/7576\/revisions\/9783"}],"wp:featuredmedia":[{"embeddable":true,"href":"https:\/\/www.babyloniababycarriers.eu\/de\/wp-json\/wp\/v2\/media\/3792"}],"wp:attachment":[{"href":"https:\/\/www.babyloniababycarriers.eu\/de\/wp-json\/wp\/v2\/media?parent=7576"}],"wp:term":[{"taxonomy":"product_brand","embeddable":true,"href":"https:\/\/www.babyloniababycarriers.eu\/de\/wp-json\/wp\/v2\/product_brand?post=7576"},{"taxonomy":"product_cat","embeddable":true,"href":"https:\/\/www.babyloniababycarriers.eu\/de\/wp-json\/wp\/v2\/product_cat?post=7576"},{"taxonomy":"product_tag","embeddable":true,"href":"https:\/\/www.babyloniababycarriers.eu\/de\/wp-json\/wp\/v2\/product_tag?post=7576"}],"curies":[{"name":"wp","href":"https:\/\/api.w.org\/{rel}","templated":true}]}}