{"id":7543,"date":"2024-02-15T19:11:38","date_gmt":"2024-02-15T19:11:38","guid":{"rendered":"https:\/\/www.babyloniababycarriers.eu\/product\/baby-haengematte-dusty-sky-einheitsgroesse\/"},"modified":"2024-02-15T19:11:38","modified_gmt":"2024-02-15T18:11:38","slug":"baby-haengematte-dusty-sky-einheitsgroesse","status":"publish","type":"product","link":"https:\/\/www.babyloniababycarriers.eu\/de\/product\/baby-haengematte-dusty-sky-einheitsgroesse\/","title":{"rendered":"Baby H\u00e4ngematte &#8211; Dusty Sky &#8211; Einheitsgr\u00f6\u00dfe"},"content":{"rendered":"<p>Die H\u00e4ngematte erm\u00f6glicht ein nat\u00fcrliches Schaukeln des Babys und schafft einen sicheren Platz f\u00fcr Ihr neugeborenes Baby! Das Baby liegt in einer nat\u00fcrlichen F\u00f6tusstellung und die H\u00e4ngematte st\u00fctzt den R\u00fccken \u00fcberall gleicherma\u00dfen, w\u00e4hrend Ihr Baby seine Bewegungsfreiheit beh\u00e4lt. Dank der stabilen Schlaufen l\u00e4sst sich die H\u00e4ngematte leicht im Laufstall\/Babypark aufh\u00e4ngen. Besonders geeignet f\u00fcr Babys zwischen 0 und 4 Monaten. Liegefl\u00e4che: 90cm x 80cm. <\/p>\n","protected":false},"excerpt":{"rendered":"<p>Die H\u00e4ngematte erm\u00f6glicht ein nat\u00fcrliches Schaukeln des Babys und schafft einen sicheren Platz f\u00fcr Ihr neugeborenes Baby! Das Baby liegt in einer nat\u00fcrlichen F\u00f6tusstellung und die H\u00e4ngematte st\u00fctzt den R\u00fccken \u00fcberall gleicherma\u00dfen, w\u00e4hrend Ihr Baby seine Bewegungsfreiheit beh\u00e4lt. Dank der stabilen Schlaufen l\u00e4sst sich die H\u00e4ngematte leicht im Laufstall\/Babypark aufh\u00e4ngen. Besonders geeignet f\u00fcr Babys zwischen 0 und 4 Monaten. Liegefl\u00e4che: 90cm x 80cm. <\/p>\n","protected":false},"featured_media":1211,"comment_status":"open","ping_status":"closed","template":"","meta":[],"product_brand":[],"product_cat":[147],"product_tag":[],"class_list":{"0":"post-7543","1":"product","2":"type-product","3":"status-publish","4":"has-post-thumbnail","6":"product_cat-baby-hangematten","8":"first","9":"instock","10":"taxable","11":"shipping-taxable","12":"purchasable","13":"product-type-simple"},"jetpack_sharing_enabled":true,"_links":{"self":[{"href":"https:\/\/www.babyloniababycarriers.eu\/de\/wp-json\/wp\/v2\/product\/7543","targetHints":{"allow":["GET"]}}],"collection":[{"href":"https:\/\/www.babyloniababycarriers.eu\/de\/wp-json\/wp\/v2\/product"}],"about":[{"href":"https:\/\/www.babyloniababycarriers.eu\/de\/wp-json\/wp\/v2\/types\/product"}],"replies":[{"embeddable":true,"href":"https:\/\/www.babyloniababycarriers.eu\/de\/wp-json\/wp\/v2\/comments?post=7543"}],"version-history":[{"count":0,"href":"https:\/\/www.babyloniababycarriers.eu\/de\/wp-json\/wp\/v2\/product\/7543\/revisions"}],"wp:featuredmedia":[{"embeddable":true,"href":"https:\/\/www.babyloniababycarriers.eu\/de\/wp-json\/wp\/v2\/media\/1211"}],"wp:attachment":[{"href":"https:\/\/www.babyloniababycarriers.eu\/de\/wp-json\/wp\/v2\/media?parent=7543"}],"wp:term":[{"taxonomy":"product_brand","embeddable":true,"href":"https:\/\/www.babyloniababycarriers.eu\/de\/wp-json\/wp\/v2\/product_brand?post=7543"},{"taxonomy":"product_cat","embeddable":true,"href":"https:\/\/www.babyloniababycarriers.eu\/de\/wp-json\/wp\/v2\/product_cat?post=7543"},{"taxonomy":"product_tag","embeddable":true,"href":"https:\/\/www.babyloniababycarriers.eu\/de\/wp-json\/wp\/v2\/product_tag?post=7543"}],"curies":[{"name":"wp","href":"https:\/\/api.w.org\/{rel}","templated":true}]}}