{"id":7331,"date":"2024-02-15T19:11:45","date_gmt":"2024-02-15T19:11:45","guid":{"rendered":"https:\/\/www.babyloniababycarriers.eu\/product\/bb-tai-soft-grey-sizer\/"},"modified":"2024-11-19T10:35:13","modified_gmt":"2024-11-19T09:35:13","slug":"bb-tai-soft-grey-sizer","status":"publish","type":"product","link":"https:\/\/www.babyloniababycarriers.eu\/de\/product\/bb-tai-soft-grey-sizer\/","title":{"rendered":"BB-tai &#8211; Weiches Grau &#8211; Sizer"},"content":{"rendered":"<p>Die Einfachheit einer Babytrage kombiniert mit der Tragekapazit\u00e4t eines gewebten Tuchs. Kann von der Geburt bis zu 20 kg auf dem Bauch oder R\u00fccken getragen werden. Erm\u00f6glicht es Ihnen, auch gr\u00f6\u00dfere und \u00e4ltere Babys bequem zu tragen.  <\/p>\n","protected":false},"excerpt":{"rendered":"<p>Die Einfachheit einer Babytrage kombiniert mit der Tragekapazit\u00e4t eines gewebten Tuchs. Kann von der Geburt bis zu 20 kg auf dem Bauch oder R\u00fccken getragen werden. Erm\u00f6glicht es Ihnen, auch gr\u00f6\u00dfere und \u00e4ltere Babys bequem zu tragen.  <\/p>\n","protected":false},"featured_media":4126,"comment_status":"open","ping_status":"closed","template":"","meta":[],"product_brand":[],"product_cat":[124],"product_tag":[],"class_list":{"0":"post-7331","1":"product","2":"type-product","3":"status-publish","4":"has-post-thumbnail","6":"product_cat-gewebte-schlingen","8":"first","9":"outofstock","10":"taxable","11":"shipping-taxable","12":"purchasable","13":"product-type-simple"},"jetpack_sharing_enabled":true,"_links":{"self":[{"href":"https:\/\/www.babyloniababycarriers.eu\/de\/wp-json\/wp\/v2\/product\/7331","targetHints":{"allow":["GET"]}}],"collection":[{"href":"https:\/\/www.babyloniababycarriers.eu\/de\/wp-json\/wp\/v2\/product"}],"about":[{"href":"https:\/\/www.babyloniababycarriers.eu\/de\/wp-json\/wp\/v2\/types\/product"}],"replies":[{"embeddable":true,"href":"https:\/\/www.babyloniababycarriers.eu\/de\/wp-json\/wp\/v2\/comments?post=7331"}],"version-history":[{"count":1,"href":"https:\/\/www.babyloniababycarriers.eu\/de\/wp-json\/wp\/v2\/product\/7331\/revisions"}],"predecessor-version":[{"id":9128,"href":"https:\/\/www.babyloniababycarriers.eu\/de\/wp-json\/wp\/v2\/product\/7331\/revisions\/9128"}],"wp:featuredmedia":[{"embeddable":true,"href":"https:\/\/www.babyloniababycarriers.eu\/de\/wp-json\/wp\/v2\/media\/4126"}],"wp:attachment":[{"href":"https:\/\/www.babyloniababycarriers.eu\/de\/wp-json\/wp\/v2\/media?parent=7331"}],"wp:term":[{"taxonomy":"product_brand","embeddable":true,"href":"https:\/\/www.babyloniababycarriers.eu\/de\/wp-json\/wp\/v2\/product_brand?post=7331"},{"taxonomy":"product_cat","embeddable":true,"href":"https:\/\/www.babyloniababycarriers.eu\/de\/wp-json\/wp\/v2\/product_cat?post=7331"},{"taxonomy":"product_tag","embeddable":true,"href":"https:\/\/www.babyloniababycarriers.eu\/de\/wp-json\/wp\/v2\/product_tag?post=7331"}],"curies":[{"name":"wp","href":"https:\/\/api.w.org\/{rel}","templated":true}]}}