{"id":7313,"date":"2024-02-15T19:11:46","date_gmt":"2024-02-15T19:11:46","guid":{"rendered":"https:\/\/www.babyloniababycarriers.eu\/product\/tri-cotti-ecru-l\/"},"modified":"2024-11-19T10:35:22","modified_gmt":"2024-11-19T09:35:22","slug":"tri-cotti-ecru-l","status":"publish","type":"product","link":"https:\/\/www.babyloniababycarriers.eu\/de\/product\/tri-cotti-ecru-l\/","title":{"rendered":"Tri-Cotti &#8211; ECRU &#8211; L"},"content":{"rendered":"<p>Superleichtes, feuchtigkeitsableitendes und atmungsaktives Stretchy, hergestellt aus 100% Newlife\u2122-F\u00e4den, einer einzigartigen und zertifizierten Faser. Wiegt fast nichts, hat die gleiche Tragf\u00e4higkeit wie ein gewebtes, aber die Flexibilit\u00e4t eines Stretchy! <\/p>\n","protected":false},"excerpt":{"rendered":"<p>Superleichtes, feuchtigkeitsableitendes und atmungsaktives Stretchy, hergestellt aus 100% Newlife\u2122-F\u00e4den, einer einzigartigen und zertifizierten Faser. Wiegt fast nichts, hat die gleiche Tragf\u00e4higkeit wie ein gewebtes, aber die Flexibilit\u00e4t eines Stretchy! <\/p>\n","protected":false},"featured_media":0,"comment_status":"open","ping_status":"closed","template":"","meta":[],"product_brand":[],"product_cat":[115],"product_tag":[],"class_list":{"0":"post-7313","1":"product","2":"type-product","3":"status-publish","5":"product_cat-rabatt","7":"first","8":"instock","9":"sale","10":"taxable","11":"shipping-taxable","12":"purchasable","13":"product-type-simple"},"jetpack_sharing_enabled":true,"_links":{"self":[{"href":"https:\/\/www.babyloniababycarriers.eu\/de\/wp-json\/wp\/v2\/product\/7313","targetHints":{"allow":["GET"]}}],"collection":[{"href":"https:\/\/www.babyloniababycarriers.eu\/de\/wp-json\/wp\/v2\/product"}],"about":[{"href":"https:\/\/www.babyloniababycarriers.eu\/de\/wp-json\/wp\/v2\/types\/product"}],"replies":[{"embeddable":true,"href":"https:\/\/www.babyloniababycarriers.eu\/de\/wp-json\/wp\/v2\/comments?post=7313"}],"version-history":[{"count":1,"href":"https:\/\/www.babyloniababycarriers.eu\/de\/wp-json\/wp\/v2\/product\/7313\/revisions"}],"predecessor-version":[{"id":9143,"href":"https:\/\/www.babyloniababycarriers.eu\/de\/wp-json\/wp\/v2\/product\/7313\/revisions\/9143"}],"wp:attachment":[{"href":"https:\/\/www.babyloniababycarriers.eu\/de\/wp-json\/wp\/v2\/media?parent=7313"}],"wp:term":[{"taxonomy":"product_brand","embeddable":true,"href":"https:\/\/www.babyloniababycarriers.eu\/de\/wp-json\/wp\/v2\/product_brand?post=7313"},{"taxonomy":"product_cat","embeddable":true,"href":"https:\/\/www.babyloniababycarriers.eu\/de\/wp-json\/wp\/v2\/product_cat?post=7313"},{"taxonomy":"product_tag","embeddable":true,"href":"https:\/\/www.babyloniababycarriers.eu\/de\/wp-json\/wp\/v2\/product_tag?post=7313"}],"curies":[{"name":"wp","href":"https:\/\/api.w.org\/{rel}","templated":true}]}}