{"id":7295,"date":"2024-02-15T19:11:46","date_gmt":"2024-02-15T19:11:46","guid":{"rendered":"https:\/\/www.babyloniababycarriers.eu\/product\/tri-cotti-jeans-design-l\/"},"modified":"2024-11-19T10:35:31","modified_gmt":"2024-11-19T09:35:31","slug":"tri-cotti-jeans-design-l","status":"publish","type":"product","link":"https:\/\/www.babyloniababycarriers.eu\/de\/product\/tri-cotti-jeans-design-l\/","title":{"rendered":"Tri-Cotti &#8211; Jeans Design &#8211; L"},"content":{"rendered":"<p>Superleichtes, feuchtigkeitsableitendes und atmungsaktives Stretchy, hergestellt aus 100% Newlife\u2122-F\u00e4den, einer einzigartigen und zertifizierten Faser. Wiegt fast nichts, hat die gleiche Tragf\u00e4higkeit wie ein gewebtes, aber die Flexibilit\u00e4t eines Stretchy! <\/p>\n","protected":false},"excerpt":{"rendered":"<p>Superleichtes, feuchtigkeitsableitendes und atmungsaktives Stretchy, hergestellt aus 100% Newlife\u2122-F\u00e4den, einer einzigartigen und zertifizierten Faser. Wiegt fast nichts, hat die gleiche Tragf\u00e4higkeit wie ein gewebtes, aber die Flexibilit\u00e4t eines Stretchy! <\/p>\n","protected":false},"featured_media":4171,"comment_status":"open","ping_status":"closed","template":"","meta":[],"product_brand":[],"product_cat":[115],"product_tag":[],"class_list":{"0":"post-7295","1":"product","2":"type-product","3":"status-publish","4":"has-post-thumbnail","6":"product_cat-rabatt","8":"first","9":"outofstock","10":"sale","11":"taxable","12":"shipping-taxable","13":"purchasable","14":"product-type-simple"},"jetpack_sharing_enabled":true,"_links":{"self":[{"href":"https:\/\/www.babyloniababycarriers.eu\/de\/wp-json\/wp\/v2\/product\/7295","targetHints":{"allow":["GET"]}}],"collection":[{"href":"https:\/\/www.babyloniababycarriers.eu\/de\/wp-json\/wp\/v2\/product"}],"about":[{"href":"https:\/\/www.babyloniababycarriers.eu\/de\/wp-json\/wp\/v2\/types\/product"}],"replies":[{"embeddable":true,"href":"https:\/\/www.babyloniababycarriers.eu\/de\/wp-json\/wp\/v2\/comments?post=7295"}],"version-history":[{"count":1,"href":"https:\/\/www.babyloniababycarriers.eu\/de\/wp-json\/wp\/v2\/product\/7295\/revisions"}],"predecessor-version":[{"id":9160,"href":"https:\/\/www.babyloniababycarriers.eu\/de\/wp-json\/wp\/v2\/product\/7295\/revisions\/9160"}],"wp:featuredmedia":[{"embeddable":true,"href":"https:\/\/www.babyloniababycarriers.eu\/de\/wp-json\/wp\/v2\/media\/4171"}],"wp:attachment":[{"href":"https:\/\/www.babyloniababycarriers.eu\/de\/wp-json\/wp\/v2\/media?parent=7295"}],"wp:term":[{"taxonomy":"product_brand","embeddable":true,"href":"https:\/\/www.babyloniababycarriers.eu\/de\/wp-json\/wp\/v2\/product_brand?post=7295"},{"taxonomy":"product_cat","embeddable":true,"href":"https:\/\/www.babyloniababycarriers.eu\/de\/wp-json\/wp\/v2\/product_cat?post=7295"},{"taxonomy":"product_tag","embeddable":true,"href":"https:\/\/www.babyloniababycarriers.eu\/de\/wp-json\/wp\/v2\/product_tag?post=7295"}],"curies":[{"name":"wp","href":"https:\/\/api.w.org\/{rel}","templated":true}]}}