{"id":7205,"date":"2024-02-15T19:11:53","date_gmt":"2024-02-15T19:11:53","guid":{"rendered":"https:\/\/www.babyloniababycarriers.eu\/product\/tricot-slen-organic-white-pepper-sable-one-size\/"},"modified":"2024-11-19T10:27:13","modified_gmt":"2024-11-19T09:27:13","slug":"tricot-slen-organic-white-pepper-sable-one-size","status":"publish","type":"product","link":"https:\/\/www.babyloniababycarriers.eu\/de\/product\/tricot-slen-organic-white-pepper-sable-one-size\/","title":{"rendered":"Tricot-Slen Bio &#8211; Wei\u00dfer Pfeffer (sable) &#8211; Einheitsgr\u00f6\u00dfe"},"content":{"rendered":"<p>Unser erstes Tragetuch, seit 25 Jahren im Einsatz und immer noch das beste elastische Tragetuch!<\/p>\n<p> Einzigartiges Strickverfahren, das dem Tragetuch gerade genug Elastizit\u00e4t verleiht, um das Anlegen zu erleichtern, und das gleichzeitig einen ausgezeichneten Halt bietet und ein Auf- und Abspringen (Bouncing) verhindert. <\/p>\n","protected":false},"excerpt":{"rendered":"<p>Unser erstes Tragetuch, seit 25 Jahren im Einsatz und immer noch das beste elastische Tragetuch! Einzigartiges Strickverfahren, das dem Tragetuch gerade genug Elastizit\u00e4t verleiht, um das Anlegen zu erleichtern, und das gleichzeitig einen ausgezeichneten Halt bietet und ein Auf- und Abspringen (Bouncing) verhindert. <\/p>\n","protected":false},"featured_media":6539,"comment_status":"open","ping_status":"closed","template":"","meta":[],"product_brand":[],"product_cat":[97],"product_tag":[],"class_list":{"0":"post-7205","1":"product","2":"type-product","3":"status-publish","4":"has-post-thumbnail","6":"product_cat-dehnbare-tragetuecher","8":"first","9":"instock","10":"taxable","11":"shipping-taxable","12":"purchasable","13":"product-type-simple"},"jetpack_sharing_enabled":true,"_links":{"self":[{"href":"https:\/\/www.babyloniababycarriers.eu\/de\/wp-json\/wp\/v2\/product\/7205","targetHints":{"allow":["GET"]}}],"collection":[{"href":"https:\/\/www.babyloniababycarriers.eu\/de\/wp-json\/wp\/v2\/product"}],"about":[{"href":"https:\/\/www.babyloniababycarriers.eu\/de\/wp-json\/wp\/v2\/types\/product"}],"replies":[{"embeddable":true,"href":"https:\/\/www.babyloniababycarriers.eu\/de\/wp-json\/wp\/v2\/comments?post=7205"}],"version-history":[{"count":1,"href":"https:\/\/www.babyloniababycarriers.eu\/de\/wp-json\/wp\/v2\/product\/7205\/revisions"}],"predecessor-version":[{"id":8829,"href":"https:\/\/www.babyloniababycarriers.eu\/de\/wp-json\/wp\/v2\/product\/7205\/revisions\/8829"}],"wp:featuredmedia":[{"embeddable":true,"href":"https:\/\/www.babyloniababycarriers.eu\/de\/wp-json\/wp\/v2\/media\/6539"}],"wp:attachment":[{"href":"https:\/\/www.babyloniababycarriers.eu\/de\/wp-json\/wp\/v2\/media?parent=7205"}],"wp:term":[{"taxonomy":"product_brand","embeddable":true,"href":"https:\/\/www.babyloniababycarriers.eu\/de\/wp-json\/wp\/v2\/product_brand?post=7205"},{"taxonomy":"product_cat","embeddable":true,"href":"https:\/\/www.babyloniababycarriers.eu\/de\/wp-json\/wp\/v2\/product_cat?post=7205"},{"taxonomy":"product_tag","embeddable":true,"href":"https:\/\/www.babyloniababycarriers.eu\/de\/wp-json\/wp\/v2\/product_tag?post=7205"}],"curies":[{"name":"wp","href":"https:\/\/api.w.org\/{rel}","templated":true}]}}