{"id":7133,"date":"2024-02-15T19:11:55","date_gmt":"2024-02-15T19:11:55","guid":{"rendered":"https:\/\/www.babyloniababycarriers.eu\/product\/tricot-slen-bamboo-blue-fog-one-size\/"},"modified":"2024-11-19T10:34:21","modified_gmt":"2024-11-19T09:34:21","slug":"tricot-slen-bamboo-blue-fog-one-size","status":"publish","type":"product","link":"https:\/\/www.babyloniababycarriers.eu\/de\/product\/tricot-slen-bamboo-blue-fog-one-size\/","title":{"rendered":"Trikot-Schlanke Bambus &#8211; Blauer Nebel &#8211; Einheitsgr\u00f6\u00dfe"},"content":{"rendered":"<p>Bambus verleiht dem Tricot-Slen seine einzigartigen Eigenschaften: extra weich, atmungsaktiv, hypoallergen, antibakteriell und mit einem nat\u00fcrlichen UV-Filter, f\u00fcr ein Tragetuch voller nat\u00fcrlicher Vorteile<\/p>\n","protected":false},"excerpt":{"rendered":"<p>Bambus verleiht dem Tricot-Slen seine einzigartigen Eigenschaften: extra weich, atmungsaktiv, hypoallergen, antibakteriell und mit einem nat\u00fcrlichen UV-Filter, f\u00fcr ein Tragetuch voller nat\u00fcrlicher Vorteile<\/p>\n","protected":false},"featured_media":4441,"comment_status":"open","ping_status":"closed","template":"","meta":[],"product_brand":[],"product_cat":[97],"product_tag":[],"class_list":{"0":"post-7133","1":"product","2":"type-product","3":"status-publish","4":"has-post-thumbnail","6":"product_cat-dehnbare-tragetuecher","8":"first","9":"instock","10":"taxable","11":"shipping-taxable","12":"purchasable","13":"product-type-simple"},"jetpack_sharing_enabled":true,"_links":{"self":[{"href":"https:\/\/www.babyloniababycarriers.eu\/de\/wp-json\/wp\/v2\/product\/7133","targetHints":{"allow":["GET"]}}],"collection":[{"href":"https:\/\/www.babyloniababycarriers.eu\/de\/wp-json\/wp\/v2\/product"}],"about":[{"href":"https:\/\/www.babyloniababycarriers.eu\/de\/wp-json\/wp\/v2\/types\/product"}],"replies":[{"embeddable":true,"href":"https:\/\/www.babyloniababycarriers.eu\/de\/wp-json\/wp\/v2\/comments?post=7133"}],"version-history":[{"count":1,"href":"https:\/\/www.babyloniababycarriers.eu\/de\/wp-json\/wp\/v2\/product\/7133\/revisions"}],"predecessor-version":[{"id":9033,"href":"https:\/\/www.babyloniababycarriers.eu\/de\/wp-json\/wp\/v2\/product\/7133\/revisions\/9033"}],"wp:featuredmedia":[{"embeddable":true,"href":"https:\/\/www.babyloniababycarriers.eu\/de\/wp-json\/wp\/v2\/media\/4441"}],"wp:attachment":[{"href":"https:\/\/www.babyloniababycarriers.eu\/de\/wp-json\/wp\/v2\/media?parent=7133"}],"wp:term":[{"taxonomy":"product_brand","embeddable":true,"href":"https:\/\/www.babyloniababycarriers.eu\/de\/wp-json\/wp\/v2\/product_brand?post=7133"},{"taxonomy":"product_cat","embeddable":true,"href":"https:\/\/www.babyloniababycarriers.eu\/de\/wp-json\/wp\/v2\/product_cat?post=7133"},{"taxonomy":"product_tag","embeddable":true,"href":"https:\/\/www.babyloniababycarriers.eu\/de\/wp-json\/wp\/v2\/product_tag?post=7133"}],"curies":[{"name":"wp","href":"https:\/\/api.w.org\/{rel}","templated":true}]}}