{"id":7052,"date":"2024-02-15T19:11:58","date_gmt":"2024-02-15T19:11:58","guid":{"rendered":"https:\/\/www.babyloniababycarriers.eu\/product\/tricot-slen-cool-navy-blue-one-size\/"},"modified":"2024-11-19T10:28:04","modified_gmt":"2024-11-19T09:28:04","slug":"tricot-slen-cool-navy-blue-one-size","status":"publish","type":"product","link":"https:\/\/www.babyloniababycarriers.eu\/de\/product\/tricot-slen-cool-navy-blue-one-size\/","title":{"rendered":"Trikot-Slen Cool &#8211; Marineblau &#8211; Einheitsgr\u00f6\u00dfe"},"content":{"rendered":"<p>Superleichtes, feuchtigkeitsableitendes und atmungsaktives Stretchy, hergestellt aus 100% Newlife\u2122-F\u00e4den, einer einzigartigen und zertifizierten Faser. Wiegt fast nichts, hat die gleiche Tragf\u00e4higkeit wie ein gewebtes, aber die Flexibilit\u00e4t eines Stretchy! <\/p>\n","protected":false},"excerpt":{"rendered":"<p>Superleichtes, feuchtigkeitsableitendes und atmungsaktives Stretchy, hergestellt aus 100% Newlife\u2122-F\u00e4den, einer einzigartigen und zertifizierten Faser. Wiegt fast nichts, hat die gleiche Tragf\u00e4higkeit wie ein gewebtes, aber die Flexibilit\u00e4t eines Stretchy! <\/p>\n","protected":false},"featured_media":4486,"comment_status":"open","ping_status":"closed","template":"","meta":[],"product_brand":[],"product_cat":[97],"product_tag":[],"class_list":{"0":"post-7052","1":"product","2":"type-product","3":"status-publish","4":"has-post-thumbnail","6":"product_cat-dehnbare-tragetuecher","8":"first","9":"instock","10":"taxable","11":"shipping-taxable","12":"purchasable","13":"product-type-simple"},"jetpack_sharing_enabled":true,"_links":{"self":[{"href":"https:\/\/www.babyloniababycarriers.eu\/de\/wp-json\/wp\/v2\/product\/7052","targetHints":{"allow":["GET"]}}],"collection":[{"href":"https:\/\/www.babyloniababycarriers.eu\/de\/wp-json\/wp\/v2\/product"}],"about":[{"href":"https:\/\/www.babyloniababycarriers.eu\/de\/wp-json\/wp\/v2\/types\/product"}],"replies":[{"embeddable":true,"href":"https:\/\/www.babyloniababycarriers.eu\/de\/wp-json\/wp\/v2\/comments?post=7052"}],"version-history":[{"count":1,"href":"https:\/\/www.babyloniababycarriers.eu\/de\/wp-json\/wp\/v2\/product\/7052\/revisions"}],"predecessor-version":[{"id":8919,"href":"https:\/\/www.babyloniababycarriers.eu\/de\/wp-json\/wp\/v2\/product\/7052\/revisions\/8919"}],"wp:featuredmedia":[{"embeddable":true,"href":"https:\/\/www.babyloniababycarriers.eu\/de\/wp-json\/wp\/v2\/media\/4486"}],"wp:attachment":[{"href":"https:\/\/www.babyloniababycarriers.eu\/de\/wp-json\/wp\/v2\/media?parent=7052"}],"wp:term":[{"taxonomy":"product_brand","embeddable":true,"href":"https:\/\/www.babyloniababycarriers.eu\/de\/wp-json\/wp\/v2\/product_brand?post=7052"},{"taxonomy":"product_cat","embeddable":true,"href":"https:\/\/www.babyloniababycarriers.eu\/de\/wp-json\/wp\/v2\/product_cat?post=7052"},{"taxonomy":"product_tag","embeddable":true,"href":"https:\/\/www.babyloniababycarriers.eu\/de\/wp-json\/wp\/v2\/product_tag?post=7052"}],"curies":[{"name":"wp","href":"https:\/\/api.w.org\/{rel}","templated":true}]}}