{"id":6998,"date":"2024-09-25T16:02:16","date_gmt":"2024-09-25T14:02:16","guid":{"rendered":"https:\/\/www.babyloniababycarriers.eu\/product\/flexia-green-mint\/"},"modified":"2025-01-28T14:27:03","modified_gmt":"2025-01-28T13:27:03","slug":"flexia-green-mint","status":"publish","type":"product","link":"https:\/\/www.babyloniababycarriers.eu\/de\/product\/flexia-green-mint\/","title":{"rendered":"Flexia Gr\u00fcne Minze"},"content":{"rendered":"<p>Lernen Sie die Flexia kennen: eine zeitlose Babytrage, jetzt mit einem frischen, neuen Look! Die Flexia ist seit langem bei Eltern beliebt und bekannt f\u00fcr ihre Anpassungsf\u00e4higkeit. Sie bietet Ihnen und Ihrem Kind die perfekte Passform von der Geburt bis zum Alter von 4 Jahren. Die verstellbaren Eins\u00e4tze bieten Ihrem Baby einen bequemen und ergonomischen Sitz und sorgen f\u00fcr einen komfortablen Sitz in allen Wachstumsphasen. Der Flexia ist jetzt in einem entspannten, modernen Design erh\u00e4ltlich und passt zu jedem Stil und Anlass.<\/p>\n<p>Geeignet von der Geburt bis zum Alter von 4 Jahren Hergestellt aus Bio-Baumwolle Erh\u00e4ltlich in 3 trendigen Farben Nachhaltig und umweltfreundlich Einfach zu verwenden Flexia, wo Stil auf Komfort f\u00fcr Eltern und Kind trifft.  <\/p>\n","protected":false},"excerpt":{"rendered":"<p>Lernen Sie die Flexia kennen: eine zeitlose Babytrage, jetzt mit einem frischen, neuen Look! Die Flexia ist seit langem bei Eltern beliebt und bekannt f\u00fcr ihre Anpassungsf\u00e4higkeit. Sie bietet Ihnen und Ihrem Kind die perfekte Passform von der Geburt bis zum Alter von 4 Jahren. Die verstellbaren Eins\u00e4tze bieten Ihrem Baby einen bequemen und ergonomischen [&hellip;]<\/p>\n","protected":false},"featured_media":6314,"comment_status":"open","ping_status":"closed","template":"","meta":[],"product_brand":[],"product_cat":[106],"product_tag":[],"class_list":{"0":"post-6998","1":"product","2":"type-product","3":"status-publish","4":"has-post-thumbnail","6":"product_cat-ergonomische-babyschalen","8":"first","9":"instock","10":"featured","11":"taxable","12":"shipping-taxable","13":"purchasable","14":"product-type-simple"},"jetpack_sharing_enabled":true,"_links":{"self":[{"href":"https:\/\/www.babyloniababycarriers.eu\/de\/wp-json\/wp\/v2\/product\/6998","targetHints":{"allow":["GET"]}}],"collection":[{"href":"https:\/\/www.babyloniababycarriers.eu\/de\/wp-json\/wp\/v2\/product"}],"about":[{"href":"https:\/\/www.babyloniababycarriers.eu\/de\/wp-json\/wp\/v2\/types\/product"}],"replies":[{"embeddable":true,"href":"https:\/\/www.babyloniababycarriers.eu\/de\/wp-json\/wp\/v2\/comments?post=6998"}],"version-history":[{"count":1,"href":"https:\/\/www.babyloniababycarriers.eu\/de\/wp-json\/wp\/v2\/product\/6998\/revisions"}],"predecessor-version":[{"id":8737,"href":"https:\/\/www.babyloniababycarriers.eu\/de\/wp-json\/wp\/v2\/product\/6998\/revisions\/8737"}],"wp:featuredmedia":[{"embeddable":true,"href":"https:\/\/www.babyloniababycarriers.eu\/de\/wp-json\/wp\/v2\/media\/6314"}],"wp:attachment":[{"href":"https:\/\/www.babyloniababycarriers.eu\/de\/wp-json\/wp\/v2\/media?parent=6998"}],"wp:term":[{"taxonomy":"product_brand","embeddable":true,"href":"https:\/\/www.babyloniababycarriers.eu\/de\/wp-json\/wp\/v2\/product_brand?post=6998"},{"taxonomy":"product_cat","embeddable":true,"href":"https:\/\/www.babyloniababycarriers.eu\/de\/wp-json\/wp\/v2\/product_cat?post=6998"},{"taxonomy":"product_tag","embeddable":true,"href":"https:\/\/www.babyloniababycarriers.eu\/de\/wp-json\/wp\/v2\/product_tag?post=6998"}],"curies":[{"name":"wp","href":"https:\/\/api.w.org\/{rel}","templated":true}]}}