{"id":6989,"date":"2024-09-25T16:31:56","date_gmt":"2024-09-25T14:31:56","guid":{"rendered":"https:\/\/www.babyloniababycarriers.eu\/product\/tricot-slen-organic-cotton-breeze\/"},"modified":"2024-11-19T10:26:26","modified_gmt":"2024-11-19T09:26:26","slug":"tricot-slen-organic-cotton-breeze","status":"publish","type":"product","link":"https:\/\/www.babyloniababycarriers.eu\/de\/product\/tricot-slen-organic-cotton-breeze\/","title":{"rendered":"Trikot-Slen Bio-Baumwolle Breeze"},"content":{"rendered":"<p class=\"cvGsUA direction-ltr align-start para-style-body\"><span class=\"OYPEnA font-feature-liga-off font-feature-clig-off font-feature-calt-off text-decoration-none text-strikethrough-none\">Seit mehr als 25 Jahren auf dem Markt und dank der einzigartigen Strickmethode immer noch das beste elastische Tragetuch! Das Tragetuch ist einfach anzulegen und bietet zudem eine hervorragende ergonomische Unterst\u00fctzung. Dank der einzigartigen Stricktechnik und der Verwendung von KEINEM Elastan wird ein Aufschaukeln beim Tragen verhindert.  <\/span><\/p>\n<p class=\"cvGsUA direction-ltr align-start para-style-body\"><span class=\"OYPEnA font-feature-liga-off font-feature-clig-off font-feature-calt-off text-decoration-none text-strikethrough-none\">Das Cotton Breeze ist aus fantastisch weicher Bio-Baumwolle und enth\u00e4lt KEINEN Farbstoff. Es hat also nicht nur eine sch\u00f6ne Farbe, sondern ist auch eine \u00f6kologische Wahl! <\/span><\/p>\n<p>&nbsp;<\/p>\n<ul>\n<li><span class=\"OYPEnA font-feature-liga-off font-feature-clig-off font-feature-calt-off text-decoration-none text-strikethrough-none\">100% Bio-Baumwolle<\/span><\/li>\n<li><span class=\"OYPEnA font-feature-liga-off font-feature-clig-off font-feature-calt-off text-decoration-none text-strikethrough-none\">Dehnbare Schlinge ohne Elastan<\/span><\/li>\n<li><span class=\"OYPEnA font-feature-liga-off font-feature-clig-off font-feature-calt-off text-decoration-none text-strikethrough-none\">Perfekt f\u00fcr Neugeborene<\/span><\/li>\n<li><span class=\"OYPEnA font-feature-liga-off font-feature-clig-off font-feature-calt-off text-decoration-none text-strikethrough-none\">Nachhaltig &amp; \u00f6kologisch<\/span><\/li>\n<li><span class=\"OYPEnA font-feature-liga-off font-feature-clig-off font-feature-calt-off text-decoration-none text-strikethrough-none\">Einzigartige Stricktechnik, die ein Aufspringen verhindert<\/span><\/li>\n<li><strong><span class=\"OYPEnA font-feature-liga-off font-feature-clig-off font-feature-calt-off text-decoration-none text-strikethrough-none\">Keine Verwendung von Farbstoffen!<\/span><\/strong><\/li>\n<\/ul>\n","protected":false},"excerpt":{"rendered":"<p>Seit mehr als 25 Jahren auf dem Markt und dank der einzigartigen Strickmethode immer noch das beste elastische Tragetuch! Das Tragetuch ist einfach anzulegen und bietet zudem eine hervorragende ergonomische Unterst\u00fctzung. Dank der einzigartigen Stricktechnik und der Verwendung von KEINEM Elastan wird ein Aufschaukeln beim Tragen verhindert. Das Cotton Breeze ist aus fantastisch weicher Bio-Baumwolle [&hellip;]<\/p>\n","protected":false},"featured_media":6323,"comment_status":"open","ping_status":"closed","template":"","meta":[],"product_brand":[],"product_cat":[97],"product_tag":[],"class_list":{"0":"post-6989","1":"product","2":"type-product","3":"status-publish","4":"has-post-thumbnail","6":"product_cat-dehnbare-tragetuecher","8":"first","9":"instock","10":"taxable","11":"shipping-taxable","12":"purchasable","13":"product-type-simple"},"jetpack_sharing_enabled":true,"_links":{"self":[{"href":"https:\/\/www.babyloniababycarriers.eu\/de\/wp-json\/wp\/v2\/product\/6989","targetHints":{"allow":["GET"]}}],"collection":[{"href":"https:\/\/www.babyloniababycarriers.eu\/de\/wp-json\/wp\/v2\/product"}],"about":[{"href":"https:\/\/www.babyloniababycarriers.eu\/de\/wp-json\/wp\/v2\/types\/product"}],"replies":[{"embeddable":true,"href":"https:\/\/www.babyloniababycarriers.eu\/de\/wp-json\/wp\/v2\/comments?post=6989"}],"version-history":[{"count":1,"href":"https:\/\/www.babyloniababycarriers.eu\/de\/wp-json\/wp\/v2\/product\/6989\/revisions"}],"predecessor-version":[{"id":8746,"href":"https:\/\/www.babyloniababycarriers.eu\/de\/wp-json\/wp\/v2\/product\/6989\/revisions\/8746"}],"wp:featuredmedia":[{"embeddable":true,"href":"https:\/\/www.babyloniababycarriers.eu\/de\/wp-json\/wp\/v2\/media\/6323"}],"wp:attachment":[{"href":"https:\/\/www.babyloniababycarriers.eu\/de\/wp-json\/wp\/v2\/media?parent=6989"}],"wp:term":[{"taxonomy":"product_brand","embeddable":true,"href":"https:\/\/www.babyloniababycarriers.eu\/de\/wp-json\/wp\/v2\/product_brand?post=6989"},{"taxonomy":"product_cat","embeddable":true,"href":"https:\/\/www.babyloniababycarriers.eu\/de\/wp-json\/wp\/v2\/product_cat?post=6989"},{"taxonomy":"product_tag","embeddable":true,"href":"https:\/\/www.babyloniababycarriers.eu\/de\/wp-json\/wp\/v2\/product_tag?post=6989"}],"curies":[{"name":"wp","href":"https:\/\/api.w.org\/{rel}","templated":true}]}}