{"id":6890,"date":"2024-09-30T15:02:33","date_gmt":"2024-09-30T13:02:33","guid":{"rendered":"https:\/\/www.babyloniababycarriers.eu\/product\/bola-pure-elegance-gold\/"},"modified":"2024-11-19T10:27:25","modified_gmt":"2024-11-19T09:27:25","slug":"bola-pure-elegance-gold","status":"publish","type":"product","link":"https:\/\/www.babyloniababycarriers.eu\/de\/product\/bola-pure-elegance-gold\/","title":{"rendered":"Bola &#8211; Reine Eleganz &#8211; Gold"},"content":{"rendered":"<p>Ab der 20. Schwangerschaftswoche wird Ihr Baby Ihre Stimme, Ihren Herzschlag und viele andere Ger\u00e4usche erkennen, darunter auch beruhigende wie die Babylonia Schwangerschaftsbola. Die Schwangerschaftsbola ist ein Schmuckst\u00fcck, das ein kleines Xylophon enth\u00e4lt. Tragen Sie die Bola mit einer langen Kette an Ihrem Bauch. Bei jeder Bewegung gibt die Bola einen beruhigenden Ton ab, ein sanftes Klimpern, das Ihr Baby kennt, sowohl vor als auch nach der Geburt. Nach der Geburt k\u00f6nnen Sie die Bola in das Stofftier Ihres Babys einn\u00e4hen, um es an die s\u00fc\u00dfen Ger\u00e4usche zu erinnern, die es in Ihrem Bauch geh\u00f6rt hat. Kombinieren Sie dieses sch\u00f6ne Schmuckst\u00fcck mit einer ros\u00e9goldenen, goldenen oder silbernen Bola-Halskette, und Sie werden ein echter Blickfang sein, auch f\u00fcr Ihr Baby!       &nbsp;<\/p>\n<p>&nbsp;<\/p>\n","protected":false},"excerpt":{"rendered":"<p>Ab der 20. Schwangerschaftswoche wird Ihr Baby Ihre Stimme, Ihren Herzschlag und viele andere Ger\u00e4usche erkennen, darunter auch beruhigende wie die Babylonia Schwangerschaftsbola. Die Schwangerschaftsbola ist ein Schmuckst\u00fcck, das ein kleines Xylophon enth\u00e4lt. Tragen Sie die Bola mit einer langen Kette an Ihrem Bauch. Bei jeder Bewegung gibt die Bola einen beruhigenden Ton ab, ein [&hellip;]<\/p>\n","protected":false},"featured_media":6701,"comment_status":"open","ping_status":"closed","template":"","meta":[],"product_brand":[],"product_cat":[88],"product_tag":[],"class_list":{"0":"post-6890","1":"product","2":"type-product","3":"status-publish","4":"has-post-thumbnail","6":"product_cat-baby-bola-de","8":"first","9":"instock","10":"featured","11":"taxable","12":"shipping-taxable","13":"purchasable","14":"product-type-simple"},"jetpack_sharing_enabled":true,"_links":{"self":[{"href":"https:\/\/www.babyloniababycarriers.eu\/de\/wp-json\/wp\/v2\/product\/6890","targetHints":{"allow":["GET"]}}],"collection":[{"href":"https:\/\/www.babyloniababycarriers.eu\/de\/wp-json\/wp\/v2\/product"}],"about":[{"href":"https:\/\/www.babyloniababycarriers.eu\/de\/wp-json\/wp\/v2\/types\/product"}],"replies":[{"embeddable":true,"href":"https:\/\/www.babyloniababycarriers.eu\/de\/wp-json\/wp\/v2\/comments?post=6890"}],"version-history":[{"count":1,"href":"https:\/\/www.babyloniababycarriers.eu\/de\/wp-json\/wp\/v2\/product\/6890\/revisions"}],"predecessor-version":[{"id":8855,"href":"https:\/\/www.babyloniababycarriers.eu\/de\/wp-json\/wp\/v2\/product\/6890\/revisions\/8855"}],"wp:featuredmedia":[{"embeddable":true,"href":"https:\/\/www.babyloniababycarriers.eu\/de\/wp-json\/wp\/v2\/media\/6701"}],"wp:attachment":[{"href":"https:\/\/www.babyloniababycarriers.eu\/de\/wp-json\/wp\/v2\/media?parent=6890"}],"wp:term":[{"taxonomy":"product_brand","embeddable":true,"href":"https:\/\/www.babyloniababycarriers.eu\/de\/wp-json\/wp\/v2\/product_brand?post=6890"},{"taxonomy":"product_cat","embeddable":true,"href":"https:\/\/www.babyloniababycarriers.eu\/de\/wp-json\/wp\/v2\/product_cat?post=6890"},{"taxonomy":"product_tag","embeddable":true,"href":"https:\/\/www.babyloniababycarriers.eu\/de\/wp-json\/wp\/v2\/product_tag?post=6890"}],"curies":[{"name":"wp","href":"https:\/\/api.w.org\/{rel}","templated":true}]}}