{"id":11239,"date":"2025-11-28T10:57:38","date_gmt":"2025-11-28T09:57:38","guid":{"rendered":"https:\/\/www.babyloniababycarriers.eu\/?post_type=product&#038;p=11239"},"modified":"2025-11-28T11:01:21","modified_gmt":"2025-11-28T10:01:21","slug":"bola-reine-eleganz-rose-gold-kopie-kopie","status":"publish","type":"product","link":"https:\/\/www.babyloniababycarriers.eu\/de\/product\/bola-reine-eleganz-rose-gold-kopie-kopie\/","title":{"rendered":"Bola &#8211; Reine Eleganz &#8211; Rose Gold (kopie) (kopie)"},"content":{"rendered":"<p>Ab der 20. Schwangerschaftswoche wird Ihr Baby Ihre Stimme, Ihren Herzschlag und viele andere Ger\u00e4usche erkennen, darunter auch beruhigende wie die Babylonia Schwangerschaftsbola. Die Schwangerschaftsbola ist ein Schmuckst\u00fcck, das ein kleines Xylophon enth\u00e4lt. Tragen Sie die Bola mit einer langen Kette an Ihrem Bauch. Bei jeder Bewegung gibt die Bola einen beruhigenden Ton ab, ein sanftes Klimpern, das Ihr Baby kennt, sowohl vor als auch nach der Geburt. N\u00e4hen Sie die Bola nach der Geburt in das Kuscheltier Ihres Babys ein, um es an die s\u00fc\u00dfen Kl\u00e4nge zu erinnern, die es in Ihrem Bauch geh\u00f6rt hat. Kombinieren Sie dieses sch\u00f6ne Schmuckst\u00fcck mit einer Bola-Halskette in Ros\u00e9gold, Gold oder Silber und Sie werden ein echter Blickfang sein, auch f\u00fcr Ihr Baby!     <\/p>\n","protected":false},"excerpt":{"rendered":"<p>Ab der 20. Schwangerschaftswoche wird Ihr Baby Ihre Stimme, Ihren Herzschlag und viele andere Ger\u00e4usche erkennen, darunter auch beruhigende wie die Babylonia Schwangerschaftsbola. Die Schwangerschaftsbola ist ein Schmuckst\u00fcck, das ein kleines Xylophon enth\u00e4lt. Tragen Sie die Bola mit einer langen Kette an Ihrem Bauch. Bei jeder Bewegung gibt die Bola einen beruhigenden Ton ab, ein [&hellip;]<\/p>\n","protected":false},"featured_media":11249,"comment_status":"open","ping_status":"closed","template":"","meta":[],"product_brand":[],"product_cat":[88],"product_tag":[],"class_list":{"0":"post-11239","1":"product","2":"type-product","3":"status-publish","4":"has-post-thumbnail","6":"product_cat-baby-bola-de","8":"first","9":"instock","10":"featured","11":"taxable","12":"shipping-taxable","13":"purchasable","14":"product-type-simple"},"jetpack_sharing_enabled":true,"_links":{"self":[{"href":"https:\/\/www.babyloniababycarriers.eu\/de\/wp-json\/wp\/v2\/product\/11239","targetHints":{"allow":["GET"]}}],"collection":[{"href":"https:\/\/www.babyloniababycarriers.eu\/de\/wp-json\/wp\/v2\/product"}],"about":[{"href":"https:\/\/www.babyloniababycarriers.eu\/de\/wp-json\/wp\/v2\/types\/product"}],"replies":[{"embeddable":true,"href":"https:\/\/www.babyloniababycarriers.eu\/de\/wp-json\/wp\/v2\/comments?post=11239"}],"version-history":[{"count":1,"href":"https:\/\/www.babyloniababycarriers.eu\/de\/wp-json\/wp\/v2\/product\/11239\/revisions"}],"predecessor-version":[{"id":11258,"href":"https:\/\/www.babyloniababycarriers.eu\/de\/wp-json\/wp\/v2\/product\/11239\/revisions\/11258"}],"wp:featuredmedia":[{"embeddable":true,"href":"https:\/\/www.babyloniababycarriers.eu\/de\/wp-json\/wp\/v2\/media\/11249"}],"wp:attachment":[{"href":"https:\/\/www.babyloniababycarriers.eu\/de\/wp-json\/wp\/v2\/media?parent=11239"}],"wp:term":[{"taxonomy":"product_brand","embeddable":true,"href":"https:\/\/www.babyloniababycarriers.eu\/de\/wp-json\/wp\/v2\/product_brand?post=11239"},{"taxonomy":"product_cat","embeddable":true,"href":"https:\/\/www.babyloniababycarriers.eu\/de\/wp-json\/wp\/v2\/product_cat?post=11239"},{"taxonomy":"product_tag","embeddable":true,"href":"https:\/\/www.babyloniababycarriers.eu\/de\/wp-json\/wp\/v2\/product_tag?post=11239"}],"curies":[{"name":"wp","href":"https:\/\/api.w.org\/{rel}","templated":true}]}}