{"id":8478,"date":"2023-11-14T08:24:29","date_gmt":"2023-11-14T07:24:29","guid":{"rendered":"https:\/\/www.babyloniababycarriers.eu\/bedingungen-konditionen\/"},"modified":"2025-01-14T15:09:40","modified_gmt":"2025-01-14T14:09:40","slug":"bedingungen-konditionen","status":"publish","type":"page","link":"https:\/\/www.babyloniababycarriers.eu\/de\/bedingungen-konditionen\/","title":{"rendered":"Bedingungen &amp; Konditionen"},"content":{"rendered":"\t\t<div data-elementor-type=\"wp-page\" data-elementor-id=\"8478\" class=\"elementor elementor-8478 elementor-77\" data-elementor-post-type=\"page\">\n\t\t\t\t<div class=\"elementor-element elementor-element-3b1840a0 e-flex e-con-boxed e-con e-parent\" data-id=\"3b1840a0\" data-element_type=\"container\" data-e-type=\"container\">\n\t\t\t\t\t<div class=\"e-con-inner\">\n\t\t\t\t<div class=\"elementor-element elementor-element-24b270da elementor-widget elementor-widget-heading\" data-id=\"24b270da\" data-element_type=\"widget\" data-e-type=\"widget\" data-widget_type=\"heading.default\">\n\t\t\t\t<div class=\"elementor-widget-container\">\n\t\t\t\t\t<h1 class=\"elementor-heading-title elementor-size-default\">Bedingungen &amp; Konditionen<\/h1>\t\t\t\t<\/div>\n\t\t\t\t<\/div>\n\t\t\t\t<div class=\"elementor-element elementor-element-5d0af1ac elementor-widget elementor-widget-text-editor\" data-id=\"5d0af1ac\" data-element_type=\"widget\" data-e-type=\"widget\" data-widget_type=\"text-editor.default\">\n\t\t\t\t<div class=\"elementor-widget-container\">\n\t\t\t\t\t\t\t\t\t<h2>Artikel 1: Online-Verkauf<\/h2>\n<p>Chamo BV betreibt die Website f\u00fcr den Verkauf seiner Produkte an Kunden in aller Welt. Die vorliegenden Allgemeinen Gesch\u00e4ftsbedingungen regeln den Verkauf der Produkte \u00fcber die Website. Das Unternehmen, das im Folgenden auch als &#8222;wir&#8220; oder &#8222;uns&#8220; bezeichnet wird, hat seinen Sitz in Geraardsbergen und tr\u00e4gt die Firmennummer BE0875.816.760. Sie k\u00f6nnen es telefonisch unter +32 54 240 330 und per E-Mail unter bureau@chamo.be erreichen. Der K\u00e4ufer ist jede Person, die \u00fcber die Website www.babylonia.eu Waren oder Dienstleistungen kauft oder bestellt und wird im Folgenden als &#8222;K\u00e4ufer&#8220; oder &#8222;Sie&#8220; bezeichnet. Mit dem Kauf oder der Bestellung von Waren und Dienstleistungen \u00fcber die Website akzeptieren Sie unwiderruflich die vorliegenden Allgemeinen Gesch\u00e4ftsbedingungen in der zum Zeitpunkt der Bestellung geltenden Fassung und die Anwendung aller anderen Bedingungen ist ausgeschlossen.     <\/p>\n<h2>Artikel 2: Preis<\/h2>\n<p>Die Preise f\u00fcr unsere Waren und Dienstleistungen sind auf der Website in Euro angegeben und enthalten die Mehrwertsteuer und andere obligatorische Zusatzkosten. Die Kosten f\u00fcr die Lieferung werden je nach der diesbez\u00fcglich getroffenen Auswahl gesondert angegeben. Die Preise sind in Euro zu zahlen, unabh\u00e4ngig vom Ort der Lieferung oder vom Wohnsitz des K\u00e4ufers. Das Unternehmen haftet nicht, wenn bei der Lieferung von Waren und Dienstleistungen au\u00dferhalb der Europ\u00e4ischen Union Z\u00f6lle oder andere lokale Geb\u00fchren oder Steuern erhoben werden. Solche Z\u00f6lle oder Steuern sind von Ihnen, dem K\u00e4ufer, zu tragen, und Sie sind gegebenenfalls auch verpflichtet, Erkl\u00e4rungen bei den zust\u00e4ndigen Beh\u00f6rden des Lieferlandes abzugeben. Das Unternehmen beh\u00e4lt sich das Recht vor, seine Preise jederzeit und ohne vorherige Ank\u00fcndigung zu \u00e4ndern. Die Waren und Dienstleistungen werden auf der Grundlage des zum Zeitpunkt der Registrierung der Bestellung geltenden Preises in Rechnung gestellt, vorbehaltlich der Verf\u00fcgbarkeit und vorbehaltlich von Verwaltungsfehlern. Die Waren bleiben bis zur vollst\u00e4ndigen Zahlung des Preises Eigentum des Unternehmens. Trotz dieses Eigentumsvorbehalts geht das Risiko des Verlusts oder der Besch\u00e4digung ab der Lieferung der Waren auf den K\u00e4ufer \u00fcber. Jegliche Sonderangebote sind bis zu dem angegebenen Datum oder in jedem Fall f\u00fcr maximal einen Monat nach der Ank\u00fcndigung g\u00fcltig. Sie sind nicht kumulierbar. Rabattgutscheine k\u00f6nnen nicht gegen Bargeld umgetauscht werden und sind weder ganz noch teilweise erstattungsf\u00e4hig.           <\/p>\n<h2>Artikel 3: Zustandekommen des Kaufvertrags<\/h2>\n<p>Der Kauf kommt zustande, nachdem Sie die Waren und Dienstleistungen auf der Website ausgew\u00e4hlt haben, Sie den Kauf nach \u00dcberpr\u00fcfung der bestellten Waren und Dienstleistungen und des Preises best\u00e4tigt haben, die Bestellung bei uns eingegangen ist und wir Ihnen die Bestellung best\u00e4tigt haben. Das Unternehmen beh\u00e4lt sich das Recht vor, jede Bestellung eines Kunden zu stornieren, mit dem ein Streit \u00fcber die Zahlung einer anderen Bestellung besteht. Das Unternehmen beh\u00e4lt sich au\u00dferdem das Recht vor, zus\u00e4tzliche Informationen zur Sicherheit des Kunden anzufordern und andernfalls die Ausf\u00fchrung der Bestellung zu verweigern.  <\/p>\n<h2>Artikel 4: Verf\u00fcgbarkeit<\/h2>\n<p>Unsere Angebote gelten bis zur Ersch\u00f6pfung der Lagerbest\u00e4nde oder vorbehaltlich der Verf\u00fcgbarkeit beim Lieferanten oder Hersteller. Im Falle einer Nichtverf\u00fcgbarkeit nach Ihrer Bestellung werden wir Sie so schnell wie m\u00f6glich informieren, ohne dass wir zu einer Entsch\u00e4digung verpflichtet sind. Wir schlie\u00dfen jegliche Haftung in dieser Hinsicht aus.  <\/p>\n<h2>Artikel 5: Lieferung<\/h2>\n<p>Nach Annahme Ihrer Bestellung und Zahlung werden die Waren oder Dienstleistungen an die Lieferadresse geliefert, die Sie w\u00e4hrend des Bestellvorgangs angegeben haben. Sofern nichts anderes vereinbart ist, erfolgt die Lieferung innerhalb von 30 Tagen nach der Bestellung. Nach Ablauf dieser Frist haben Sie das Recht, die Stornierung und R\u00fcckerstattung Ihres Kaufs zu verlangen. Andernfalls \u00fcbernimmt das Unternehmen keine Verantwortung f\u00fcr eine versp\u00e4tete Lieferung oder f\u00fcr den Fall, dass die Lieferung aufgrund falscher oder unvollst\u00e4ndiger Angaben des K\u00e4ufers zum Zeitpunkt der Bestellung nicht erfolgen kann.   <\/p>\n<h2>Artikel 6: Recht auf Widerruf<\/h2>\n<p>Wenn der K\u00e4ufer ein Verbraucher ist, der Waren oder Dienstleistungen im Fernabsatz erwirbt, hat er das Recht, dem Verk\u00e4ufer innerhalb von 14 Kalendertagen ab dem Tag nach der Lieferung der Waren oder dem Abschluss des Dienstleistungsvertrags mitzuteilen, dass er auf den Kauf verzichtet, ohne eine Vertragsstrafe zu zahlen und ohne einen Grund anzugeben. Die R\u00fcckerstattung erfolgt innerhalb einer Frist von 30 Tagen nach Erhalt Ihres R\u00fccktrittsantrags. Die R\u00fcckerstattung erfolgt durch \u00dcberweisung auf Ihr Bankkonto oder durch Gutschrift auf Ihrer Kreditkarte. Der Verbraucher hat kein Widerrufsrecht in den gesetzlich vorgesehenen F\u00e4llen und unter anderem dann, wenn die Waren nach den Spezifikationen des Verbrauchers angefertigt wurden oder wenn die Ausf\u00fchrung des Dienstleistungsvertrags vor Ablauf der Widerrufsfrist begonnen hat.   <\/p>\n<h2>Artikel 7: Zahlung<\/h2>\n<p>Der K\u00e4ufer kann seine Bestellung per Debit- oder Kreditkarte, per Paypal oder iDeal oder per \u00dcberweisung auf unser Bankkonto, wie auf der Website angegeben, bezahlen. Der Preis muss vor der Lieferung in voller H\u00f6he bezahlt werden. Bei Zahlungsverzug werden von Rechts wegen und ohne vorherige Inverzugsetzung Verzugszinsen in H\u00f6he von 6 % pro Jahr f\u00e4llig sowie eine pauschale Entsch\u00e4digung f\u00fcr die Verwaltungskosten des Verk\u00e4ufers in H\u00f6he von 10 % des f\u00e4lligen Betrags, mindestens jedoch 100 Euro.  <\/p>\n<h2>Artikel 8: Geschenkgutscheine<\/h2>\n<p>Die elektronischen und Papier-Geschenkgutscheine des Unternehmens k\u00f6nnen auf der Website www.babylonia.eu verwendet werden. Sie sind ab dem Ausstellungsdatum ein Jahr lang g\u00fcltig und k\u00f6nnen gegen eine Verwaltungsgeb\u00fchr um ein weiteres Jahr verl\u00e4ngert werden. Um die Gutscheine zu verwenden, w\u00e4hlen Sie auf der Seite &#8222;Zahlung&#8220; die Option &#8222;Andere Zahlungsoptionen&#8220; und dann &#8222;Geschenkgutschein&#8220;. Geben Sie Ihren Code in das daf\u00fcr vorgesehene Feld ein. Wenn der Betrag Ihrer Bestellung den Betrag Ihres Gutscheins \u00fcbersteigt, m\u00fcssen Sie die Differenz bezahlen. Liegt der Betrag Ihrer Bestellung unter dem Betrag Ihres Gutscheins, behalten Sie diesen Restbetrag in Form einer Gutschrift. Sie k\u00f6nnen den Fortschritt Ihres Guthabens \u00fcber den Bereich &#8222;Mein Konto&#8220; verfolgen.      <\/p>\n<h2>Artikel 9: Geistiges Eigentum<\/h2>\n<p>Alle Texte, Kommentare, Zeitschriften, Illustrationen und Bilder, die auf der Website www.babylonia.eu angezeigt werden, sind durch das Urheberrecht und die verwandten Schutzrechte sowie durch alle Rechte des geistigen Eigentums weltweit gesch\u00fctzt. Jede teilweise oder vollst\u00e4ndige Reproduktion der Website oder des Katalogs des Unternehmens ist strengstens untersagt. <\/p>\n<h2>Artikel 10: Verantwortung<\/h2>\n<p>Das Unternehmen verpflichtet sich, einige Waren und Dienstleistungen zu liefern, die mit den geltenden Rechtsvorschriften der Europ\u00e4ischen Union und Belgiens \u00fcbereinstimmen. Das Unternehmen kann nicht haftbar gemacht werden, wenn die Gesetzgebung eines Landes au\u00dferhalb der Europ\u00e4ischen Union, in das die Produkte geliefert werden sollen, nicht eingehalten wird. F\u00fcr Waren, die an Verbraucher verkauft werden, gilt die gesetzliche Gew\u00e4hrleistung von zwei Jahren. Jede Nichtkonformit\u00e4t, die den Verkauf an den Verbraucher betrifft, muss innerhalb von zwei Monaten nach ihrer Feststellung gemeldet werden. Jegliche Beanstandung von sichtbaren Sch\u00e4den an gelieferten Waren sowie von Sch\u00e4den, die w\u00e4hrend des Transports und der Lieferung entstanden sind, m\u00fcssen zum Zeitpunkt der Lieferung schriftlich auf den Begleitpapieren formuliert oder innerhalb von 24 Stunden nach der Lieferung per E-Mail gemeldet werden. Dasselbe gilt f\u00fcr nicht konforme oder unvollst\u00e4ndige Lieferungen. F\u00fcr weitere Informationen oder Fragen steht Ihnen unser Kundenservice jederzeit telefonisch unter +32 54 240 330 und per E-Mail unter info@chamo.be zur Verf\u00fcgung.      <\/p>\n<h2>Artikel 11: Verarbeitung von personenbezogenen Daten<\/h2>\n<p>Wenn Sie im Rahmen Ihres Online-Einkaufs unter www.babylonia.eu bestellen, erkl\u00e4ren Sie sich damit einverstanden, dass das Unternehmen Ihre pers\u00f6nlichen Daten in \u00dcbereinstimmung mit dem geltenden Gesetz vom 8. Dezember 1992 \u00fcber den Schutz der Privatsph\u00e4re in Bezug auf die Verarbeitung personenbezogener Daten verwendet. Das Unternehmen verwendet Ihre pers\u00f6nlichen Daten f\u00fcr die Ausf\u00fchrung des Vertrags und um Sie weiter \u00fcber unsere Waren und Dienstleistungen zu informieren, auch durch Direktmarketing. Sie haben das Recht, Ihre Daten jederzeit einzusehen und sie \u00e4ndern zu lassen, falls sie falsch sein sollten.  <\/p>\n<h2>Artikel 12: Autonomie der Bestimmungen<\/h2>\n<p>Die vollst\u00e4ndige oder teilweise Nichtigkeit, Ung\u00fcltigkeit oder Undurchsetzbarkeit einer Bestimmung dieser Allgemeinen Gesch\u00e4ftsbedingungen oder einer Klausel oder eines Teils davon ber\u00fchrt weder die Nichtigkeit, Ung\u00fcltigkeit oder Undurchsetzbarkeit der \u00fcbrigen Bestimmungen, Klauseln und Teile davon noch die G\u00fcltigkeit und Durchsetzbarkeit der Allgemeinen Gesch\u00e4ftsbedingungen als Ganzes.<\/p>\n<h2>Artikel 13: Anwendbares Recht und zust\u00e4ndige Gerichte<\/h2>\n<p>Diese Allgemeinen Vertragsbedingungen unterliegen dem belgischen Recht. Im Falle eines Rechtsstreits sind ausschlie\u00dflich die Gerichte in Br\u00fcssel zust\u00e4ndig, und zwar unbeschadet des Rechts des Verbrauchers, die Gerichte in seinem Gerichtsbezirk anzurufen. <\/p>\n\t\t\t\t\t\t\t\t<\/div>\n\t\t\t\t<\/div>\n\t\t\t\t\t<\/div>\n\t\t\t\t<\/div>\n\t\t\t\t<\/div>\n\t\t","protected":false},"excerpt":{"rendered":"<p>Bedingungen &amp; Konditionen Artikel 1: Online-Verkauf Chamo BV betreibt die Website f\u00fcr den Verkauf seiner Produkte an Kunden in aller Welt. Die vorliegenden Allgemeinen Gesch\u00e4ftsbedingungen regeln den Verkauf der Produkte \u00fcber die Website. Das Unternehmen, das im Folgenden auch als &#8222;wir&#8220; oder &#8222;uns&#8220; bezeichnet wird, hat seinen Sitz in Geraardsbergen und tr\u00e4gt die Firmennummer BE0875.816.760. [&hellip;]<\/p>\n","protected":false},"author":1,"featured_media":0,"parent":0,"menu_order":0,"comment_status":"closed","ping_status":"closed","template":"elementor_header_footer","meta":{"footnotes":""},"class_list":["post-8478","page","type-page","status-publish","hentry"],"jetpack_sharing_enabled":true,"_links":{"self":[{"href":"https:\/\/www.babyloniababycarriers.eu\/de\/wp-json\/wp\/v2\/pages\/8478","targetHints":{"allow":["GET"]}}],"collection":[{"href":"https:\/\/www.babyloniababycarriers.eu\/de\/wp-json\/wp\/v2\/pages"}],"about":[{"href":"https:\/\/www.babyloniababycarriers.eu\/de\/wp-json\/wp\/v2\/types\/page"}],"author":[{"embeddable":true,"href":"https:\/\/www.babyloniababycarriers.eu\/de\/wp-json\/wp\/v2\/users\/1"}],"replies":[{"embeddable":true,"href":"https:\/\/www.babyloniababycarriers.eu\/de\/wp-json\/wp\/v2\/comments?post=8478"}],"version-history":[{"count":2,"href":"https:\/\/www.babyloniababycarriers.eu\/de\/wp-json\/wp\/v2\/pages\/8478\/revisions"}],"predecessor-version":[{"id":9253,"href":"https:\/\/www.babyloniababycarriers.eu\/de\/wp-json\/wp\/v2\/pages\/8478\/revisions\/9253"}],"wp:attachment":[{"href":"https:\/\/www.babyloniababycarriers.eu\/de\/wp-json\/wp\/v2\/media?parent=8478"}],"curies":[{"name":"wp","href":"https:\/\/api.w.org\/{rel}","templated":true}]}}