{"id":8427,"date":"2023-11-14T08:24:26","date_gmt":"2023-11-14T07:24:26","guid":{"rendered":"https:\/\/www.babyloniababycarriers.eu\/kontaktieren-sie-uns\/"},"modified":"2025-01-14T15:09:41","modified_gmt":"2025-01-14T14:09:41","slug":"kontaktieren-sie-uns","status":"publish","type":"page","link":"https:\/\/www.babyloniababycarriers.eu\/de\/kontaktieren-sie-uns\/","title":{"rendered":"Kontaktieren Sie uns"},"content":{"rendered":"\t\t<div data-elementor-type=\"wp-page\" data-elementor-id=\"8427\" class=\"elementor elementor-8427 elementor-59\" data-elementor-post-type=\"page\">\n\t\t\t\t<div class=\"elementor-element elementor-element-2adda145 e-flex e-con-boxed e-con e-parent\" data-id=\"2adda145\" data-element_type=\"container\" data-e-type=\"container\" data-settings=\"{&quot;background_background&quot;:&quot;classic&quot;}\">\n\t\t\t\t\t<div class=\"e-con-inner\">\n\t\t\t\t<div class=\"elementor-element elementor-element-5d307d58 elementor-widget elementor-widget-heading\" data-id=\"5d307d58\" data-element_type=\"widget\" data-e-type=\"widget\" data-widget_type=\"heading.default\">\n\t\t\t\t<div class=\"elementor-widget-container\">\n\t\t\t\t\t<h2 class=\"elementor-heading-title elementor-size-default\">Kontaktieren Sie uns<\/h2>\t\t\t\t<\/div>\n\t\t\t\t<\/div>\n\t\t<div class=\"elementor-element elementor-element-404076b7 e-con-full e-flex e-con e-child\" data-id=\"404076b7\" data-element_type=\"container\" data-e-type=\"container\">\n\t\t\t\t<div class=\"elementor-element elementor-element-227ea6b7 elementor-widget__width-initial elementor-widget elementor-widget-text-editor\" data-id=\"227ea6b7\" data-element_type=\"widget\" data-e-type=\"widget\" data-widget_type=\"text-editor.default\">\n\t\t\t\t<div class=\"elementor-widget-container\">\n\t\t\t\t\t\t\t\t\t<p>Haben Sie eine Frage zu unseren Produkten oder ben\u00f6tigen Sie Hilfe bei Ihrer Bestellung? Sie k\u00f6nnen uns \u00fcber das Formular oder \u00fcber die unten stehenden Kontaktdaten kontaktieren. <\/p>\n\t\t\t\t\t\t\t\t<\/div>\n\t\t\t\t<\/div>\n\t\t\t\t<div class=\"elementor-element elementor-element-20bea2b0 e-transform elementor-widget-tablet__width-initial elementor-widget-mobile__width-initial elementor-widget__width-initial elementor-widget elementor-widget-image-carousel\" data-id=\"20bea2b0\" data-element_type=\"widget\" data-e-type=\"widget\" data-settings=\"{&quot;slides_to_show&quot;:&quot;1&quot;,&quot;navigation&quot;:&quot;none&quot;,&quot;_transform_scale_effect_hover&quot;:{&quot;unit&quot;:&quot;px&quot;,&quot;size&quot;:1.2,&quot;sizes&quot;:[]},&quot;autoplay&quot;:&quot;yes&quot;,&quot;pause_on_hover&quot;:&quot;yes&quot;,&quot;pause_on_interaction&quot;:&quot;yes&quot;,&quot;autoplay_speed&quot;:5000,&quot;infinite&quot;:&quot;yes&quot;,&quot;effect&quot;:&quot;slide&quot;,&quot;speed&quot;:500,&quot;_transform_scale_effect_hover_tablet&quot;:{&quot;unit&quot;:&quot;px&quot;,&quot;size&quot;:&quot;&quot;,&quot;sizes&quot;:[]},&quot;_transform_scale_effect_hover_mobile&quot;:{&quot;unit&quot;:&quot;px&quot;,&quot;size&quot;:&quot;&quot;,&quot;sizes&quot;:[]}}\" data-widget_type=\"image-carousel.default\">\n\t\t\t\t<div class=\"elementor-widget-container\">\n\t\t\t\t\t\t\t<div class=\"elementor-image-carousel-wrapper swiper\" role=\"region\" aria-roledescription=\"carousel\" aria-label=\"Bild Karussell\" dir=\"ltr\">\n\t\t\t<div class=\"elementor-image-carousel swiper-wrapper\" aria-live=\"off\">\n\t\t\t\t\t\t\t\t<div class=\"swiper-slide\" role=\"group\" aria-roledescription=\"slide\" aria-label=\"1 von 1\"><figure class=\"swiper-slide-inner\"><img decoding=\"async\" class=\"swiper-slide-image\" src=\"https:\/\/www.babyloniababycarriers.eu\/wp-content\/uploads\/2023\/11\/babylonia_tricot-easy_warm_sand_draagzak_bddeasy_1_702_1.jpg\" alt=\"babylonia_tricot-easy_warm_sand_draagzak_bddeasy_1_702_1\" \/><\/figure><\/div>\t\t\t<\/div>\n\t\t\t\t\t<\/div>\n\t\t\t\t\t\t<\/div>\n\t\t\t\t<\/div>\n\t\t\t\t<\/div>\n\t\t\t\t\t<\/div>\n\t\t\t\t<\/div>\n\t\t<div class=\"elementor-element elementor-element-7eb93adc e-con-full e-flex e-con e-parent\" data-id=\"7eb93adc\" data-element_type=\"container\" data-e-type=\"container\">\n\t\t<div class=\"elementor-element elementor-element-6978c21a e-con-full e-flex e-con e-child\" data-id=\"6978c21a\" data-element_type=\"container\" data-e-type=\"container\">\n\t\t\t\t<div class=\"elementor-element elementor-element-7d1f17f4 elementor-widget__width-initial elementor-widget elementor-widget-image\" data-id=\"7d1f17f4\" data-element_type=\"widget\" data-e-type=\"widget\" data-widget_type=\"image.default\">\n\t\t\t\t<div class=\"elementor-widget-container\">\n\t\t\t\t\t\t\t\t\t\t\t\t\t\t\t<img fetchpriority=\"high\" decoding=\"async\" width=\"395\" height=\"600\" src=\"https:\/\/www.babyloniababycarriers.eu\/wp-content\/uploads\/2023\/11\/babylonia_bola_goud_mum_baby_zwangerschapsketting_en_armband_set_bola-set_1_set3_2-e1700573451396.jpg\" class=\"attachment-large size-large wp-image-2964\" alt=\"\" srcset=\"https:\/\/www.babyloniababycarriers.eu\/wp-content\/uploads\/2023\/11\/babylonia_bola_goud_mum_baby_zwangerschapsketting_en_armband_set_bola-set_1_set3_2-e1700573451396.jpg 395w, https:\/\/www.babyloniababycarriers.eu\/wp-content\/uploads\/2023\/11\/babylonia_bola_goud_mum_baby_zwangerschapsketting_en_armband_set_bola-set_1_set3_2-e1700573451396-198x300.jpg 198w\" sizes=\"(max-width: 395px) 100vw, 395px\" \/>\t\t\t\t\t\t\t\t\t\t\t\t\t\t\t<\/div>\n\t\t\t\t<\/div>\n\t\t\t\t<div class=\"elementor-element elementor-element-3f1ad3e8 elementor-widget__width-initial elementor-widget elementor-widget-image\" data-id=\"3f1ad3e8\" data-element_type=\"widget\" data-e-type=\"widget\" data-widget_type=\"image.default\">\n\t\t\t\t<div class=\"elementor-widget-container\">\n\t\t\t\t\t\t\t\t\t\t\t\t\t\t\t<img decoding=\"async\" width=\"1024\" height=\"682\" src=\"https:\/\/www.babyloniababycarriers.eu\/wp-content\/uploads\/2023\/11\/Babylonia-2021-32-web-1024x682.jpg\" class=\"attachment-large size-large wp-image-3045\" alt=\"\" srcset=\"https:\/\/www.babyloniababycarriers.eu\/wp-content\/uploads\/2023\/11\/Babylonia-2021-32-web-1024x682.jpg 1024w, https:\/\/www.babyloniababycarriers.eu\/wp-content\/uploads\/2023\/11\/Babylonia-2021-32-web-1000x667.jpg 1000w, https:\/\/www.babyloniababycarriers.eu\/wp-content\/uploads\/2023\/11\/Babylonia-2021-32-web-300x200.jpg 300w, https:\/\/www.babyloniababycarriers.eu\/wp-content\/uploads\/2023\/11\/Babylonia-2021-32-web-768x512.jpg 768w, https:\/\/www.babyloniababycarriers.eu\/wp-content\/uploads\/2023\/11\/Babylonia-2021-32-web-1536x1024.jpg 1536w, https:\/\/www.babyloniababycarriers.eu\/wp-content\/uploads\/2023\/11\/Babylonia-2021-32-web.jpg 2000w\" sizes=\"(max-width: 1024px) 100vw, 1024px\" \/>\t\t\t\t\t\t\t\t\t\t\t\t\t\t\t<\/div>\n\t\t\t\t<\/div>\n\t\t\t\t<\/div>\n\t\t<div class=\"elementor-element elementor-element-7a6056e1 e-con-full e-flex e-con e-child\" data-id=\"7a6056e1\" data-element_type=\"container\" data-e-type=\"container\">\n\t\t\t\t<div class=\"elementor-element elementor-element-7b952f57 elementor-widget elementor-widget-heading\" data-id=\"7b952f57\" data-element_type=\"widget\" data-e-type=\"widget\" data-widget_type=\"heading.default\">\n\t\t\t\t<div class=\"elementor-widget-container\">\n\t\t\t\t\t<h2 class=\"elementor-heading-title elementor-size-default\">Das Babylonia-Team ist f\u00fcr Sie da!<\/h2>\t\t\t\t<\/div>\n\t\t\t\t<\/div>\n\t\t\t\t<div class=\"elementor-element elementor-element-352e11d elementor-button-align-end elementor-widget elementor-widget-form\" data-id=\"352e11d\" data-element_type=\"widget\" data-e-type=\"widget\" data-settings=\"{&quot;step_next_label&quot;:&quot;N\\u00e4chste&quot;,&quot;step_previous_label&quot;:&quot;Vorherige&quot;,&quot;button_width&quot;:&quot;100&quot;,&quot;step_type&quot;:&quot;number_text&quot;,&quot;step_icon_shape&quot;:&quot;circle&quot;}\" data-widget_type=\"form.default\">\n\t\t\t\t<div class=\"elementor-widget-container\">\n\t\t\t\t\t\t\t<form class=\"elementor-form\" method=\"post\" id=\"contacformulier\" name=\"Neue Form\" aria-label=\"Neue Form\">\n\t\t\t<input type=\"hidden\" name=\"post_id\" value=\"8427\"\/>\n\t\t\t<input type=\"hidden\" name=\"form_id\" value=\"352e11d\"\/>\n\t\t\t<input type=\"hidden\" name=\"referer_title\" value=\"Kontaktieren Sie uns - Babylonia Baby Webshop\" \/>\n\n\t\t\t\t\t\t\t<input type=\"hidden\" name=\"queried_id\" value=\"8427\"\/>\n\t\t\t\n\t\t\t<div class=\"elementor-form-fields-wrapper elementor-labels-\">\n\t\t\t\t\t\t\t\t<div class=\"elementor-field-type-text elementor-field-group elementor-column elementor-field-group-naam elementor-col-100 elementor-field-required\">\n\t\t\t\t\t\t\t\t\t\t\t\t<label for=\"form-field-naam\" class=\"elementor-field-label elementor-screen-only\">\n\t\t\t\t\t\t\t\tName\t\t\t\t\t\t\t<\/label>\n\t\t\t\t\t\t\t\t\t\t\t\t\t\t<input size=\"1\" type=\"text\" name=\"form_fields[naam]\" id=\"form-field-naam\" class=\"elementor-field elementor-size-sm  elementor-field-textual\" placeholder=\"Ihr vollst\u00e4ndiger Name\" required=\"required\">\n\t\t\t\t\t\t\t\t\t\t\t<\/div>\n\t\t\t\t\t\t\t\t<div class=\"elementor-field-type-email elementor-field-group elementor-column elementor-field-group-email elementor-col-100 elementor-field-required\">\n\t\t\t\t\t\t\t\t\t\t\t\t<label for=\"form-field-email\" class=\"elementor-field-label elementor-screen-only\">\n\t\t\t\t\t\t\t\tE-Mail\t\t\t\t\t\t\t<\/label>\n\t\t\t\t\t\t\t\t\t\t\t\t\t\t<input size=\"1\" type=\"email\" name=\"form_fields[email]\" id=\"form-field-email\" class=\"elementor-field elementor-size-sm  elementor-field-textual\" placeholder=\"Ihre E-Mail Adresse\" required=\"required\">\n\t\t\t\t\t\t\t\t\t\t\t<\/div>\n\t\t\t\t\t\t\t\t<div class=\"elementor-field-type-textarea elementor-field-group elementor-column elementor-field-group-bericht elementor-col-100 elementor-field-required\">\n\t\t\t\t\t\t\t\t\t\t\t\t<label for=\"form-field-bericht\" class=\"elementor-field-label elementor-screen-only\">\n\t\t\t\t\t\t\t\tNachricht\t\t\t\t\t\t\t<\/label>\n\t\t\t\t\t\t<textarea class=\"elementor-field-textual elementor-field  elementor-size-sm\" name=\"form_fields[bericht]\" id=\"form-field-bericht\" rows=\"5\" placeholder=\"Ihre Frage oder Ihr Kommentar\" required=\"required\"><\/textarea>\t\t\t\t<\/div>\n\t\t\t\t\t\t\t\t<div class=\"elementor-field-type-recaptcha_v3 elementor-field-group elementor-column elementor-field-group-field_0adf0b9 elementor-col-100 recaptcha_v3-bottomright\">\n\t\t\t\t\t<div class=\"elementor-field\" id=\"form-field-field_0adf0b9\"><div class=\"elementor-g-recaptcha\" data-sitekey=\"6LcZkP8pAAAAAJWxsN0nznzIVYRgCzIrYkxrILzR\" data-type=\"v3\" data-action=\"Form\" data-badge=\"bottomright\" data-size=\"invisible\"><\/div><\/div>\t\t\t\t<\/div>\n\t\t\t\t\t\t\t\t<div class=\"elementor-field-type-text\">\n\t\t\t\t\t<input size=\"1\" type=\"text\" name=\"form_fields[field_f19bc73]\" id=\"form-field-field_f19bc73\" class=\"elementor-field elementor-size-sm \" style=\"display:none !important;\">\t\t\t\t<\/div>\n\t\t\t\t\t\t\t\t<div class=\"elementor-field-group elementor-column elementor-field-type-submit elementor-col-100 e-form__buttons\">\n\t\t\t\t\t<button class=\"elementor-button elementor-size-sm elementor-animation-shrink\" type=\"submit\">\n\t\t\t\t\t\t<span class=\"elementor-button-content-wrapper\">\n\t\t\t\t\t\t\t\t\t\t\t\t\t\t\t\t\t\t\t\t\t\t<span class=\"elementor-button-text\">Versand<\/span>\n\t\t\t\t\t\t\t\t\t\t\t\t\t<\/span>\n\t\t\t\t\t<\/button>\n\t\t\t\t<\/div>\n\t\t\t<\/div>\n\t\t<\/form>\n\t\t\t\t\t\t<\/div>\n\t\t\t\t<\/div>\n\t\t\t\t<\/div>\n\t\t\t\t<\/div>\n\t\t<div class=\"elementor-element elementor-element-47b25423 e-con-full e-flex e-con e-parent\" data-id=\"47b25423\" data-element_type=\"container\" data-e-type=\"container\">\n\t\t\t\t<div class=\"elementor-element elementor-element-59c25ea3 elementor-widget elementor-widget-heading\" data-id=\"59c25ea3\" data-element_type=\"widget\" data-e-type=\"widget\" data-widget_type=\"heading.default\">\n\t\t\t\t<div class=\"elementor-widget-container\">\n\t\t\t\t\t<h2 class=\"elementor-heading-title elementor-size-default\">Wir sind mehr als nur gl\u00e4nzende Juwelen<\/h2>\t\t\t\t<\/div>\n\t\t\t\t<\/div>\n\t\t<div class=\"elementor-element elementor-element-7d1d4252 e-con-full e-flex e-con e-child\" data-id=\"7d1d4252\" data-element_type=\"container\" data-e-type=\"container\">\n\t\t<div class=\"elementor-element elementor-element-14d1190 e-con-full e-flex e-con e-child\" data-id=\"14d1190\" data-element_type=\"container\" data-e-type=\"container\">\n\t\t\t\t<div class=\"elementor-element elementor-element-62a79686 elementor-widget elementor-widget-icon-box\" data-id=\"62a79686\" data-element_type=\"widget\" data-e-type=\"widget\" data-widget_type=\"icon-box.default\">\n\t\t\t\t<div class=\"elementor-widget-container\">\n\t\t\t\t\t\t\t<div class=\"elementor-icon-box-wrapper\">\n\n\t\t\t\n\t\t\t\t\t\t<div class=\"elementor-icon-box-content\">\n\n\t\t\t\t\t\t\t\t\t<h3 class=\"elementor-icon-box-title\">\n\t\t\t\t\t\t<span  >\n\t\t\t\t\t\t\tKostenloser Versand\t\t\t\t\t\t<\/span>\n\t\t\t\t\t<\/h3>\n\t\t\t\t\n\t\t\t\t\t\t\t\t\t<p class=\"elementor-icon-box-description\">\n\t\t\t\t\t\tKostenlose Lieferung in 2 Tagen f\u00fcr alle Bestellungen in den USA und bis zu 5 Tage weltweit\t\t\t\t\t<\/p>\n\t\t\t\t\n\t\t\t<\/div>\n\t\t\t\n\t\t<\/div>\n\t\t\t\t\t\t<\/div>\n\t\t\t\t<\/div>\n\t\t\t\t<\/div>\n\t\t<div class=\"elementor-element elementor-element-52e5c2c6 e-con-full e-flex e-con e-child\" data-id=\"52e5c2c6\" data-element_type=\"container\" data-e-type=\"container\">\n\t\t\t\t<div class=\"elementor-element elementor-element-3b60009d elementor-widget elementor-widget-icon-box\" data-id=\"3b60009d\" data-element_type=\"widget\" data-e-type=\"widget\" data-widget_type=\"icon-box.default\">\n\t\t\t\t<div class=\"elementor-widget-container\">\n\t\t\t\t\t\t\t<div class=\"elementor-icon-box-wrapper\">\n\n\t\t\t\n\t\t\t\t\t\t<div class=\"elementor-icon-box-content\">\n\n\t\t\t\t\t\t\t\t\t<h3 class=\"elementor-icon-box-title\">\n\t\t\t\t\t\t<span  >\n\t\t\t\t\t\t\tSch\u00f6ne Verpackung\t\t\t\t\t\t<\/span>\n\t\t\t\t\t<\/h3>\n\t\t\t\t\n\t\t\t\t\t\t\t\t\t<p class=\"elementor-icon-box-description\">\n\t\t\t\t\t\tAlle Bestellungen werden in einer hochwertigen Verpackung geliefert, die das Auspacken zu einem besonderen Erlebnis macht.\t\t\t\t\t<\/p>\n\t\t\t\t\n\t\t\t<\/div>\n\t\t\t\n\t\t<\/div>\n\t\t\t\t\t\t<\/div>\n\t\t\t\t<\/div>\n\t\t\t\t<\/div>\n\t\t<div class=\"elementor-element elementor-element-4b7ec95b e-con-full e-flex e-con e-child\" data-id=\"4b7ec95b\" data-element_type=\"container\" data-e-type=\"container\">\n\t\t\t\t<div class=\"elementor-element elementor-element-1c16ad6e elementor-widget elementor-widget-icon-box\" data-id=\"1c16ad6e\" data-element_type=\"widget\" data-e-type=\"widget\" data-widget_type=\"icon-box.default\">\n\t\t\t\t<div class=\"elementor-widget-container\">\n\t\t\t\t\t\t\t<div class=\"elementor-icon-box-wrapper\">\n\n\t\t\t\n\t\t\t\t\t\t<div class=\"elementor-icon-box-content\">\n\n\t\t\t\t\t\t\t\t\t<h3 class=\"elementor-icon-box-title\">\n\t\t\t\t\t\t<span  >\n\t\t\t\t\t\t\t1-on-1-Unterst\u00fctzung\t\t\t\t\t\t<\/span>\n\t\t\t\t\t<\/h3>\n\t\t\t\t\n\t\t\t\t\t\t\t\t\t<p class=\"elementor-icon-box-description\">\n\t\t\t\t\t\tPers\u00f6nliche Unterst\u00fctzung, von der Auswahl des perfekten Artikels bis zur Abwicklung einer R\u00fcckgabe\t\t\t\t\t<\/p>\n\t\t\t\t\n\t\t\t<\/div>\n\t\t\t\n\t\t<\/div>\n\t\t\t\t\t\t<\/div>\n\t\t\t\t<\/div>\n\t\t\t\t<\/div>\n\t\t<div class=\"elementor-element elementor-element-33eb0164 e-con-full e-flex e-con e-child\" data-id=\"33eb0164\" data-element_type=\"container\" data-e-type=\"container\">\n\t\t\t\t<div class=\"elementor-element elementor-element-6bde627e elementor-widget elementor-widget-icon-box\" data-id=\"6bde627e\" data-element_type=\"widget\" data-e-type=\"widget\" data-widget_type=\"icon-box.default\">\n\t\t\t\t<div class=\"elementor-widget-container\">\n\t\t\t\t\t\t\t<div class=\"elementor-icon-box-wrapper\">\n\n\t\t\t\n\t\t\t\t\t\t<div class=\"elementor-icon-box-content\">\n\n\t\t\t\t\t\t\t\t\t<h3 class=\"elementor-icon-box-title\">\n\t\t\t\t\t\t<span  >\n\t\t\t\t\t\t\tEinfache Retouren\t\t\t\t\t\t<\/span>\n\t\t\t\t\t<\/h3>\n\t\t\t\t\n\t\t\t\t\t\t\t\t\t<p class=\"elementor-icon-box-description\">\n\t\t\t\t\t\tWir bieten Ihnen eine kostenlose R\u00fcckgabe bis zu 30 Tage nach Ihrem Kauf. Keine Fragen gestellt \t\t\t\t\t<\/p>\n\t\t\t\t\n\t\t\t<\/div>\n\t\t\t\n\t\t<\/div>\n\t\t\t\t\t\t<\/div>\n\t\t\t\t<\/div>\n\t\t\t\t<\/div>\n\t\t\t\t<\/div>\n\t\t\t\t<\/div>\n\t\t\t\t<\/div>\n\t\t","protected":false},"excerpt":{"rendered":"<p>Kontaktieren Sie uns Haben Sie eine Frage zu unseren Produkten oder ben\u00f6tigen Sie Hilfe bei Ihrer Bestellung? Sie k\u00f6nnen uns \u00fcber das Formular oder \u00fcber die unten stehenden Kontaktdaten kontaktieren. Das Babylonia-Team ist f\u00fcr Sie da! Wir sind mehr als nur gl\u00e4nzende Juwelen Kostenloser Versand Kostenlose Lieferung in 2 Tagen f\u00fcr alle Bestellungen in den [&hellip;]<\/p>\n","protected":false},"author":1,"featured_media":0,"parent":0,"menu_order":0,"comment_status":"closed","ping_status":"closed","template":"elementor_header_footer","meta":{"footnotes":""},"class_list":["post-8427","page","type-page","status-publish","hentry"],"jetpack_sharing_enabled":true,"_links":{"self":[{"href":"https:\/\/www.babyloniababycarriers.eu\/de\/wp-json\/wp\/v2\/pages\/8427","targetHints":{"allow":["GET"]}}],"collection":[{"href":"https:\/\/www.babyloniababycarriers.eu\/de\/wp-json\/wp\/v2\/pages"}],"about":[{"href":"https:\/\/www.babyloniababycarriers.eu\/de\/wp-json\/wp\/v2\/types\/page"}],"author":[{"embeddable":true,"href":"https:\/\/www.babyloniababycarriers.eu\/de\/wp-json\/wp\/v2\/users\/1"}],"replies":[{"embeddable":true,"href":"https:\/\/www.babyloniababycarriers.eu\/de\/wp-json\/wp\/v2\/comments?post=8427"}],"version-history":[{"count":2,"href":"https:\/\/www.babyloniababycarriers.eu\/de\/wp-json\/wp\/v2\/pages\/8427\/revisions"}],"predecessor-version":[{"id":9318,"href":"https:\/\/www.babyloniababycarriers.eu\/de\/wp-json\/wp\/v2\/pages\/8427\/revisions\/9318"}],"wp:attachment":[{"href":"https:\/\/www.babyloniababycarriers.eu\/de\/wp-json\/wp\/v2\/media?parent=8427"}],"curies":[{"name":"wp","href":"https:\/\/api.w.org\/{rel}","templated":true}]}}