{"id":8307,"date":"2023-11-14T08:01:03","date_gmt":"2023-11-14T07:01:03","guid":{"rendered":"https:\/\/www.babyloniababycarriers.eu\/datenschutzbestimmungen\/"},"modified":"2025-01-14T15:09:42","modified_gmt":"2025-01-14T14:09:42","slug":"datenschutzbestimmungen","status":"publish","type":"page","link":"https:\/\/www.babyloniababycarriers.eu\/de\/datenschutzbestimmungen\/","title":{"rendered":"Datenschutzbestimmungen"},"content":{"rendered":"\t\t<div data-elementor-type=\"wp-page\" data-elementor-id=\"8307\" class=\"elementor elementor-8307 elementor-3\" data-elementor-post-type=\"page\">\n\t\t\t\t<div class=\"elementor-element elementor-element-690c4e3a e-flex e-con-boxed e-con e-parent\" data-id=\"690c4e3a\" data-element_type=\"container\" data-e-type=\"container\">\n\t\t\t\t\t<div class=\"e-con-inner\">\n\t\t\t\t<div class=\"elementor-element elementor-element-a5543ab elementor-widget elementor-widget-heading\" data-id=\"a5543ab\" data-element_type=\"widget\" data-e-type=\"widget\" data-widget_type=\"heading.default\">\n\t\t\t\t<div class=\"elementor-widget-container\">\n\t\t\t\t\t<h1 class=\"elementor-heading-title elementor-size-default\">Datenschutzbestimmungen<\/h1>\t\t\t\t<\/div>\n\t\t\t\t<\/div>\n\t\t\t\t<div class=\"elementor-element elementor-element-49af1110 elementor-widget elementor-widget-text-editor\" data-id=\"49af1110\" data-element_type=\"widget\" data-e-type=\"widget\" data-widget_type=\"text-editor.default\">\n\t\t\t\t<div class=\"elementor-widget-container\">\n\t\t\t\t\t\t\t\t\t<h2><strong>Wer wir sind<\/strong><\/h2>\n<p>Unsere Website <a href=\"https:\/\/www.babyloniababycarriers.eu\/de\/\">https:\/\/www.babyloniababycarriers.eu<\/a> (im Folgenden: &#8222;die Website&#8220;) verwendet Cookies und andere damit verbundene Technologien (der Einfachheit halber werden alle Technologien als &#8222;Cookies&#8220; bezeichnet). Cookies werden auch von Dritten gesetzt, die wir beauftragt haben. In dem folgenden Dokument informieren wir Sie \u00fcber die Verwendung von Cookies auf unserer Website.  <\/p>\n<h2><strong>Was sind Cookies?<\/strong><\/h2>\n<p>Ein Cookie ist eine kleine einfache Datei, die zusammen mit den Seiten dieser Website gesendet und von Ihrem Browser auf der Festplatte Ihres Computers oder eines anderen Ger\u00e4ts gespeichert wird. Die darin gespeicherten Informationen k\u00f6nnen bei einem sp\u00e4teren Besuch an unsere Server oder an die Server der betreffenden Dritten zur\u00fcckgesandt werden. <\/p>\n<h2><strong>Was sind Skripte?<\/strong><\/h2>\n<p>Ein Skript ist ein St\u00fcck Programmcode, das verwendet wird, damit unsere Website ordnungsgem\u00e4\u00df und interaktiv funktioniert. Dieser Code wird auf unserem Server oder auf Ihrem Ger\u00e4t ausgef\u00fchrt. <\/p>\n<h2><strong>Was ist ein Web-Beacon?<\/strong><\/h2>\n<p>Ein Web-Beacon (oder ein Pixel-Tag) ist ein kleines, unsichtbares St\u00fcck Text oder Bild auf einer Website, das dazu dient, den Verkehr auf einer Website zu \u00fcberwachen. Zu diesem Zweck werden verschiedene Daten \u00fcber Sie mithilfe von Web Beacons gespeichert. <\/p>\n<h2><strong>Cookies<\/strong><\/h2>\n<h6><strong>Technische oder funktionale Cookies<\/strong><\/h6>\n<p>Einige Cookies sorgen daf\u00fcr, dass bestimmte Teile der Website ordnungsgem\u00e4\u00df funktionieren und dass Ihre Benutzereinstellungen bekannt bleiben. Indem wir funktionale Cookies setzen, erleichtern wir Ihnen den Besuch unserer Website. So m\u00fcssen Sie beim Besuch unserer Website nicht immer wieder die gleichen Informationen eingeben und die Artikel bleiben beispielsweise in Ihrem Warenkorb, bis Sie bezahlt haben. Wir k\u00f6nnen diese Cookies ohne Ihre Zustimmung platzieren.   <\/p>\n<h6><strong>Statistik-Cookies<\/strong><\/h6>\n<p>Wir verwenden Statistik-Cookies, um das Website-Erlebnis f\u00fcr unsere Benutzer zu optimieren. Mit diesen Statistik-Cookies erhalten wir Einblicke in die Nutzung unserer Website. Wir bitten Sie um Ihre Erlaubnis, Statistik-Cookies zu setzen.  <\/p>\n<h6><strong>Werbe-Cookies<\/strong><\/h6>\n<p>Auf dieser Website verwenden wir Werbe-Cookies, die es uns erm\u00f6glichen, die Werbung f\u00fcr Sie zu personalisieren, und wir (und Dritte) erhalten Einblicke in die Ergebnisse der Kampagnen. Dies geschieht auf der Grundlage eines Profils, das wir auf der Basis Ihrer Klicks und Ihres Surfverhaltens auf und au\u00dferhalb von https:\/\/www.babyloniababycarriers.eu erstellen. Mit diesen Cookies werden Sie als Website-Besucher mit einer eindeutigen ID verkn\u00fcpft, so dass Sie z.B. die gleiche Werbung nicht mehrmals sehen. <\/p>\n<h6><strong>Marketing\/Tracking Cookies<\/strong><\/h6>\n<p>Marketing-\/Tracking-Cookies sind Cookies oder jede andere Form der lokalen Speicherung, die zur Erstellung von Benutzerprofilen f\u00fcr die Anzeige von Werbung oder zur Verfolgung des Benutzers auf dieser Website oder auf mehreren Websites f\u00fcr \u00e4hnliche Marketingzwecke verwendet werden.<\/p>\n<p>Da diese Cookies als Tracking-Cookies gekennzeichnet sind, bitten wir Sie um Ihre Erlaubnis, diese zu platzieren.<\/p>\n<h2><strong>Soziale Medien<\/strong><\/h2>\n<p>Auf unserer Website haben wir Inhalte von Facebook, Twitter, LinkedIn, WhatsApp, Instagram, TikTok und Pinterest eingebunden, um Webseiten zu bewerben (z.B. &#8222;Gef\u00e4llt mir&#8220;, &#8222;Pin&#8220;) oder zu teilen (z.B. &#8222;Tweet&#8220;) in sozialen Netzwerken wie Facebook, Twitter, LinkedIn, WhatsApp, Instagram, TikTok und Pinterest. Diese Inhalte sind mit Code eingebettet, der von Facebook, Twitter, LinkedIn, WhatsApp, Instagram, TikTok und Pinterest stammt und Cookies platziert. Diese Inhalte k\u00f6nnen bestimmte Informationen f\u00fcr personalisierte Werbung speichern und verarbeiten.  <\/p>\n<p>Bitte lesen Sie die Datenschutzerkl\u00e4rung dieser sozialen Netzwerke (die sich regelm\u00e4\u00dfig \u00e4ndern kann), um zu erfahren, was sie mit Ihren (pers\u00f6nlichen) Daten machen, die sie mithilfe dieser Cookies verarbeiten. Die abgerufenen Daten werden so weit wie m\u00f6glich anonymisiert. Facebook, Twitter, LinkedIn, WhatsApp, Instagram, TikTok und Pinterest haben ihren Sitz in den Vereinigten Staaten.  <\/p>\n<h2><strong>Einverst\u00e4ndnis<\/strong><\/h2>\n<p>Wenn Sie unsere Website zum ersten Mal besuchen, zeigen wir Ihnen ein Popup-Fenster mit einer Erkl\u00e4rung zu Cookies. Sobald Sie auf &#8222;Einstellungen speichern&#8220; klicken, erkl\u00e4ren Sie sich damit einverstanden, dass wir die Kategorien von Cookies und Plug-ins verwenden, die Sie in dem Pop-up-Fenster ausgew\u00e4hlt haben, wie in dieser Cookie-Richtlinie beschrieben. Sie k\u00f6nnen die Verwendung von Cookies \u00fcber Ihren Browser deaktivieren, aber beachten Sie bitte, dass unsere Website dann m\u00f6glicherweise nicht mehr richtig funktioniert.  <\/p>\n<h2><strong>Aktivieren\/Deaktivieren und L\u00f6schen von Cookies<\/strong><\/h2>\n<p>Sie k\u00f6nnen Ihren Internetbrowser verwenden, um Cookies automatisch oder manuell zu l\u00f6schen. Sie k\u00f6nnen auch festlegen, dass bestimmte Cookies nicht gesetzt werden d\u00fcrfen. Eine weitere M\u00f6glichkeit besteht darin, die Einstellungen Ihres Internetbrowsers so zu \u00e4ndern, dass Sie jedes Mal, wenn ein Cookie platziert wird, eine Meldung erhalten. Weitere Informationen zu diesen Optionen finden Sie in den Anweisungen im Hilfebereich Ihres Browsers.   <\/p>\n<p>Bitte beachten Sie, dass unsere Website m\u00f6glicherweise nicht richtig funktioniert, wenn alle Cookies deaktiviert sind. Wenn Sie die Cookies in Ihrem Browser l\u00f6schen, werden sie nach Ihrer Zustimmung erneut gesetzt, wenn Sie unsere Website erneut besuchen. <\/p>\n<h2><strong>Ihre Rechte in Bezug auf pers\u00f6nliche Daten<\/strong><\/h2>\n<p>Sie haben die folgenden Rechte in Bezug auf Ihre pers\u00f6nlichen Daten:<\/p>\n<ul>\n<li>Sie haben das Recht zu erfahren, wozu Ihre pers\u00f6nlichen Daten ben\u00f6tigt werden, was mit ihnen geschieht und wie lange sie gespeichert werden.<\/li>\n<li>Zugriffsrecht: Sie haben das Recht, auf Ihre uns bekannten pers\u00f6nlichen Daten zuzugreifen.<\/li>\n<li>Recht auf Berichtigung: Sie haben das Recht, Ihre personenbezogenen Daten zu erg\u00e4nzen, zu berichtigen, l\u00f6schen oder sperren zu lassen, wann immer Sie dies w\u00fcnschen.<\/li>\n<li>Wenn Sie uns Ihre Einwilligung zur Verarbeitung Ihrer Daten gegeben haben, haben Sie das Recht, diese Einwilligung zu widerrufen und Ihre pers\u00f6nlichen Daten l\u00f6schen zu lassen.<\/li>\n<li>Recht auf \u00dcbermittlung Ihrer Daten: Sie haben das Recht, alle Ihre personenbezogenen Daten von dem f\u00fcr die Verarbeitung Verantwortlichen anzufordern und sie in ihrer Gesamtheit an einen anderen f\u00fcr die Verarbeitung Verantwortlichen zu \u00fcbermitteln.<\/li>\n<li>Recht auf Widerspruch: Sie k\u00f6nnen der Verarbeitung Ihrer Daten widersprechen. Dem kommen wir nach, es sei denn, es liegen berechtigte Gr\u00fcnde f\u00fcr die Verarbeitung vor. <\/li>\n<\/ul>\n<p>Um diese Rechte auszu\u00fcben, kontaktieren Sie uns bitte. Bitte beachten Sie die Kontaktinformationen am Ende dieser Cookie-Richtlinie. Wenn Sie eine Beschwerde dar\u00fcber haben, wie wir mit Ihren Daten umgehen, w\u00fcrden wir gerne von Ihnen h\u00f6ren. Sie haben aber auch das Recht, eine Beschwerde bei der Aufsichtsbeh\u00f6rde (der Datenschutzbeh\u00f6rde) einzureichen.  <\/p>\n<h2><strong>Kontaktangaben<\/strong><\/h2>\n<p>Wenn Sie Fragen und\/oder Kommentare zu unserer Cookie-Richtlinie und dieser Erkl\u00e4rung haben, kontaktieren Sie uns bitte \u00fcber die folgenden Kontaktangaben:<\/p>\n<p><br><br><br><br><br>B<strong>abylonia Baby Carriers<\/strong> Brambroek 23B 9500 Geraardsbergen Belgien Website: https:\/\/www.babyloniababycarriers.eu\/ Email: bureau@chamo.be<\/p>\t\t\t\t\t\t\t\t<\/div>\n\t\t\t\t<\/div>\n\t\t\t\t\t<\/div>\n\t\t\t\t<\/div>\n\t\t\t\t<\/div>\n\t\t","protected":false},"excerpt":{"rendered":"<p>Datenschutzbestimmungen Wer wir sind Unsere Website https:\/\/www.babyloniababycarriers.eu (im Folgenden: &#8222;die Website&#8220;) verwendet Cookies und andere damit verbundene Technologien (der Einfachheit halber werden alle Technologien als &#8222;Cookies&#8220; bezeichnet). Cookies werden auch von Dritten gesetzt, die wir beauftragt haben. In dem folgenden Dokument informieren wir Sie \u00fcber die Verwendung von Cookies auf unserer Website. Was sind Cookies? [&hellip;]<\/p>\n","protected":false},"author":1,"featured_media":0,"parent":0,"menu_order":0,"comment_status":"closed","ping_status":"closed","template":"","meta":{"footnotes":""},"class_list":["post-8307","page","type-page","status-publish","hentry"],"jetpack_sharing_enabled":true,"_links":{"self":[{"href":"https:\/\/www.babyloniababycarriers.eu\/de\/wp-json\/wp\/v2\/pages\/8307","targetHints":{"allow":["GET"]}}],"collection":[{"href":"https:\/\/www.babyloniababycarriers.eu\/de\/wp-json\/wp\/v2\/pages"}],"about":[{"href":"https:\/\/www.babyloniababycarriers.eu\/de\/wp-json\/wp\/v2\/types\/page"}],"author":[{"embeddable":true,"href":"https:\/\/www.babyloniababycarriers.eu\/de\/wp-json\/wp\/v2\/users\/1"}],"replies":[{"embeddable":true,"href":"https:\/\/www.babyloniababycarriers.eu\/de\/wp-json\/wp\/v2\/comments?post=8307"}],"version-history":[{"count":1,"href":"https:\/\/www.babyloniababycarriers.eu\/de\/wp-json\/wp\/v2\/pages\/8307\/revisions"}],"predecessor-version":[{"id":8309,"href":"https:\/\/www.babyloniababycarriers.eu\/de\/wp-json\/wp\/v2\/pages\/8307\/revisions\/8309"}],"wp:attachment":[{"href":"https:\/\/www.babyloniababycarriers.eu\/de\/wp-json\/wp\/v2\/media?parent=8307"}],"curies":[{"name":"wp","href":"https:\/\/api.w.org\/{rel}","templated":true}]}}