{"id":8635,"date":"2024-02-12T20:15:01","date_gmt":"2024-02-12T20:15:01","guid":{"rendered":"https:\/\/www.babyloniababycarriers.eu\/product\/bola-hvezda-mesic-jedna-velikost\/"},"modified":"2024-02-12T20:15:01","modified_gmt":"2024-02-12T19:15:01","slug":"bola-hvezda-mesic-jedna-velikost","status":"publish","type":"product","link":"https:\/\/www.babyloniababycarriers.eu\/cs\/product\/bola-hvezda-mesic-jedna-velikost\/","title":{"rendered":"Bola &#8211; Hv\u011bzda\/m\u011bs\u00edc &#8211; Jedna velikost"},"content":{"rendered":"<p>Od 20. t\u00fddne t\u011bhotenstv\u00ed bude va\u0161e miminko rozezn\u00e1vat v\u00e1\u0161 hlas, tlukot va\u0161eho srdce a mnoho dal\u0161\u00edch zvuk\u016f, v\u010detn\u011b uklid\u0148uj\u00edc\u00edch, jako je nap\u0159\u00edklad t\u011bhotensk\u00e1 bola Babylonia. T\u011bhotensk\u00e1 bola je ru\u010dn\u011b vyr\u00e1b\u011bn\u00fd mexick\u00fd \u0161perk obsahuj\u00edc\u00ed mal\u00fd xylofon. Bola se nos\u00ed na b\u0159i\u0161e na dlouh\u00e9m \u0159et\u00edzku. P\u0159i ka\u017ed\u00e9m pohybu bude Bola vyd\u00e1vat uklid\u0148uj\u00edc\u00ed zvuk, jemn\u00e9 cink\u00e1n\u00ed, kter\u00e9 va\u0161e miminko pozn\u00e1, a to jak p\u0159ed porodem, tak po n\u011bm. Po porodu za\u0161ijete Bolu do ply\u0161ov\u00e9 hra\u010dky sv\u00e9ho miminka, aby mu p\u0159ipom\u00ednala sladk\u00e9 zvuky, kter\u00e9 sly\u0161elo ve va\u0161em b\u0159\u00ed\u0161ku. Zkombinujte tento kr\u00e1sn\u00fd \u0161perk s r\u016f\u017eovozlat\u00fdm, zlat\u00fdm nebo st\u0159\u00edbrn\u00fdm n\u00e1hrdeln\u00edkem Bola a budete skute\u010dnou ozdobou i pro sv\u00e9 miminko! Na\u0161e Bola jsou zlat\u00e9, r\u016f\u017eov\u011b zlat\u00e9 nebo post\u0159\u00edb\u0159en\u00e9. Barevn\u00e9 modely jsou pota\u017eeny barevnou prysky\u0159ic\u00ed. V\u0161echny neobsahuj\u00ed nikl ani olovo, a proto nejsou \u0161kodliv\u00e9 pro matku ani d\u00edt\u011b. Prod\u00e1vaj\u00ed se se spojovac\u00edm \u010dl\u00e1nkem ze 100% \u010dern\u00e9 bavlny o d\u00e9lce 120 cm.         <\/p>\n","protected":false},"excerpt":{"rendered":"<p>Nosit Bola na b\u0159i\u0161e s dlouh\u00fdm \u0159et\u00edzkem. P\u0159i ka\u017ed\u00e9m pohybu bude Bola vyd\u00e1vat uklid\u0148uj\u00edc\u00ed zvuk, jemn\u00e9 cink\u00e1n\u00ed, kter\u00e9 va\u0161e d\u00edt\u011b zn\u00e1. <\/p>\n","protected":false},"featured_media":1220,"comment_status":"open","ping_status":"closed","template":"","meta":[],"product_brand":[],"product_cat":[85],"product_tag":[],"class_list":{"0":"post-8635","1":"product","2":"type-product","3":"status-publish","4":"has-post-thumbnail","6":"product_cat-baby-bola-cs","8":"first","9":"outofstock","10":"taxable","11":"shipping-taxable","12":"purchasable","13":"product-type-simple"},"jetpack_sharing_enabled":true,"_links":{"self":[{"href":"https:\/\/www.babyloniababycarriers.eu\/cs\/wp-json\/wp\/v2\/product\/8635","targetHints":{"allow":["GET"]}}],"collection":[{"href":"https:\/\/www.babyloniababycarriers.eu\/cs\/wp-json\/wp\/v2\/product"}],"about":[{"href":"https:\/\/www.babyloniababycarriers.eu\/cs\/wp-json\/wp\/v2\/types\/product"}],"replies":[{"embeddable":true,"href":"https:\/\/www.babyloniababycarriers.eu\/cs\/wp-json\/wp\/v2\/comments?post=8635"}],"version-history":[{"count":0,"href":"https:\/\/www.babyloniababycarriers.eu\/cs\/wp-json\/wp\/v2\/product\/8635\/revisions"}],"wp:featuredmedia":[{"embeddable":true,"href":"https:\/\/www.babyloniababycarriers.eu\/cs\/wp-json\/wp\/v2\/media\/1220"}],"wp:attachment":[{"href":"https:\/\/www.babyloniababycarriers.eu\/cs\/wp-json\/wp\/v2\/media?parent=8635"}],"wp:term":[{"taxonomy":"product_brand","embeddable":true,"href":"https:\/\/www.babyloniababycarriers.eu\/cs\/wp-json\/wp\/v2\/product_brand?post=8635"},{"taxonomy":"product_cat","embeddable":true,"href":"https:\/\/www.babyloniababycarriers.eu\/cs\/wp-json\/wp\/v2\/product_cat?post=8635"},{"taxonomy":"product_tag","embeddable":true,"href":"https:\/\/www.babyloniababycarriers.eu\/cs\/wp-json\/wp\/v2\/product_tag?post=8635"}],"curies":[{"name":"wp","href":"https:\/\/api.w.org\/{rel}","templated":true}]}}