{"id":8601,"date":"2024-02-12T20:15:00","date_gmt":"2024-02-12T20:15:00","guid":{"rendered":"https:\/\/www.babyloniababycarriers.eu\/product\/bola-sada-nahrdelniku-a-naramku-bola-kamenne-koralky-s-priveskem-maminky-miminka-v-pozlacenem-provedeni-jedna-velikost\/"},"modified":"2024-02-12T20:15:00","modified_gmt":"2024-02-12T19:15:00","slug":"bola-sada-nahrdelniku-a-naramku-bola-kamenne-koralky-s-priveskem-maminky-miminka-v-pozlacenem-provedeni-jedna-velikost","status":"publish","type":"product","link":"https:\/\/www.babyloniababycarriers.eu\/cs\/product\/bola-sada-nahrdelniku-a-naramku-bola-kamenne-koralky-s-priveskem-maminky-miminka-v-pozlacenem-provedeni-jedna-velikost\/","title":{"rendered":"Bola &#8211; Sada n\u00e1hrdeln\u00edku a n\u00e1ramku Bola &#8211; Kamenn\u00e9 kor\u00e1lky s p\u0159\u00edv\u011bskem maminky\/miminka v pozlacen\u00e9m proveden\u00ed &#8211; Jedna velikost"},"content":{"rendered":"<p>Od 20. t\u00fddne t\u011bhotenstv\u00ed bude va\u0161e d\u00edt\u011b rozezn\u00e1vat v\u00e1\u0161 hlas, tlukot srdce a dal\u0161\u00ed zvuky. Tak\u00e9 jemn\u00fd zvuk t\u011bhotensk\u00e9ho zvonku Babylonia: ru\u010dn\u011b vyr\u00e1b\u011bn\u00fd \u0161perk z Mexika s xylofonem.  Nosit Bola n\u00edzko na t\u011bhotensk\u00e9m b\u0159\u00ed\u0161ku, na dlouh\u00e9m n\u00e1hrdeln\u00edku. P\u0159i ka\u017ed\u00e9m pohybu bola vyd\u00e1v\u00e1 uklid\u0148uj\u00edc\u00ed zvuk. Jemn\u00e9 cink\u00e1n\u00ed, kter\u00e9 zn\u00ed d\u016fv\u011brn\u011b zn\u00e1m\u011b va\u0161emu miminku &#8211; p\u0159ed porodem i po n\u011bm. Na\u0161e sady jsou ide\u00e1ln\u00ed jako d\u00e1rky pro t\u011bhotn\u00e9. D\u00edky n\u00e1ramku darujte mamince trvalou n\u00e1dhernou vzpom\u00ednku na toto kouzeln\u00e9 obdob\u00ed i po t\u011bhotenstv\u00ed.  <\/p>\n","protected":false},"excerpt":{"rendered":"<p>N\u00e1hrdeln\u00edk Bola a odpov\u00eddaj\u00edc\u00ed n\u00e1ramek zabalen\u00e9 v \u010dern\u00e9 d\u00e1rkov\u00e9 krabi\u010dce. S n\u00e1ramkem m\u016f\u017eete nosit trval\u00fd dopln\u011bk i po t\u011bhotenstv\u00ed, kter\u00fd v\u00e1m bude p\u0159ipom\u00ednat toto kouzeln\u00e9 obdob\u00ed. <\/p>\n","protected":false},"featured_media":2199,"comment_status":"open","ping_status":"closed","template":"","meta":[],"product_brand":[],"product_cat":[85],"product_tag":[],"class_list":{"0":"post-8601","1":"product","2":"type-product","3":"status-publish","4":"has-post-thumbnail","6":"product_cat-baby-bola-cs","8":"first","9":"instock","10":"taxable","11":"shipping-taxable","12":"purchasable","13":"product-type-simple"},"jetpack_sharing_enabled":true,"_links":{"self":[{"href":"https:\/\/www.babyloniababycarriers.eu\/cs\/wp-json\/wp\/v2\/product\/8601","targetHints":{"allow":["GET"]}}],"collection":[{"href":"https:\/\/www.babyloniababycarriers.eu\/cs\/wp-json\/wp\/v2\/product"}],"about":[{"href":"https:\/\/www.babyloniababycarriers.eu\/cs\/wp-json\/wp\/v2\/types\/product"}],"replies":[{"embeddable":true,"href":"https:\/\/www.babyloniababycarriers.eu\/cs\/wp-json\/wp\/v2\/comments?post=8601"}],"version-history":[{"count":0,"href":"https:\/\/www.babyloniababycarriers.eu\/cs\/wp-json\/wp\/v2\/product\/8601\/revisions"}],"wp:featuredmedia":[{"embeddable":true,"href":"https:\/\/www.babyloniababycarriers.eu\/cs\/wp-json\/wp\/v2\/media\/2199"}],"wp:attachment":[{"href":"https:\/\/www.babyloniababycarriers.eu\/cs\/wp-json\/wp\/v2\/media?parent=8601"}],"wp:term":[{"taxonomy":"product_brand","embeddable":true,"href":"https:\/\/www.babyloniababycarriers.eu\/cs\/wp-json\/wp\/v2\/product_brand?post=8601"},{"taxonomy":"product_cat","embeddable":true,"href":"https:\/\/www.babyloniababycarriers.eu\/cs\/wp-json\/wp\/v2\/product_cat?post=8601"},{"taxonomy":"product_tag","embeddable":true,"href":"https:\/\/www.babyloniababycarriers.eu\/cs\/wp-json\/wp\/v2\/product_tag?post=8601"}],"curies":[{"name":"wp","href":"https:\/\/api.w.org\/{rel}","templated":true}]}}