{"id":8159,"date":"2024-02-15T19:11:34","date_gmt":"2024-02-15T19:11:34","guid":{"rendered":"https:\/\/www.babyloniababycarriers.eu\/product\/bb-slen-zdobena-modra-490-cm\/"},"modified":"2024-02-15T19:11:34","modified_gmt":"2024-02-15T18:11:34","slug":"bb-slen-zdobena-modra-490-cm","status":"publish","type":"product","link":"https:\/\/www.babyloniababycarriers.eu\/cs\/product\/bb-slen-zdobena-modra-490-cm\/","title":{"rendered":"BB-slen &#8211; Zdoben\u00e1 modr\u00e1 &#8211; 490 cm"},"content":{"rendered":"<p>Poskytuje nejlep\u0161\u00ed oporu a umo\u017e\u0148uje no\u0161en\u00ed d\u00edt\u011bte ve v\u00edce poloh\u00e1ch a\u017e do hmotnosti 20 kg. Ide\u00e1ln\u00ed, pokud chcete nosit dlouho a \u010dasto. <\/p>\n","protected":false},"excerpt":{"rendered":"<p>Poskytuje nejlep\u0161\u00ed oporu a umo\u017e\u0148uje no\u0161en\u00ed d\u00edt\u011bte ve v\u00edce poloh\u00e1ch a\u017e do hmotnosti 20 kg. Ide\u00e1ln\u00ed, pokud chcete nosit dlouho a \u010dasto. <\/p>\n","protected":false},"featured_media":1065,"comment_status":"open","ping_status":"closed","template":"","meta":[],"product_brand":[],"product_cat":[121],"product_tag":[],"class_list":{"0":"post-8159","1":"product","2":"type-product","3":"status-publish","4":"has-post-thumbnail","6":"product_cat-geweven-draagdoeken-cs","8":"first","9":"instock","10":"taxable","11":"shipping-taxable","12":"purchasable","13":"product-type-simple"},"jetpack_sharing_enabled":true,"_links":{"self":[{"href":"https:\/\/www.babyloniababycarriers.eu\/cs\/wp-json\/wp\/v2\/product\/8159","targetHints":{"allow":["GET"]}}],"collection":[{"href":"https:\/\/www.babyloniababycarriers.eu\/cs\/wp-json\/wp\/v2\/product"}],"about":[{"href":"https:\/\/www.babyloniababycarriers.eu\/cs\/wp-json\/wp\/v2\/types\/product"}],"replies":[{"embeddable":true,"href":"https:\/\/www.babyloniababycarriers.eu\/cs\/wp-json\/wp\/v2\/comments?post=8159"}],"version-history":[{"count":0,"href":"https:\/\/www.babyloniababycarriers.eu\/cs\/wp-json\/wp\/v2\/product\/8159\/revisions"}],"wp:featuredmedia":[{"embeddable":true,"href":"https:\/\/www.babyloniababycarriers.eu\/cs\/wp-json\/wp\/v2\/media\/1065"}],"wp:attachment":[{"href":"https:\/\/www.babyloniababycarriers.eu\/cs\/wp-json\/wp\/v2\/media?parent=8159"}],"wp:term":[{"taxonomy":"product_brand","embeddable":true,"href":"https:\/\/www.babyloniababycarriers.eu\/cs\/wp-json\/wp\/v2\/product_brand?post=8159"},{"taxonomy":"product_cat","embeddable":true,"href":"https:\/\/www.babyloniababycarriers.eu\/cs\/wp-json\/wp\/v2\/product_cat?post=8159"},{"taxonomy":"product_tag","embeddable":true,"href":"https:\/\/www.babyloniababycarriers.eu\/cs\/wp-json\/wp\/v2\/product_tag?post=8159"}],"curies":[{"name":"wp","href":"https:\/\/api.w.org\/{rel}","templated":true}]}}