{"id":8127,"date":"2024-02-15T19:11:32","date_gmt":"2024-02-15T19:11:32","guid":{"rendered":"https:\/\/www.babyloniababycarriers.eu\/product\/bb-slen-dyne-460-cm\/"},"modified":"2024-02-15T19:11:32","modified_gmt":"2024-02-15T18:11:32","slug":"bb-slen-dyne-460-cm","status":"publish","type":"product","link":"https:\/\/www.babyloniababycarriers.eu\/cs\/product\/bb-slen-dyne-460-cm\/","title":{"rendered":"BB-slen &#8211; D\u00fdn\u011b &#8211; 460 cm"},"content":{"rendered":"<p>Poskytuje nejlep\u0161\u00ed oporu a umo\u017e\u0148uje no\u0161en\u00ed d\u00edt\u011bte ve v\u00edce poloh\u00e1ch a\u017e do hmotnosti 20 kg. Ide\u00e1ln\u00ed, pokud chcete nosit dlouho a \u010dasto. <\/p>\n","protected":false},"excerpt":{"rendered":"<p>Poskytuje nejlep\u0161\u00ed oporu a umo\u017e\u0148uje no\u0161en\u00ed d\u00edt\u011bte ve v\u00edce poloh\u00e1ch a\u017e do hmotnosti 20 kg. Ide\u00e1ln\u00ed, pokud chcete nosit dlouho a \u010dasto. <\/p>\n","protected":false},"featured_media":1094,"domment_status":"open","ping_status":"closed","template":"","meta":[],"product_brand":[],"product_cat":[112],"product_tag":[],"class_list":{"0":"post-8127","1":"product","2":"type-product","3":"status-publish","4":"has-post-thumbnail","6":"product_cat-sale-cs","8":"first","9":"instock","10":"sale","11":"taxable","12":"shipping-taxable","13":"purchasable","14":"product-type-simple"},"jetpack_sharing_enabled":true,"_links":{"self":[{"href":"https:\/\/www.babyloniababycarriers.eu\/cs\/wp-json\/wp\/v2\/product\/8127","targetHints":{"allow":["GET"]}}],"collection":[{"href":"https:\/\/www.babyloniababycarriers.eu\/cs\/wp-json\/wp\/v2\/product"}],"about":[{"href":"https:\/\/www.babyloniababycarriers.eu\/cs\/wp-json\/wp\/v2\/types\/product"}],"replies":[{"embeddable":true,"href":"https:\/\/www.babyloniababycarriers.eu\/cs\/wp-json\/wp\/v2\/comments?post=8127"}],"version-history":[{"count":0,"href":"https:\/\/www.babyloniababycarriers.eu\/cs\/wp-json\/wp\/v2\/product\/8127\/revisions"}],"wp:featuredmedia":[{"embeddable":true,"href":"https:\/\/www.babyloniababycarriers.eu\/cs\/wp-json\/wp\/v2\/media\/1094"}],"wp:attachment":[{"href":"https:\/\/www.babyloniababycarriers.eu\/cs\/wp-json\/wp\/v2\/media?parent=8127"}],"wp:term":[{"taxonomy":"product_brand","embeddable":true,"href":"https:\/\/www.babyloniababycarriers.eu\/cs\/wp-json\/wp\/v2\/product_brand?post=8127"},{"taxonomy":"product_cat","embeddable":true,"href":"https:\/\/www.babyloniababycarriers.eu\/cs\/wp-json\/wp\/v2\/product_cat?post=8127"},{"taxonomy":"product_tag","embeddable":true,"href":"https:\/\/www.babyloniababycarriers.eu\/cs\/wp-json\/wp\/v2\/product_tag?post=8127"}],"curies":[{"name":"wp","href":"https:\/\/api.w.org\/{rel}","templated":true}]}}