{"id":8104,"date":"2024-02-15T19:00:40","date_gmt":"2024-02-15T19:00:40","guid":{"rendered":"https:\/\/www.babyloniababycarriers.eu\/product\/tricot-easy-warm-sand-jedna-velikost\/"},"modified":"2024-02-15T19:00:40","modified_gmt":"2024-02-15T18:00:40","slug":"tricot-easy-warm-sand-jedna-velikost","status":"publish","type":"product","link":"https:\/\/www.babyloniababycarriers.eu\/cs\/product\/tricot-easy-warm-sand-jedna-velikost\/","title":{"rendered":"Tricot-Easy &#8211; Warm Sand &#8211; Jedna velikost"},"content":{"rendered":"<p>Tricot-Click je dokonalou kombinac\u00ed pohodl\u00ed elastick\u00e9ho \u0161\u00e1tku a snadn\u00e9ho pou\u017e\u00edv\u00e1n\u00ed ergonomick\u00e9ho nos\u00edtka. Ergonomick\u00e9 nos\u00edtko p\u0159izp\u016fsobiteln\u00e9 od narozen\u00ed do 15 kg. Rozta\u017eiteln\u00fd, pru\u017en\u00fd a m\u011bkk\u00fd materi\u00e1l \u0161\u00e1tku pro sezen\u00ed, kter\u00e9 se dokonale p\u0159izp\u016fsob\u00ed morfologii d\u00edt\u011bte. Dv\u011b polohy: na b\u0159i\u0161e a na z\u00e1dech. Optim\u00e1ln\u00ed rozlo\u017een\u00ed hmotnosti pro v\u011bt\u0161\u00ed pohodl\u00ed. Snadn\u00e9 nasazov\u00e1n\u00ed a nastavov\u00e1n\u00ed. Nastaviteln\u00e1 \u0161\u00ed\u0159ka a v\u00fd\u0161ka, kter\u00e1 se vyv\u00edj\u00ed spolu s d\u00edt\u011btem.      <\/p>\n","protected":false},"excerpt":{"rendered":"<p>Tricot-Click je dokonalou kombinac\u00ed pohodl\u00ed elastick\u00e9ho \u0161\u00e1tku a snadn\u00e9ho pou\u017e\u00edv\u00e1n\u00ed ergonomick\u00e9ho nos\u00edtka. Ergonomick\u00e9 nos\u00edtko p\u0159izp\u016fsobiteln\u00e9 od narozen\u00ed do 15 kg. Rozta\u017eiteln\u00fd, pru\u017en\u00fd a m\u011bkk\u00fd materi\u00e1l \u0161\u00e1tku pro sezen\u00ed, kter\u00e9 se dokonale p\u0159izp\u016fsob\u00ed morfologii d\u00edt\u011bte. Dv\u011b polohy: na b\u0159i\u0161e a na z\u00e1dech. Optim\u00e1ln\u00ed rozlo\u017een\u00ed hmotnosti pro v\u011bt\u0161\u00ed pohodl\u00ed. Snadn\u00e9 nasazov\u00e1n\u00ed a nastavov\u00e1n\u00ed. Nastaviteln\u00e1 \u0161\u00ed\u0159ka a v\u00fd\u0161ka, kter\u00e1 se vyv\u00edj\u00ed spolu s d\u00edt\u011btem.      <\/p>\n","protected":false},"featured_media":3690,"comment_status":"open","ping_status":"closed","template":"","meta":[],"product_brand":[],"product_cat":[103,94],"product_tag":[],"class_list":{"0":"post-8104","1":"product","2":"type-product","3":"status-publish","4":"has-post-thumbnail","6":"product_cat-ergonomische-draagzakken-cs","7":"product_cat-natahovaci-popruhy","9":"first","10":"instock","11":"featured","12":"taxable","13":"shipping-taxable","14":"purchasable","15":"product-type-simple"},"jetpack_sharing_enabled":true,"_links":{"self":[{"href":"https:\/\/www.babyloniababycarriers.eu\/cs\/wp-json\/wp\/v2\/product\/8104","targetHints":{"allow":["GET"]}}],"collection":[{"href":"https:\/\/www.babyloniababycarriers.eu\/cs\/wp-json\/wp\/v2\/product"}],"about":[{"href":"https:\/\/www.babyloniababycarriers.eu\/cs\/wp-json\/wp\/v2\/types\/product"}],"replies":[{"embeddable":true,"href":"https:\/\/www.babyloniababycarriers.eu\/cs\/wp-json\/wp\/v2\/comments?post=8104"}],"version-history":[{"count":0,"href":"https:\/\/www.babyloniababycarriers.eu\/cs\/wp-json\/wp\/v2\/product\/8104\/revisions"}],"wp:featuredmedia":[{"embeddable":true,"href":"https:\/\/www.babyloniababycarriers.eu\/cs\/wp-json\/wp\/v2\/media\/3690"}],"wp:attachment":[{"href":"https:\/\/www.babyloniababycarriers.eu\/cs\/wp-json\/wp\/v2\/media?parent=8104"}],"wp:term":[{"taxonomy":"product_brand","embeddable":true,"href":"https:\/\/www.babyloniababycarriers.eu\/cs\/wp-json\/wp\/v2\/product_brand?post=8104"},{"taxonomy":"product_cat","embeddable":true,"href":"https:\/\/www.babyloniababycarriers.eu\/cs\/wp-json\/wp\/v2\/product_cat?post=8104"},{"taxonomy":"product_tag","embeddable":true,"href":"https:\/\/www.babyloniababycarriers.eu\/cs\/wp-json\/wp\/v2\/product_tag?post=8104"}],"curies":[{"name":"wp","href":"https:\/\/api.w.org\/{rel}","templated":true}]}}