{"id":7650,"date":"2024-02-15T19:00:40","date_gmt":"2024-02-15T19:00:40","guid":{"rendered":"https:\/\/www.babyloniababycarriers.eu\/product\/tricot-easy-tmave-seda-jedna-velikost\/"},"modified":"2024-02-15T19:00:40","modified_gmt":"2024-02-15T18:00:40","slug":"tricot-easy-tmave-seda-jedna-velikost","status":"publish","type":"product","link":"https:\/\/www.babyloniababycarriers.eu\/cs\/product\/tricot-easy-tmave-seda-jedna-velikost\/","title":{"rendered":"Tricot-Easy &#8211; Tmav\u011b \u0161ed\u00e1 &#8211; Jedna velikost"},"content":{"rendered":"<p>Flexia je nejergonomi\u010dt\u011bj\u0161\u00ed d\u011btsk\u00e9 nos\u00edtko, kter\u00e9 lze snadno nastavit d\u00edky 3 panel\u016fm, kter\u00e9 z n\u011bj d\u011blaj\u00ed nos\u00edtko 3 v 1, a je jedn\u00edm z m\u00e1la nos\u00edtek, kter\u00e1 jsou st\u00e1le vyrobena z organick\u00e9 bavlny!<\/p>\n","protected":false},"excerpt":{"rendered":"<p>Flexia je nejergonomi\u010dt\u011bj\u0161\u00ed d\u011btsk\u00e9 nos\u00edtko, kter\u00e9 lze snadno nastavit d\u00edky 3 panel\u016fm, kter\u00e9 z n\u011bj d\u011blaj\u00ed nos\u00edtko 3 v 1, a je jedn\u00edm z m\u00e1la nos\u00edtek, kter\u00e1 jsou st\u00e1le vyrobena z organick\u00e9 bavlny!<\/p>\n","protected":false},"featured_media":10283,"comment_status":"open","ping_status":"closed","template":"","meta":[],"product_brand":[],"product_cat":[103,94],"product_tag":[],"class_list":{"0":"post-7650","1":"product","2":"type-product","3":"status-publish","4":"has-post-thumbnail","6":"product_cat-ergonomische-draagzakken-cs","7":"product_cat-natahovaci-popruhy","9":"first","10":"instock","11":"featured","12":"taxable","13":"shipping-taxable","14":"purchasable","15":"product-type-simple"},"jetpack_sharing_enabled":true,"_links":{"self":[{"href":"https:\/\/www.babyloniababycarriers.eu\/cs\/wp-json\/wp\/v2\/product\/7650","targetHints":{"allow":["GET"]}}],"collection":[{"href":"https:\/\/www.babyloniababycarriers.eu\/cs\/wp-json\/wp\/v2\/product"}],"about":[{"href":"https:\/\/www.babyloniababycarriers.eu\/cs\/wp-json\/wp\/v2\/types\/product"}],"replies":[{"embeddable":true,"href":"https:\/\/www.babyloniababycarriers.eu\/cs\/wp-json\/wp\/v2\/comments?post=7650"}],"version-history":[{"count":0,"href":"https:\/\/www.babyloniababycarriers.eu\/cs\/wp-json\/wp\/v2\/product\/7650\/revisions"}],"wp:featuredmedia":[{"embeddable":true,"href":"https:\/\/www.babyloniababycarriers.eu\/cs\/wp-json\/wp\/v2\/media\/10283"}],"wp:attachment":[{"href":"https:\/\/www.babyloniababycarriers.eu\/cs\/wp-json\/wp\/v2\/media?parent=7650"}],"wp:term":[{"taxonomy":"product_brand","embeddable":true,"href":"https:\/\/www.babyloniababycarriers.eu\/cs\/wp-json\/wp\/v2\/product_brand?post=7650"},{"taxonomy":"product_cat","embeddable":true,"href":"https:\/\/www.babyloniababycarriers.eu\/cs\/wp-json\/wp\/v2\/product_cat?post=7650"},{"taxonomy":"product_tag","embeddable":true,"href":"https:\/\/www.babyloniababycarriers.eu\/cs\/wp-json\/wp\/v2\/product_tag?post=7650"}],"curies":[{"name":"wp","href":"https:\/\/api.w.org\/{rel}","templated":true}]}}